{"id":330,"date":"2022-08-17T02:32:49","date_gmt":"2022-08-17T02:32:49","guid":{"rendered":"https:\/\/portalhj.com\/?page_id=330"},"modified":"2022-10-27T15:21:49","modified_gmt":"2022-10-27T15:21:49","slug":"chung-ta-la-ai","status":"publish","type":"page","link":"https:\/\/portalhj.com\/vi\/chung-ta-la-ai\/","title":{"rendered":"Ch\u00fang ta l\u00e0 ai"},"content":{"rendered":"<p>M\u1ee5c ti\u00eau ch\u00ednh c\u1ee7a Portal Hoje l\u00e0 mang l\u1ea1i th\u00f4ng tin ch\u1ea5t l\u01b0\u1ee3ng cho c\u00f4ng ch\u00fang.<\/p>\n<p>V\u1edbi m\u1ed9t s\u1ed1 danh m\u1ee5c trong trang web c\u1ee7a m\u00ecnh, ch\u00fang t\u00f4i t\u1eadp trung v\u00e0o vi\u1ec7c s\u1eed d\u1ee5ng hi\u1ec7u qu\u1ea3 c\u00f4ng ngh\u1ec7 \u0111\u1ec3 mang ki\u1ebfn th\u1ee9c \u0111\u1ebfn to\u00e0n b\u1ed9 l\u00e3nh th\u1ed5 Brazil.<\/p>\n<p>Ng\u00e0y nay c\u00f4ng ngh\u1ec7 c\u00f3 m\u1eb7t \u1edf m\u1ecdi n\u01a1i, \u0111\u1eb7c bi\u1ec7t tr\u00ean thi\u1ebft b\u1ecb di \u0111\u1ed9ng. Do \u0111\u00f3, trang web c\u1ee7a ch\u00fang t\u00f4i \u0111\u01b0\u1ee3c \u0111i\u1ec1u ch\u1ec9nh \u0111\u1ec3 b\u1ea1n c\u00f3 th\u1ec3 s\u1eed d\u1ee5ng v\u00e0 thu th\u1eadp ki\u1ebfn th\u1ee9c m\u1ecdi l\u00fac m\u1ecdi n\u01a1i.<\/p>\n<p>H\u01a1n n\u1eefa, ch\u00fang t\u00f4i lu\u00f4n t\u00ecm ki\u1ebfm th\u00f4ng tin th\u1ef1c s\u1ef1. V\u00ec v\u1eady, ch\u00fang t\u00f4i li\u00ean t\u1ee5c ch\u1ed1ng l\u1ea1i \u201cTin gi\u1ea3\u201d n\u1ed5i ti\u1ebfng.<\/p>\n<p>M\u1ed7i ng\u00e0y b\u1ea1n c\u00f3 th\u1ec3 t\u00ecm th\u1ea5y nh\u1eefng b\u00e0i vi\u1ebft m\u1edbi \u0111\u01b0\u1ee3c vi\u1ebft b\u1edfi nh\u1eefng ng\u01b0\u1eddi vi\u1ebft ch\u1ea5t l\u01b0\u1ee3ng, nh\u1eefng ng\u01b0\u1eddi c\u00f3 ki\u1ebfn th\u1ee9c v\u1ec1 ch\u1ee7 \u0111\u1ec1 \u0111\u01b0\u1ee3c \u0111\u1ec1 c\u1eadp.<\/p>","protected":false},"excerpt":{"rendered":"<p>O Portal Hoje tem como principal objetivo trazer informa\u00e7\u00f5es de qualidade para o p\u00fablico em geral. Com v\u00e1rias categorias dentro de nosso site, estamos focados em fazer um bom uso da tecnologia para levar conhecimento para todo o territ\u00f3rio brasileiro. Hoje a tecnologia est\u00e1 em todo lugar, principalmente nos dispositivos m\u00f3veis. Por isso, o nosso [&hellip;]<\/p>","protected":false},"author":1,"featured_media":0,"parent":0,"menu_order":0,"comment_status":"closed","ping_status":"closed","template":"","meta":{"footnotes":""},"class_list":["post-330","page","type-page","status-publish"],"yoast_head":"<!-- This site is optimized with the Yoast SEO plugin v26.4 - https:\/\/yoast.com\/wordpress\/plugins\/seo\/ -->\n<title>Quem Somos - Portal<\/title>\n<meta name=\"robots\" content=\"index, follow, max-snippet:-1, max-image-preview:large, max-video-preview:-1\" \/>\n<link rel=\"canonical\" href=\"https:\/\/portalhj.com\/vi\/chung-ta-la-ai\/\" \/>\n<meta property=\"og:locale\" content=\"vi_VN\" \/>\n<meta property=\"og:type\" content=\"article\" \/>\n<meta property=\"og:title\" content=\"Quem Somos - Portal\" \/>\n<meta property=\"og:description\" content=\"O Portal Hoje tem como principal objetivo trazer informa\u00e7\u00f5es de qualidade para o p\u00fablico em geral. Com v\u00e1rias categorias dentro de nosso site, estamos focados em fazer um bom uso da tecnologia para levar conhecimento para todo o territ\u00f3rio brasileiro. Hoje a tecnologia est\u00e1 em todo lugar, principalmente nos dispositivos m\u00f3veis. Por isso, o nosso [&hellip;]\" \/>\n<meta property=\"og:url\" content=\"https:\/\/portalhj.com\/vi\/chung-ta-la-ai\/\" \/>\n<meta property=\"og:site_name\" content=\"Portal\" \/>\n<meta property=\"article:modified_time\" content=\"2022-10-27T15:21:49+00:00\" \/>\n<meta name=\"twitter:card\" content=\"summary_large_image\" \/>\n<meta name=\"twitter:label1\" content=\"\u01af\u1edbc t\u00ednh th\u1eddi gian \u0111\u1ecdc\" \/>\n\t<meta name=\"twitter:data1\" content=\"1 ph\u00fat\" \/>\n<script type=\"application\/ld+json\" class=\"yoast-schema-graph\">{\"@context\":\"https:\/\/schema.org\",\"@graph\":[{\"@type\":\"WebPage\",\"@id\":\"https:\/\/portalhj.com\/quem-somos\/\",\"url\":\"https:\/\/portalhj.com\/quem-somos\/\",\"name\":\"Quem Somos - Portal\",\"isPartOf\":{\"@id\":\"https:\/\/portalhj.com\/#website\"},\"datePublished\":\"2022-08-17T02:32:49+00:00\",\"dateModified\":\"2022-10-27T15:21:49+00:00\",\"breadcrumb\":{\"@id\":\"https:\/\/portalhj.com\/quem-somos\/#breadcrumb\"},\"inLanguage\":\"vi\",\"potentialAction\":[{\"@type\":\"ReadAction\",\"target\":[\"https:\/\/portalhj.com\/quem-somos\/\"]}]},{\"@type\":\"BreadcrumbList\",\"@id\":\"https:\/\/portalhj.com\/quem-somos\/#breadcrumb\",\"itemListElement\":[{\"@type\":\"ListItem\",\"position\":1,\"name\":\"In\u00edcio\",\"item\":\"https:\/\/portalhj.com\/\"},{\"@type\":\"ListItem\",\"position\":2,\"name\":\"Quem Somos\"}]},{\"@type\":\"WebSite\",\"@id\":\"https:\/\/portalhj.com\/#website\",\"url\":\"https:\/\/portalhj.com\/\",\"name\":\"Portal\",\"description\":\"Portal Informa\u00e7\u00e3o!\",\"potentialAction\":[{\"@type\":\"SearchAction\",\"target\":{\"@type\":\"EntryPoint\",\"urlTemplate\":\"https:\/\/portalhj.com\/?s={search_term_string}\"},\"query-input\":{\"@type\":\"PropertyValueSpecification\",\"valueRequired\":true,\"valueName\":\"search_term_string\"}}],\"inLanguage\":\"vi\"}]}<\/script>\n<!-- \/ Yoast SEO plugin. -->","yoast_head_json":{"title":"Ch\u00fang t\u00f4i l\u00e0 ai - C\u1ed5ng th\u00f4ng tin","robots":{"index":"index","follow":"follow","max-snippet":"max-snippet:-1","max-image-preview":"max-image-preview:large","max-video-preview":"max-video-preview:-1"},"canonical":"https:\/\/portalhj.com\/vi\/chung-ta-la-ai\/","og_locale":"vi_VN","og_type":"article","og_title":"Quem Somos - Portal","og_description":"O Portal Hoje tem como principal objetivo trazer informa\u00e7\u00f5es de qualidade para o p\u00fablico em geral. Com v\u00e1rias categorias dentro de nosso site, estamos focados em fazer um bom uso da tecnologia para levar conhecimento para todo o territ\u00f3rio brasileiro. Hoje a tecnologia est\u00e1 em todo lugar, principalmente nos dispositivos m\u00f3veis. Por isso, o nosso [&hellip;]","og_url":"https:\/\/portalhj.com\/vi\/chung-ta-la-ai\/","og_site_name":"Portal","article_modified_time":"2022-10-27T15:21:49+00:00","twitter_card":"summary_large_image","twitter_misc":{"\u01af\u1edbc t\u00ednh th\u1eddi gian \u0111\u1ecdc":"1 ph\u00fat"},"schema":{"@context":"https:\/\/schema.org","@graph":[{"@type":"WebPage","@id":"https:\/\/portalhj.com\/quem-somos\/","url":"https:\/\/portalhj.com\/quem-somos\/","name":"Ch\u00fang t\u00f4i l\u00e0 ai - C\u1ed5ng th\u00f4ng tin","isPartOf":{"@id":"https:\/\/portalhj.com\/#website"},"datePublished":"2022-08-17T02:32:49+00:00","dateModified":"2022-10-27T15:21:49+00:00","breadcrumb":{"@id":"https:\/\/portalhj.com\/quem-somos\/#breadcrumb"},"inLanguage":"vi","potentialAction":[{"@type":"ReadAction","target":["https:\/\/portalhj.com\/quem-somos\/"]}]},{"@type":"BreadcrumbList","@id":"https:\/\/portalhj.com\/quem-somos\/#breadcrumb","itemListElement":[{"@type":"ListItem","position":1,"name":"In\u00edcio","item":"https:\/\/portalhj.com\/"},{"@type":"ListItem","position":2,"name":"Quem Somos"}]},{"@type":"WebSite","@id":"https:\/\/portalhj.com\/#website","url":"https:\/\/portalhj.com\/","name":"C\u1ed5ng th\u00f4ng tin","description":"C\u1ed5ng th\u00f4ng tin!","potentialAction":[{"@type":"SearchAction","target":{"@type":"EntryPoint","urlTemplate":"https:\/\/portalhj.com\/?s={search_term_string}"},"query-input":{"@type":"PropertyValueSpecification","valueRequired":true,"valueName":"search_term_string"}}],"inLanguage":"vi"}]}},"_links":{"self":[{"href":"https:\/\/portalhj.com\/vi\/wp-json\/wp\/v2\/pages\/330","targetHints":{"allow":["GET"]}}],"collection":[{"href":"https:\/\/portalhj.com\/vi\/wp-json\/wp\/v2\/pages"}],"about":[{"href":"https:\/\/portalhj.com\/vi\/wp-json\/wp\/v2\/types\/page"}],"author":[{"embeddable":true,"href":"https:\/\/portalhj.com\/vi\/wp-json\/wp\/v2\/users\/1"}],"replies":[{"embeddable":true,"href":"https:\/\/portalhj.com\/vi\/wp-json\/wp\/v2\/comments?post=330"}],"version-history":[{"count":0,"href":"https:\/\/portalhj.com\/vi\/wp-json\/wp\/v2\/pages\/330\/revisions"}],"wp:attachment":[{"href":"https:\/\/portalhj.com\/vi\/wp-json\/wp\/v2\/media?parent=330"}],"curies":[{"name":"wp","href":"https:\/\/api.w.org\/{rel}","templated":true}]}}