{"id":326,"date":"2022-08-17T02:29:43","date_gmt":"2022-08-17T02:29:43","guid":{"rendered":"https:\/\/portalhj.com\/?page_id=326"},"modified":"2023-06-28T02:36:03","modified_gmt":"2023-06-28T02:36:03","slug":"chinh-sach-bao-mat","status":"publish","type":"page","link":"https:\/\/portalhj.com\/vi\/chinh-sach-bao-mat\/","title":{"rendered":"Ch\u00ednh s\u00e1ch b\u1ea3o m\u1eadt"},"content":{"rendered":"<p>Portal Hoje c\u00f3 tr\u00e1ch nhi\u1ec7m t\u1ed1i \u0111a trong vi\u1ec7c ch\u0103m s\u00f3c d\u1eef li\u1ec7u c\u1ee7a b\u1ea1n. Do \u0111\u00f3, tr\u00ean trang n\u00e0y, b\u1ea1n c\u00f3 th\u1ec3 t\u00ecm th\u1ea5y m\u1ecdi th\u1ee9 b\u1ea1n c\u1ea7n bi\u1ebft v\u1ec1 ch\u00ednh s\u00e1ch quy\u1ec1n ri\u00eang t\u01b0 v\u00e0 cookie.<\/p>\n<p>\u0110i\u1ec1u quan tr\u1ecdng l\u00e0 b\u1ea1n ph\u1ea3i \u0111\u1ecdc k\u1ef9 t\u1ea5t c\u1ea3 c\u00e1c \u0111i\u1ec3m \u0111\u01b0\u1ee3c \u0111\u1ec1 c\u1eadp tr\u00ean trang n\u00e0y. N\u1ebfu b\u1ea1n kh\u00f4ng \u0111\u1ed3ng \u00fd v\u1edbi b\u1ea5t k\u1ef3 \u0111i\u1ec3m n\u00e0o, t\u00f4i kh\u00f4ng s\u1eed d\u1ee5ng trang web n\u00e0y.<\/p>\n<p>Ch\u00fang t\u00f4i s\u1ebd kh\u00f4ng s\u1eed d\u1ee5ng ho\u1eb7c chia s\u1ebb th\u00f4ng tin c\u1ee7a b\u1ea1n v\u1edbi b\u1ea5t k\u1ef3 ai ngo\u1ea1i tr\u1eeb nh\u1eefng tr\u01b0\u1eddng h\u1ee3p \u0111\u01b0\u1ee3c m\u00f4 t\u1ea3 trong Ch\u00ednh s\u00e1ch quy\u1ec1n ri\u00eang t\u01b0 n\u00e0y.<\/p>\n<h3>Qu\u1ea3ng c\u00e1o \u0111\u01b0\u1ee3c c\u00e1 nh\u00e2n h\u00f3a<\/h3>\n<p>Ng\u01b0\u1eddi d\u00f9ng c\u00f3 th\u1ec3 t\u1eeb ch\u1ed1i qu\u1ea3ng c\u00e1o \u0111\u01b0\u1ee3c c\u00e1 nh\u00e2n h\u00f3a b\u1eb1ng c\u00e1ch truy c\u1eadp <a href=\"https:\/\/adssettings.google.com\/authenticated\">C\u00e0i \u0111\u1eb7t qu\u1ea3ng c\u00e1o<\/a>. Ngo\u00e0i ra, b\u1ea1n c\u00f3 th\u1ec3 h\u01b0\u1edbng ng\u01b0\u1eddi d\u00f9ng truy c\u1eadp trang web <a href=\"https:\/\/optout.aboutads.info\/?c=2&amp;lang=ES\">www.aboutads.info<\/a> \u0111\u1ec3 v\u00f4 hi\u1ec7u h\u00f3a vi\u1ec7c s\u1eed d\u1ee5ng cookie qu\u1ea3ng c\u00e1o \u0111\u01b0\u1ee3c c\u00e1 nh\u00e2n h\u00f3a c\u1ee7a b\u00ean th\u1ee9 ba.<\/p>\n<h3>Thu th\u1eadp v\u00e0 s\u1eed d\u1ee5ng th\u00f4ng tin<\/h3>\n<p>Trong khi s\u1eed d\u1ee5ng trang web, b\u1ea1n c\u00f3 th\u1ec3 \u0111\u01b0\u1ee3c y\u00eau c\u1ea7u \u0111i\u1ec1n m\u1ed9t s\u1ed1 th\u00f4ng tin c\u00e1 nh\u00e2n v\u1ec1 b\u1ea3n th\u00e2n. \u0110\u00e2y c\u00f3 th\u1ec3 l\u00e0 t\u00ean, s\u1ed1 \u0111i\u1ec7n tho\u1ea1i v\u00e0 \u0111\u1ecba ch\u1ec9 c\u1ee7a b\u1ea1n. Ch\u00fang s\u1ebd kh\u00f4ng \u0111\u01b0\u1ee3c s\u1eed d\u1ee5ng cho b\u1ea5t k\u1ef3 m\u1ee5c \u0111\u00edch n\u00e0o kh\u00e1c ngo\u00e0i vi\u1ec7c li\u00ean h\u1ec7 v\u1edbi b\u1ea1n ho\u1eb7c \u0111\u1ec3 x\u00e1c \u0111\u1ecbnh s\u1edf th\u00edch s\u1eed d\u1ee5ng c\u1ee7a b\u1ea1n trong khi duy\u1ec7t trang web.<\/p>\n<h3>B\u00e1nh quy<\/h3>\n<p>Cookie l\u00e0 c\u00e1c t\u1ec7p ch\u1ee9a c\u00e1c t\u1eadp h\u1ee3p d\u1eef li\u1ec7u nh\u1ecf (v\u00ed d\u1ee5: t\u00ean ng\u01b0\u1eddi d\u00f9ng v\u00e0 m\u1eadt kh\u1ea9u) \u0111\u01b0\u1ee3c trao \u0111\u1ed5i gi\u1eefa m\u00e1y t\u00ednh c\u1ee7a ng\u01b0\u1eddi d\u00f9ng v\u00e0 m\u00e1y ch\u1ee7 web \u0111\u1ec3 x\u00e1c \u0111\u1ecbnh m\u1ed9t s\u1ed1 ng\u01b0\u1eddi d\u00f9ng nh\u1ea5t \u0111\u1ecbnh v\u00e0 c\u1ea3i thi\u1ec7n tr\u1ea3i nghi\u1ec7m duy\u1ec7t web c\u1ee7a h\u1ecd.<\/p>\n<p>V\u00ed d\u1ee5: cookie cho ph\u00e9p c\u00e1c trang web nh\u1eadn ra ng\u01b0\u1eddi d\u00f9ng v\u00e0 ghi nh\u1edb th\u00f4ng tin \u0111\u0103ng nh\u1eadp c\u0169ng nh\u01b0 t\u00f9y ch\u1ecdn c\u1ee7a h\u1ecd.<\/p>\n<p>Cookie \u0111\u01b0\u1ee3c t\u1ea1o khi ng\u01b0\u1eddi d\u00f9ng truy c\u1eadp m\u1ed9t trang web m\u1edbi.<\/p>\n<p>N\u1ebfu b\u1ea1n ch\u1ecdn t\u1eeb ch\u1ed1i cookie c\u1ee7a ch\u00fang t\u00f4i, b\u1ea1n c\u00f3 th\u1ec3 kh\u00f4ng s\u1eed d\u1ee5ng \u0111\u01b0\u1ee3c m\u1ed9t s\u1ed1 ph\u1ea7n tr\u00ean trang web c\u1ee7a ch\u00fang t\u00f4i.<\/p>\n<h3>Li\u00ean k\u1ebft \u0111\u1ebfn c\u00e1c trang web kh\u00e1c<\/h3>\n<p>Trong su\u1ed1t n\u1ed9i dung, b\u1ea1n c\u00f3 th\u1ec3 t\u00ecm th\u1ea5y c\u00e1c li\u00ean k\u1ebft \u0111\u1ebfn c\u00e1c trang web kh\u00e1c. \u0110\u00e2y l\u00e0 nh\u1eefng trang web c\u1ee7a b\u00ean th\u1ee9 ba c\u00f3 n\u1ed9i dung b\u1ed5 sung cho nh\u1eefng g\u00ec b\u1ea1n \u0111ang \u0111\u1ecdc.<\/p>\n<p>Khi b\u1ea1n nh\u1ea5p v\u00e0o m\u1ed9t trong nh\u1eefng li\u00ean k\u1ebft n\u00e0y, b\u1ea1n c\u00f3 th\u1ec3 \u0111\u01b0\u1ee3c chuy\u1ec3n h\u01b0\u1edbng \u0111\u1ebfn m\u1ed9t trang web kh\u00e1c. Ch\u00fang t\u00f4i kh\u00f4ng ch\u1ecbu tr\u00e1ch nhi\u1ec7m v\u1ec1 vi\u1ec7c s\u1eed d\u1ee5ng d\u1eef li\u1ec7u t\u1eeb trang web c\u1ee7a b\u00ean th\u1ee9 ba n\u00e0y.<\/p>\n<p>Do \u0111\u00f3, n\u1ebfu b\u1ea1n mu\u1ed1n b\u1ea3o m\u1eadt t\u1ed1i \u0111a, h\u00e3y nh\u1edb \u0111\u1ecdc Ch\u00ednh s\u00e1ch quy\u1ec1n ri\u00eang t\u01b0 c\u1ee7a c\u00e1c trang n\u00e0y.<\/p>\n<h3>Nh\u1eefng thay \u0111\u1ed5i \u0111\u1ed1i v\u1edbi Ch\u00ednh s\u00e1ch quy\u1ec1n ri\u00eang t\u01b0 n\u00e0y<\/h3>\n<p>\u0110i\u1ec1u quan tr\u1ecdng l\u00e0 b\u1ea1n bi\u1ebft r\u1eb1ng Ch\u00ednh s\u00e1ch quy\u1ec1n ri\u00eang t\u01b0 n\u00e0y c\u00f3 th\u1ec3 \u0111\u01b0\u1ee3c thay \u0111\u1ed5i b\u1ea5t c\u1ee9 l\u00fac n\u00e0o. V\u00ec v\u1eady, b\u1ea1n n\u00ean truy c\u1eadp trang n\u00e0y th\u01b0\u1eddng xuy\u00ean h\u01a1n \u0111\u1ec3 x\u00e1c nh\u1eadn r\u1eb1ng m\u1ecdi th\u1ee9 v\u1eabn nh\u01b0 c\u0169.<\/p>\n<p>N\u1ebfu b\u1ea1n c\u00f3 b\u1ea5t k\u1ef3 c\u00e2u h\u1ecfi ho\u1eb7c \u0111\u1ec1 xu\u1ea5t n\u00e0o v\u1ec1 Ch\u00ednh s\u00e1ch quy\u1ec1n ri\u00eang t\u01b0 c\u1ee7a ch\u00fang t\u00f4i, \u0111\u1eebng ng\u1ea7n ng\u1ea1i li\u00ean h\u1ec7 v\u1edbi ch\u00fang t\u00f4i.<\/p>","protected":false},"excerpt":{"rendered":"<p>O Portal Hoje tem m\u00e1ximo responsabilidade em cuidar dos seus dados. Por isso, nessa p\u00e1gina, voc\u00ea poder\u00e1 encontrar tudo o que precisa saber sobre a pol\u00edtica de privacidade e cookies. \u00c9 importante que voc\u00ea leia com aten\u00e7\u00e3o todos os pontos citados nessa p\u00e1gina. Caso voc\u00ea n\u00e3o esteja de acordo com algum ponto, n\u00e3o fa\u00e7o uso [&hellip;]<\/p>","protected":false},"author":1,"featured_media":0,"parent":0,"menu_order":0,"comment_status":"closed","ping_status":"closed","template":"","meta":{"footnotes":""},"class_list":["post-326","page","type-page","status-publish"],"yoast_head":"<!-- This site is optimized with the Yoast SEO plugin v26.4 - https:\/\/yoast.com\/wordpress\/plugins\/seo\/ -->\n<title>Pol\u00edtica de Privacidade - Portal<\/title>\n<meta name=\"robots\" content=\"index, follow, max-snippet:-1, max-image-preview:large, max-video-preview:-1\" \/>\n<link rel=\"canonical\" href=\"https:\/\/portalhj.com\/vi\/chinh-sach-bao-mat\/\" \/>\n<meta property=\"og:locale\" content=\"vi_VN\" \/>\n<meta property=\"og:type\" content=\"article\" \/>\n<meta property=\"og:title\" content=\"Pol\u00edtica de Privacidade - Portal\" \/>\n<meta property=\"og:description\" content=\"O Portal Hoje tem m\u00e1ximo responsabilidade em cuidar dos seus dados. Por isso, nessa p\u00e1gina, voc\u00ea poder\u00e1 encontrar tudo o que precisa saber sobre a pol\u00edtica de privacidade e cookies. \u00c9 importante que voc\u00ea leia com aten\u00e7\u00e3o todos os pontos citados nessa p\u00e1gina. Caso voc\u00ea n\u00e3o esteja de acordo com algum ponto, n\u00e3o fa\u00e7o uso [&hellip;]\" \/>\n<meta property=\"og:url\" content=\"https:\/\/portalhj.com\/vi\/chinh-sach-bao-mat\/\" \/>\n<meta property=\"og:site_name\" content=\"Portal\" \/>\n<meta property=\"article:modified_time\" content=\"2023-06-28T02:36:03+00:00\" \/>\n<meta name=\"twitter:card\" content=\"summary_large_image\" \/>\n<meta name=\"twitter:label1\" content=\"\u01af\u1edbc t\u00ednh th\u1eddi gian \u0111\u1ecdc\" \/>\n\t<meta name=\"twitter:data1\" content=\"3 ph\u00fat\" \/>\n<script type=\"application\/ld+json\" class=\"yoast-schema-graph\">{\"@context\":\"https:\/\/schema.org\",\"@graph\":[{\"@type\":\"WebPage\",\"@id\":\"https:\/\/portalhj.com\/politica-de-privacidade\/\",\"url\":\"https:\/\/portalhj.com\/politica-de-privacidade\/\",\"name\":\"Pol\u00edtica de Privacidade - Portal\",\"isPartOf\":{\"@id\":\"https:\/\/portalhj.com\/#website\"},\"datePublished\":\"2022-08-17T02:29:43+00:00\",\"dateModified\":\"2023-06-28T02:36:03+00:00\",\"breadcrumb\":{\"@id\":\"https:\/\/portalhj.com\/politica-de-privacidade\/#breadcrumb\"},\"inLanguage\":\"vi\",\"potentialAction\":[{\"@type\":\"ReadAction\",\"target\":[\"https:\/\/portalhj.com\/politica-de-privacidade\/\"]}]},{\"@type\":\"BreadcrumbList\",\"@id\":\"https:\/\/portalhj.com\/politica-de-privacidade\/#breadcrumb\",\"itemListElement\":[{\"@type\":\"ListItem\",\"position\":1,\"name\":\"In\u00edcio\",\"item\":\"https:\/\/portalhj.com\/\"},{\"@type\":\"ListItem\",\"position\":2,\"name\":\"Pol\u00edtica de Privacidade\"}]},{\"@type\":\"WebSite\",\"@id\":\"https:\/\/portalhj.com\/#website\",\"url\":\"https:\/\/portalhj.com\/\",\"name\":\"Portal\",\"description\":\"Portal Informa\u00e7\u00e3o!\",\"potentialAction\":[{\"@type\":\"SearchAction\",\"target\":{\"@type\":\"EntryPoint\",\"urlTemplate\":\"https:\/\/portalhj.com\/?s={search_term_string}\"},\"query-input\":{\"@type\":\"PropertyValueSpecification\",\"valueRequired\":true,\"valueName\":\"search_term_string\"}}],\"inLanguage\":\"vi\"}]}<\/script>\n<!-- \/ Yoast SEO plugin. -->","yoast_head_json":{"title":"Ch\u00ednh s\u00e1ch b\u1ea3o m\u1eadt - C\u1ed5ng th\u00f4ng tin","robots":{"index":"index","follow":"follow","max-snippet":"max-snippet:-1","max-image-preview":"max-image-preview:large","max-video-preview":"max-video-preview:-1"},"canonical":"https:\/\/portalhj.com\/vi\/chinh-sach-bao-mat\/","og_locale":"vi_VN","og_type":"article","og_title":"Pol\u00edtica de Privacidade - Portal","og_description":"O Portal Hoje tem m\u00e1ximo responsabilidade em cuidar dos seus dados. Por isso, nessa p\u00e1gina, voc\u00ea poder\u00e1 encontrar tudo o que precisa saber sobre a pol\u00edtica de privacidade e cookies. \u00c9 importante que voc\u00ea leia com aten\u00e7\u00e3o todos os pontos citados nessa p\u00e1gina. Caso voc\u00ea n\u00e3o esteja de acordo com algum ponto, n\u00e3o fa\u00e7o uso [&hellip;]","og_url":"https:\/\/portalhj.com\/vi\/chinh-sach-bao-mat\/","og_site_name":"Portal","article_modified_time":"2023-06-28T02:36:03+00:00","twitter_card":"summary_large_image","twitter_misc":{"\u01af\u1edbc t\u00ednh th\u1eddi gian \u0111\u1ecdc":"3 ph\u00fat"},"schema":{"@context":"https:\/\/schema.org","@graph":[{"@type":"WebPage","@id":"https:\/\/portalhj.com\/politica-de-privacidade\/","url":"https:\/\/portalhj.com\/politica-de-privacidade\/","name":"Ch\u00ednh s\u00e1ch b\u1ea3o m\u1eadt - C\u1ed5ng th\u00f4ng tin","isPartOf":{"@id":"https:\/\/portalhj.com\/#website"},"datePublished":"2022-08-17T02:29:43+00:00","dateModified":"2023-06-28T02:36:03+00:00","breadcrumb":{"@id":"https:\/\/portalhj.com\/politica-de-privacidade\/#breadcrumb"},"inLanguage":"vi","potentialAction":[{"@type":"ReadAction","target":["https:\/\/portalhj.com\/politica-de-privacidade\/"]}]},{"@type":"BreadcrumbList","@id":"https:\/\/portalhj.com\/politica-de-privacidade\/#breadcrumb","itemListElement":[{"@type":"ListItem","position":1,"name":"In\u00edcio","item":"https:\/\/portalhj.com\/"},{"@type":"ListItem","position":2,"name":"Pol\u00edtica de Privacidade"}]},{"@type":"WebSite","@id":"https:\/\/portalhj.com\/#website","url":"https:\/\/portalhj.com\/","name":"C\u1ed5ng th\u00f4ng tin","description":"C\u1ed5ng th\u00f4ng tin!","potentialAction":[{"@type":"SearchAction","target":{"@type":"EntryPoint","urlTemplate":"https:\/\/portalhj.com\/?s={search_term_string}"},"query-input":{"@type":"PropertyValueSpecification","valueRequired":true,"valueName":"search_term_string"}}],"inLanguage":"vi"}]}},"_links":{"self":[{"href":"https:\/\/portalhj.com\/vi\/wp-json\/wp\/v2\/pages\/326","targetHints":{"allow":["GET"]}}],"collection":[{"href":"https:\/\/portalhj.com\/vi\/wp-json\/wp\/v2\/pages"}],"about":[{"href":"https:\/\/portalhj.com\/vi\/wp-json\/wp\/v2\/types\/page"}],"author":[{"embeddable":true,"href":"https:\/\/portalhj.com\/vi\/wp-json\/wp\/v2\/users\/1"}],"replies":[{"embeddable":true,"href":"https:\/\/portalhj.com\/vi\/wp-json\/wp\/v2\/comments?post=326"}],"version-history":[{"count":1,"href":"https:\/\/portalhj.com\/vi\/wp-json\/wp\/v2\/pages\/326\/revisions"}],"predecessor-version":[{"id":3355,"href":"https:\/\/portalhj.com\/vi\/wp-json\/wp\/v2\/pages\/326\/revisions\/3355"}],"wp:attachment":[{"href":"https:\/\/portalhj.com\/vi\/wp-json\/wp\/v2\/media?parent=326"}],"curies":[{"name":"wp","href":"https:\/\/api.w.org\/{rel}","templated":true}]}}