{"id":2602,"date":"2022-10-27T17:47:59","date_gmt":"2022-10-27T17:47:59","guid":{"rendered":"https:\/\/portalhj.com\/?page_id=2602"},"modified":"2022-10-27T17:47:59","modified_gmt":"2022-10-27T17:47:59","slug":"tu-choi-trach-nhiem","status":"publish","type":"page","link":"https:\/\/portalhj.com\/vi\/tu-choi-trach-nhiem\/","title":{"rendered":"Tuy\u00ean b\u1ed1 mi\u1ec5n tr\u1eeb tr\u00e1ch nhi\u1ec7m"},"content":{"rendered":"<p><strong>Ch\u00fa \u00fd:<\/strong> Xin l\u01b0u \u00fd r\u1eb1ng Portal Hoje kh\u00f4ng y\u00eau c\u1ea7u d\u1eef li\u1ec7u c\u00e1 nh\u00e2n ho\u1eb7c s\u1ed1 ti\u1ec1n trong b\u1ea5t k\u1ef3 tr\u01b0\u1eddng h\u1ee3p n\u00e0o. \u0110i\u1ec1u n\u00e0y l\u00e0 do ch\u00fang t\u00f4i kh\u00f4ng l\u00e0m vi\u1ec7c v\u1edbi b\u1ea5t k\u1ef3 lo\u1ea1i s\u1ea3n ph\u1ea9m t\u00e0i ch\u00ednh n\u00e0o. N\u1ebfu \u0111i\u1ec1u n\u00e0y x\u1ea3y ra v\u1edbi b\u1ea1n, xin vui l\u00f2ng cho ch\u00fang t\u00f4i bi\u1ebft.<\/p>\n<p><strong>B\u00ecnh lu\u1eadn:<\/strong> Portal Hoje coi tr\u1ecdng n\u1ed9i dung lu\u00f4n nguy\u00ean b\u1ea3n v\u00e0 c\u1eadp nh\u1eadt. Tuy nhi\u00ean, s\u1ef1 kh\u00e1c bi\u1ec7t c\u00f3 th\u1ec3 x\u1ea3y ra v\u1edbi c\u00e1c n\u1ed9i dung kh\u00e1c tr\u00ean internet v\u00e0 \u0111i\u1ec1u n\u00e0y l\u00e0 b\u00ecnh th\u01b0\u1eddng. V\u00ec \u0111\u00e2y l\u00e0 nh\u1eefng v\u0103n b\u1ea3n mang t\u00ednh th\u00f4ng tin n\u00ean m\u1ed9t s\u1ed1 bi\u00ean t\u1eadp vi\u00ean kh\u00e1c c\u00f3 th\u1ec3 ngh\u0129 kh\u00e1c.<\/p>\n<p>Ch\u00fang t\u00f4i kh\u00f4ng ch\u1ecbu tr\u00e1ch nhi\u1ec7m v\u1ec1 th\u00f4ng tin trong trang web c\u1ee7a ch\u00fang t\u00f4i. Do \u0111\u00f3, h\u00e3y xem trang Ch\u00ednh s\u00e1ch quy\u1ec1n ri\u00eang t\u01b0 v\u00e0 \u0110i\u1ec1u kho\u1ea3n s\u1eed d\u1ee5ng \u0111\u1ec3 s\u1eed d\u1ee5ng trang web n\u00e0y m\u1ed9t c\u00e1ch ch\u00ednh x\u00e1c.<\/p>\n<p><strong>\u0110\u1ed1i t\u00e1c:<\/strong> C\u00e1ch Portal Hoje t\u1ea1o thu nh\u1eadp l\u00e0 th\u00f4ng qua qu\u1ea3ng c\u00e1o. N\u00f3i c\u00e1ch kh\u00e1c, qu\u1ea3ng c\u00e1o \u0111\u01b0\u1ee3c hi\u1ec3n th\u1ecb v\u00e0 ch\u00fang t\u00f4i ki\u1ebfm \u0111\u01b0\u1ee3c m\u1ed9t ph\u1ea7n l\u1ee3i nhu\u1eadn. Ch\u00fang t\u00f4i kh\u00f4ng ch\u1ecbu tr\u00e1ch nhi\u1ec7m v\u1ec1 c\u00e1c qu\u1ea3ng c\u00e1o \u0111\u01b0\u1ee3c hi\u1ec3n th\u1ecb.<\/p>\n<p><strong>C\u00e2n nh\u1eafc:<\/strong> Portal Hoje l\u00e0 m\u1ed9t trang web lu\u00f4n mong mu\u1ed1n cung c\u1ea5p n\u1ed9i dung ch\u1ea5t l\u01b0\u1ee3ng cho ng\u01b0\u1eddi d\u00f9ng. N\u1ebfu b\u1ea1n c\u1ea7n th\u00f4ng tin c\u1eadp nh\u1eadt, ch\u00fang t\u00f4i lu\u00f4n khuy\u00ean b\u1ea1n n\u00ean ki\u1ec3m tra trang web ch\u00ednh th\u1ee9c \u0111\u1ec3 kh\u00f4ng c\u00f3 s\u1ef1 kh\u00e1c bi\u1ec7t.<\/p>","protected":false},"excerpt":{"rendered":"<p>Aten\u00e7\u00e3o: Saiba que o Portal Hoje n\u00e3o pede, em nenhuma circunst\u00e2ncia, dados pessoas ou quantias de dinheiro. Isso porque, n\u00e3o trabalhamos com produtos financeiros de nenhum g\u00eanero. Caso isso aconte\u00e7a com voc\u00ea, por favor, nos avise. Observa\u00e7\u00f5es: O Portal Hoje preza para que o conte\u00fado seja sempre original e atualizado. Contudo, podem ocorrer diverg\u00eancias com [&hellip;]<\/p>","protected":false},"author":1,"featured_media":0,"parent":0,"menu_order":0,"comment_status":"closed","ping_status":"closed","template":"","meta":{"footnotes":""},"class_list":["post-2602","page","type-page","status-publish"],"yoast_head":"<!-- This site is optimized with the Yoast SEO plugin v26.4 - https:\/\/yoast.com\/wordpress\/plugins\/seo\/ -->\n<title>Disclaimer - Portal<\/title>\n<meta name=\"robots\" content=\"index, follow, max-snippet:-1, max-image-preview:large, max-video-preview:-1\" \/>\n<link rel=\"canonical\" href=\"https:\/\/portalhj.com\/vi\/tu-choi-trach-nhiem\/\" \/>\n<meta property=\"og:locale\" content=\"vi_VN\" \/>\n<meta property=\"og:type\" content=\"article\" \/>\n<meta property=\"og:title\" content=\"Disclaimer - Portal\" \/>\n<meta property=\"og:description\" content=\"Aten\u00e7\u00e3o: Saiba que o Portal Hoje n\u00e3o pede, em nenhuma circunst\u00e2ncia, dados pessoas ou quantias de dinheiro. Isso porque, n\u00e3o trabalhamos com produtos financeiros de nenhum g\u00eanero. Caso isso aconte\u00e7a com voc\u00ea, por favor, nos avise. Observa\u00e7\u00f5es: O Portal Hoje preza para que o conte\u00fado seja sempre original e atualizado. Contudo, podem ocorrer diverg\u00eancias com [&hellip;]\" \/>\n<meta property=\"og:url\" content=\"https:\/\/portalhj.com\/vi\/tu-choi-trach-nhiem\/\" \/>\n<meta property=\"og:site_name\" content=\"Portal\" \/>\n<meta name=\"twitter:card\" content=\"summary_large_image\" \/>\n<meta name=\"twitter:label1\" content=\"\u01af\u1edbc t\u00ednh th\u1eddi gian \u0111\u1ecdc\" \/>\n\t<meta name=\"twitter:data1\" content=\"1 ph\u00fat\" \/>\n<script type=\"application\/ld+json\" class=\"yoast-schema-graph\">{\"@context\":\"https:\/\/schema.org\",\"@graph\":[{\"@type\":\"WebPage\",\"@id\":\"https:\/\/portalhj.com\/disclaimer\/\",\"url\":\"https:\/\/portalhj.com\/disclaimer\/\",\"name\":\"Disclaimer - Portal\",\"isPartOf\":{\"@id\":\"https:\/\/portalhj.com\/#website\"},\"datePublished\":\"2022-10-27T17:47:59+00:00\",\"breadcrumb\":{\"@id\":\"https:\/\/portalhj.com\/disclaimer\/#breadcrumb\"},\"inLanguage\":\"vi\",\"potentialAction\":[{\"@type\":\"ReadAction\",\"target\":[\"https:\/\/portalhj.com\/disclaimer\/\"]}]},{\"@type\":\"BreadcrumbList\",\"@id\":\"https:\/\/portalhj.com\/disclaimer\/#breadcrumb\",\"itemListElement\":[{\"@type\":\"ListItem\",\"position\":1,\"name\":\"In\u00edcio\",\"item\":\"https:\/\/portalhj.com\/\"},{\"@type\":\"ListItem\",\"position\":2,\"name\":\"Disclaimer\"}]},{\"@type\":\"WebSite\",\"@id\":\"https:\/\/portalhj.com\/#website\",\"url\":\"https:\/\/portalhj.com\/\",\"name\":\"Portal\",\"description\":\"Portal Informa\u00e7\u00e3o!\",\"potentialAction\":[{\"@type\":\"SearchAction\",\"target\":{\"@type\":\"EntryPoint\",\"urlTemplate\":\"https:\/\/portalhj.com\/?s={search_term_string}\"},\"query-input\":{\"@type\":\"PropertyValueSpecification\",\"valueRequired\":true,\"valueName\":\"search_term_string\"}}],\"inLanguage\":\"vi\"}]}<\/script>\n<!-- \/ Yoast SEO plugin. -->","yoast_head_json":{"title":"Tuy\u00ean b\u1ed1 mi\u1ec5n tr\u1eeb tr\u00e1ch nhi\u1ec7m - C\u1ed5ng th\u00f4ng tin","robots":{"index":"index","follow":"follow","max-snippet":"max-snippet:-1","max-image-preview":"max-image-preview:large","max-video-preview":"max-video-preview:-1"},"canonical":"https:\/\/portalhj.com\/vi\/tu-choi-trach-nhiem\/","og_locale":"vi_VN","og_type":"article","og_title":"Disclaimer - Portal","og_description":"Aten\u00e7\u00e3o: Saiba que o Portal Hoje n\u00e3o pede, em nenhuma circunst\u00e2ncia, dados pessoas ou quantias de dinheiro. Isso porque, n\u00e3o trabalhamos com produtos financeiros de nenhum g\u00eanero. Caso isso aconte\u00e7a com voc\u00ea, por favor, nos avise. Observa\u00e7\u00f5es: O Portal Hoje preza para que o conte\u00fado seja sempre original e atualizado. Contudo, podem ocorrer diverg\u00eancias com [&hellip;]","og_url":"https:\/\/portalhj.com\/vi\/tu-choi-trach-nhiem\/","og_site_name":"Portal","twitter_card":"summary_large_image","twitter_misc":{"\u01af\u1edbc t\u00ednh th\u1eddi gian \u0111\u1ecdc":"1 ph\u00fat"},"schema":{"@context":"https:\/\/schema.org","@graph":[{"@type":"WebPage","@id":"https:\/\/portalhj.com\/disclaimer\/","url":"https:\/\/portalhj.com\/disclaimer\/","name":"Tuy\u00ean b\u1ed1 mi\u1ec5n tr\u1eeb tr\u00e1ch nhi\u1ec7m - C\u1ed5ng th\u00f4ng tin","isPartOf":{"@id":"https:\/\/portalhj.com\/#website"},"datePublished":"2022-10-27T17:47:59+00:00","breadcrumb":{"@id":"https:\/\/portalhj.com\/disclaimer\/#breadcrumb"},"inLanguage":"vi","potentialAction":[{"@type":"ReadAction","target":["https:\/\/portalhj.com\/disclaimer\/"]}]},{"@type":"BreadcrumbList","@id":"https:\/\/portalhj.com\/disclaimer\/#breadcrumb","itemListElement":[{"@type":"ListItem","position":1,"name":"In\u00edcio","item":"https:\/\/portalhj.com\/"},{"@type":"ListItem","position":2,"name":"Disclaimer"}]},{"@type":"WebSite","@id":"https:\/\/portalhj.com\/#website","url":"https:\/\/portalhj.com\/","name":"C\u1ed5ng th\u00f4ng tin","description":"C\u1ed5ng th\u00f4ng tin!","potentialAction":[{"@type":"SearchAction","target":{"@type":"EntryPoint","urlTemplate":"https:\/\/portalhj.com\/?s={search_term_string}"},"query-input":{"@type":"PropertyValueSpecification","valueRequired":true,"valueName":"search_term_string"}}],"inLanguage":"vi"}]}},"_links":{"self":[{"href":"https:\/\/portalhj.com\/vi\/wp-json\/wp\/v2\/pages\/2602","targetHints":{"allow":["GET"]}}],"collection":[{"href":"https:\/\/portalhj.com\/vi\/wp-json\/wp\/v2\/pages"}],"about":[{"href":"https:\/\/portalhj.com\/vi\/wp-json\/wp\/v2\/types\/page"}],"author":[{"embeddable":true,"href":"https:\/\/portalhj.com\/vi\/wp-json\/wp\/v2\/users\/1"}],"replies":[{"embeddable":true,"href":"https:\/\/portalhj.com\/vi\/wp-json\/wp\/v2\/comments?post=2602"}],"version-history":[{"count":0,"href":"https:\/\/portalhj.com\/vi\/wp-json\/wp\/v2\/pages\/2602\/revisions"}],"wp:attachment":[{"href":"https:\/\/portalhj.com\/vi\/wp-json\/wp\/v2\/media?parent=2602"}],"curies":[{"name":"wp","href":"https:\/\/api.w.org\/{rel}","templated":true}]}}