{"id":330,"date":"2022-08-17T02:32:49","date_gmt":"2022-08-17T02:32:49","guid":{"rendered":"https:\/\/portalhj.com\/?page_id=330"},"modified":"2022-10-27T15:21:49","modified_gmt":"2022-10-27T15:21:49","slug":"quem-somos","status":"publish","type":"page","link":"https:\/\/portalhj.com\/uk\/%d1%85%d1%82%d0%be-%d0%bc%d0%b8\/","title":{"rendered":"\u0425\u0442\u043e \u043c\u0438"},"content":{"rendered":"<p>\u041e\u0441\u043d\u043e\u0432\u043d\u0430 \u043c\u0435\u0442\u0430 Portal Hoje \u2013 \u0434\u043e\u043d\u0435\u0441\u0442\u0438 \u044f\u043a\u0456\u0441\u043d\u0443 \u0456\u043d\u0444\u043e\u0440\u043c\u0430\u0446\u0456\u044e \u0434\u043e \u0448\u0438\u0440\u043e\u043a\u043e\u0433\u043e \u0437\u0430\u0433\u0430\u043b\u0443.<\/p>\n<p>\u0417 \u043a\u0456\u043b\u044c\u043a\u043e\u043c\u0430 \u043a\u0430\u0442\u0435\u0433\u043e\u0440\u0456\u044f\u043c\u0438 \u043d\u0430 \u043d\u0430\u0448\u043e\u043c\u0443 \u0432\u0435\u0431-\u0441\u0430\u0439\u0442\u0456 \u043c\u0438 \u0437\u043e\u0441\u0435\u0440\u0435\u0434\u0436\u0435\u043d\u0456 \u043d\u0430 \u0435\u0444\u0435\u043a\u0442\u0438\u0432\u043d\u043e\u043c\u0443 \u0432\u0438\u043a\u043e\u0440\u0438\u0441\u0442\u0430\u043d\u043d\u0456 \u0442\u0435\u0445\u043d\u043e\u043b\u043e\u0433\u0456\u0439 \u0434\u043b\u044f \u043f\u043e\u0448\u0438\u0440\u0435\u043d\u043d\u044f \u0437\u043d\u0430\u043d\u044c \u043d\u0430 \u0432\u0441\u044e \u0442\u0435\u0440\u0438\u0442\u043e\u0440\u0456\u044e \u0411\u0440\u0430\u0437\u0438\u043b\u0456\u0457.<\/p>\n<p>\u0421\u044c\u043e\u0433\u043e\u0434\u043d\u0456 \u0442\u0435\u0445\u043d\u043e\u043b\u043e\u0433\u0456\u0457 \u0432\u0441\u044e\u0434\u0438, \u043e\u0441\u043e\u0431\u043b\u0438\u0432\u043e \u043d\u0430 \u043c\u043e\u0431\u0456\u043b\u044c\u043d\u0438\u0445 \u043f\u0440\u0438\u0441\u0442\u0440\u043e\u044f\u0445. \u0422\u043e\u043c\u0443 \u043d\u0430\u0448 \u0432\u0435\u0431-\u0441\u0430\u0439\u0442 \u0430\u0434\u0430\u043f\u0442\u043e\u0432\u0430\u043d\u0438\u0439, \u0449\u043e\u0431 \u0432\u0438 \u043c\u043e\u0433\u043b\u0438 \u043d\u0438\u043c \u043a\u043e\u0440\u0438\u0441\u0442\u0443\u0432\u0430\u0442\u0438\u0441\u044f \u0442\u0430 \u043e\u0442\u0440\u0438\u043c\u0443\u0432\u0430\u0442\u0438 \u0437\u043d\u0430\u043d\u043d\u044f, \u0434\u0435 \u0431 \u0432\u0438 \u043d\u0435 \u0431\u0443\u043b\u0438.<\/p>\n<p>\u041a\u0440\u0456\u043c \u0442\u043e\u0433\u043e, \u043c\u0438 \u0437\u0430\u0432\u0436\u0434\u0438 \u0448\u0443\u043a\u0430\u0454\u043c\u043e \u043f\u0440\u0430\u0432\u0434\u0438\u0432\u0443 \u0456\u043d\u0444\u043e\u0440\u043c\u0430\u0446\u0456\u044e. \u0422\u043e\u043c\u0443 \u043c\u0438 \u043f\u043e\u0441\u0442\u0456\u0439\u043d\u043e \u0431\u043e\u0440\u0435\u043c\u043e\u0441\u044f \u0437 \u0432\u0456\u0434\u043e\u043c\u0438\u043c\u0438 \u00ab\u0444\u0435\u0439\u043a\u043e\u0432\u0438\u043c\u0438 \u043d\u043e\u0432\u0438\u043d\u0430\u043c\u0438\u00bb.<\/p>\n<p>\u0429\u043e\u0434\u043d\u044f \u0432\u0438 \u043c\u043e\u0436\u0435\u0442\u0435 \u0437\u043d\u0430\u0439\u0442\u0438 \u043d\u043e\u0432\u0456 \u0441\u0442\u0430\u0442\u0442\u0456, \u043d\u0430\u043f\u0438\u0441\u0430\u043d\u0456 \u044f\u043a\u0456\u0441\u043d\u0438\u043c\u0438 \u0430\u0432\u0442\u043e\u0440\u0430\u043c\u0438, \u044f\u043a\u0456 \u043c\u0430\u044e\u0442\u044c \u0437\u043d\u0430\u043d\u043d\u044f \u0437 \u0434\u0430\u043d\u043e\u0457 \u0442\u0435\u043c\u0438.<\/p>","protected":false},"excerpt":{"rendered":"<p>O Portal Hoje tem como principal objetivo trazer informa\u00e7\u00f5es de qualidade para o p\u00fablico em geral. Com v\u00e1rias categorias dentro de nosso site, estamos focados em fazer um bom uso da tecnologia para levar conhecimento para todo o territ\u00f3rio brasileiro. Hoje a tecnologia est\u00e1 em todo lugar, principalmente nos dispositivos m\u00f3veis. Por isso, o nosso [&hellip;]<\/p>","protected":false},"author":1,"featured_media":0,"parent":0,"menu_order":0,"comment_status":"closed","ping_status":"closed","template":"","meta":{"footnotes":""},"class_list":["post-330","page","type-page","status-publish"],"yoast_head":"<!-- This site is optimized with the Yoast SEO plugin v26.4 - https:\/\/yoast.com\/wordpress\/plugins\/seo\/ -->\n<title>Quem Somos - Portal<\/title>\n<meta name=\"robots\" content=\"index, follow, max-snippet:-1, max-image-preview:large, max-video-preview:-1\" \/>\n<link rel=\"canonical\" href=\"https:\/\/portalhj.com\/uk\/\u0445\u0442\u043e-\u043c\u0438\/\" \/>\n<meta property=\"og:locale\" content=\"uk_UA\" \/>\n<meta property=\"og:type\" content=\"article\" \/>\n<meta property=\"og:title\" content=\"Quem Somos - Portal\" \/>\n<meta property=\"og:description\" content=\"O Portal Hoje tem como principal objetivo trazer informa\u00e7\u00f5es de qualidade para o p\u00fablico em geral. Com v\u00e1rias categorias dentro de nosso site, estamos focados em fazer um bom uso da tecnologia para levar conhecimento para todo o territ\u00f3rio brasileiro. Hoje a tecnologia est\u00e1 em todo lugar, principalmente nos dispositivos m\u00f3veis. Por isso, o nosso [&hellip;]\" \/>\n<meta property=\"og:url\" content=\"https:\/\/portalhj.com\/uk\/\u0445\u0442\u043e-\u043c\u0438\/\" \/>\n<meta property=\"og:site_name\" content=\"Portal\" \/>\n<meta property=\"article:modified_time\" content=\"2022-10-27T15:21:49+00:00\" \/>\n<meta name=\"twitter:card\" content=\"summary_large_image\" \/>\n<meta name=\"twitter:label1\" content=\"\u041f\u0440\u0438\u0431\u043b. \u0447\u0430\u0441 \u0447\u0438\u0442\u0430\u043d\u043d\u044f\" \/>\n\t<meta name=\"twitter:data1\" content=\"1 \u0445\u0432\u0438\u043b\u0438\u043d\u0430\" \/>\n<script type=\"application\/ld+json\" class=\"yoast-schema-graph\">{\"@context\":\"https:\/\/schema.org\",\"@graph\":[{\"@type\":\"WebPage\",\"@id\":\"https:\/\/portalhj.com\/quem-somos\/\",\"url\":\"https:\/\/portalhj.com\/quem-somos\/\",\"name\":\"Quem Somos - Portal\",\"isPartOf\":{\"@id\":\"https:\/\/portalhj.com\/#website\"},\"datePublished\":\"2022-08-17T02:32:49+00:00\",\"dateModified\":\"2022-10-27T15:21:49+00:00\",\"breadcrumb\":{\"@id\":\"https:\/\/portalhj.com\/quem-somos\/#breadcrumb\"},\"inLanguage\":\"uk\",\"potentialAction\":[{\"@type\":\"ReadAction\",\"target\":[\"https:\/\/portalhj.com\/quem-somos\/\"]}]},{\"@type\":\"BreadcrumbList\",\"@id\":\"https:\/\/portalhj.com\/quem-somos\/#breadcrumb\",\"itemListElement\":[{\"@type\":\"ListItem\",\"position\":1,\"name\":\"In\u00edcio\",\"item\":\"https:\/\/portalhj.com\/\"},{\"@type\":\"ListItem\",\"position\":2,\"name\":\"Quem Somos\"}]},{\"@type\":\"WebSite\",\"@id\":\"https:\/\/portalhj.com\/#website\",\"url\":\"https:\/\/portalhj.com\/\",\"name\":\"Portal\",\"description\":\"Portal Informa\u00e7\u00e3o!\",\"potentialAction\":[{\"@type\":\"SearchAction\",\"target\":{\"@type\":\"EntryPoint\",\"urlTemplate\":\"https:\/\/portalhj.com\/?s={search_term_string}\"},\"query-input\":{\"@type\":\"PropertyValueSpecification\",\"valueRequired\":true,\"valueName\":\"search_term_string\"}}],\"inLanguage\":\"uk\"}]}<\/script>\n<!-- \/ Yoast SEO plugin. -->","yoast_head_json":{"title":"\u0425\u0442\u043e \u043c\u0438 - \u041f\u043e\u0440\u0442\u0430\u043b","robots":{"index":"index","follow":"follow","max-snippet":"max-snippet:-1","max-image-preview":"max-image-preview:large","max-video-preview":"max-video-preview:-1"},"canonical":"https:\/\/portalhj.com\/uk\/\u0445\u0442\u043e-\u043c\u0438\/","og_locale":"uk_UA","og_type":"article","og_title":"Quem Somos - Portal","og_description":"O Portal Hoje tem como principal objetivo trazer informa\u00e7\u00f5es de qualidade para o p\u00fablico em geral. Com v\u00e1rias categorias dentro de nosso site, estamos focados em fazer um bom uso da tecnologia para levar conhecimento para todo o territ\u00f3rio brasileiro. Hoje a tecnologia est\u00e1 em todo lugar, principalmente nos dispositivos m\u00f3veis. Por isso, o nosso [&hellip;]","og_url":"https:\/\/portalhj.com\/uk\/\u0445\u0442\u043e-\u043c\u0438\/","og_site_name":"Portal","article_modified_time":"2022-10-27T15:21:49+00:00","twitter_card":"summary_large_image","twitter_misc":{"\u041f\u0440\u0438\u0431\u043b. \u0447\u0430\u0441 \u0447\u0438\u0442\u0430\u043d\u043d\u044f":"1 \u0445\u0432\u0438\u043b\u0438\u043d\u0430"},"schema":{"@context":"https:\/\/schema.org","@graph":[{"@type":"WebPage","@id":"https:\/\/portalhj.com\/quem-somos\/","url":"https:\/\/portalhj.com\/quem-somos\/","name":"\u0425\u0442\u043e \u043c\u0438 - \u041f\u043e\u0440\u0442\u0430\u043b","isPartOf":{"@id":"https:\/\/portalhj.com\/#website"},"datePublished":"2022-08-17T02:32:49+00:00","dateModified":"2022-10-27T15:21:49+00:00","breadcrumb":{"@id":"https:\/\/portalhj.com\/quem-somos\/#breadcrumb"},"inLanguage":"uk","potentialAction":[{"@type":"ReadAction","target":["https:\/\/portalhj.com\/quem-somos\/"]}]},{"@type":"BreadcrumbList","@id":"https:\/\/portalhj.com\/quem-somos\/#breadcrumb","itemListElement":[{"@type":"ListItem","position":1,"name":"In\u00edcio","item":"https:\/\/portalhj.com\/"},{"@type":"ListItem","position":2,"name":"Quem Somos"}]},{"@type":"WebSite","@id":"https:\/\/portalhj.com\/#website","url":"https:\/\/portalhj.com\/","name":"\u041f\u043e\u0440\u0442\u0430\u043b","description":"\u0406\u043d\u0444\u043e\u0440\u043c\u0430\u0446\u0456\u0439\u043d\u0438\u0439 \u043f\u043e\u0440\u0442\u0430\u043b!","potentialAction":[{"@type":"SearchAction","target":{"@type":"EntryPoint","urlTemplate":"https:\/\/portalhj.com\/?s={search_term_string}"},"query-input":{"@type":"PropertyValueSpecification","valueRequired":true,"valueName":"search_term_string"}}],"inLanguage":"uk"}]}},"_links":{"self":[{"href":"https:\/\/portalhj.com\/uk\/wp-json\/wp\/v2\/pages\/330","targetHints":{"allow":["GET"]}}],"collection":[{"href":"https:\/\/portalhj.com\/uk\/wp-json\/wp\/v2\/pages"}],"about":[{"href":"https:\/\/portalhj.com\/uk\/wp-json\/wp\/v2\/types\/page"}],"author":[{"embeddable":true,"href":"https:\/\/portalhj.com\/uk\/wp-json\/wp\/v2\/users\/1"}],"replies":[{"embeddable":true,"href":"https:\/\/portalhj.com\/uk\/wp-json\/wp\/v2\/comments?post=330"}],"version-history":[{"count":0,"href":"https:\/\/portalhj.com\/uk\/wp-json\/wp\/v2\/pages\/330\/revisions"}],"wp:attachment":[{"href":"https:\/\/portalhj.com\/uk\/wp-json\/wp\/v2\/media?parent=330"}],"curies":[{"name":"wp","href":"https:\/\/api.w.org\/{rel}","templated":true}]}}