{"id":328,"date":"2022-08-17T02:32:01","date_gmt":"2022-08-17T02:32:01","guid":{"rendered":"https:\/\/portalhj.com\/?page_id=328"},"modified":"2022-10-27T15:22:13","modified_gmt":"2022-10-27T15:22:13","slug":"termos-de-uso","status":"publish","type":"page","link":"https:\/\/portalhj.com\/uk\/%d1%83%d0%bc%d0%be%d0%b2%d0%b8-%d0%ba%d0%be%d1%80%d0%b8%d1%81%d1%82%d1%83%d0%b2%d0%b0%d0%bd%d0%bd%d1%8f\/","title":{"rendered":"\u0423\u043c\u043e\u0432\u0438 \u0432\u0438\u043a\u043e\u0440\u0438\u0441\u0442\u0430\u043d\u043d\u044f"},"content":{"rendered":"<p>\u042f\u043a\u0449\u043e \u0432\u0438 \u043f\u0440\u043e\u0434\u043e\u0432\u0436\u0443\u0454\u0442\u0435 \u043f\u0435\u0440\u0435\u0433\u043b\u044f\u0434\u0430\u0442\u0438 \u0442\u0430 \u0432\u0438\u043a\u043e\u0440\u0438\u0441\u0442\u043e\u0432\u0443\u0432\u0430\u0442\u0438 \u0446\u0435\u0439 \u0432\u0435\u0431-\u0441\u0430\u0439\u0442, \u0432\u0438 \u043f\u043e\u0433\u043e\u0434\u0436\u0443\u0454\u0442\u0435\u0441\u044f \u0434\u043e\u0442\u0440\u0438\u043c\u0443\u0432\u0430\u0442\u0438\u0441\u044f \u043d\u0430\u0432\u0435\u0434\u0435\u043d\u0438\u0445 \u043d\u0438\u0436\u0447\u0435 \u0443\u043c\u043e\u0432 \u0432\u0438\u043a\u043e\u0440\u0438\u0441\u0442\u0430\u043d\u043d\u044f, \u044f\u043a\u0456 \u0440\u0430\u0437\u043e\u043c \u0456\u0437 \u043d\u0430\u0448\u043e\u044e \u043f\u043e\u043b\u0456\u0442\u0438\u043a\u043e\u044e \u043a\u043e\u043d\u0444\u0456\u0434\u0435\u043d\u0446\u0456\u0439\u043d\u043e\u0441\u0442\u0456 \u0440\u0435\u0433\u0443\u043b\u044e\u044e\u0442\u044c \u0432\u0456\u0434\u043d\u043e\u0441\u0438\u043d\u0438 Portal Hoje \u0437 \u0432\u0430\u043c\u0438.<\/p>\n<p>\u042f\u043a\u0449\u043e \u0432\u0438 \u043d\u0435 \u0437\u0433\u043e\u0434\u043d\u0456 \u0437 \u0431\u0443\u0434\u044c-\u044f\u043a\u043e\u044e \u0447\u0430\u0441\u0442\u0438\u043d\u043e\u044e \u0446\u0438\u0445 \u0443\u043c\u043e\u0432, \u043d\u0435 \u0432\u0438\u043a\u043e\u0440\u0438\u0441\u0442\u043e\u0432\u0443\u0439\u0442\u0435 \u043d\u0430\u0448 \u0432\u0435\u0431-\u0441\u0430\u0439\u0442.<\/p>\n<p>\u0412\u0438\u043a\u043e\u0440\u0438\u0441\u0442\u0430\u043d\u043d\u044f \u0446\u044c\u043e\u0433\u043e \u0432\u0435\u0431-\u0441\u0430\u0439\u0442\u0443 \u0440\u0435\u0433\u0443\u043b\u044e\u0454\u0442\u044c\u0441\u044f \u0442\u0430\u043a\u0438\u043c\u0438 \u0443\u043c\u043e\u0432\u0430\u043c\u0438:<\/p>\n<ul>\n<li>\u0412\u043c\u0456\u0441\u0442 \u0441\u0442\u043e\u0440\u0456\u043d\u043e\u043a \u0446\u044c\u043e\u0433\u043e \u0432\u0435\u0431-\u0441\u0430\u0439\u0442\u0443 \u043f\u0440\u0438\u0437\u043d\u0430\u0447\u0435\u043d\u0438\u0439 \u043b\u0438\u0448\u0435 \u0434\u043b\u044f \u0437\u0430\u0433\u0430\u043b\u044c\u043d\u043e\u0457 \u0456\u043d\u0444\u043e\u0440\u043c\u0430\u0446\u0456\u0457 \u0442\u0430 \u0432\u0438\u043a\u043e\u0440\u0438\u0441\u0442\u0430\u043d\u043d\u044f. \u0412\u0456\u043d \u043c\u043e\u0436\u0435 \u0431\u0443\u0442\u0438 \u0437\u043c\u0456\u043d\u0435\u043d\u0438\u0439 \u0431\u0435\u0437 \u043f\u043e\u043f\u0435\u0440\u0435\u0434\u043d\u044c\u043e\u0433\u043e \u043f\u043e\u0432\u0456\u0434\u043e\u043c\u043b\u0435\u043d\u043d\u044f.<\/li>\n<li>\u041d\u0456 \u043c\u0438, \u043d\u0456 \u0431\u0443\u0434\u044c-\u044f\u043a\u0456 \u0442\u0440\u0435\u0442\u0456 \u0441\u0442\u043e\u0440\u043e\u043d\u0438 \u043d\u0435 \u043d\u0430\u0434\u0430\u0454\u043c\u043e \u0436\u043e\u0434\u043d\u0438\u0445 \u0433\u0430\u0440\u0430\u043d\u0442\u0456\u0439 \u0449\u043e\u0434\u043e \u0442\u043e\u0447\u043d\u043e\u0441\u0442\u0456, \u0441\u0432\u043e\u0454\u0447\u0430\u0441\u043d\u043e\u0441\u0442\u0456, \u0435\u0444\u0435\u043a\u0442\u0438\u0432\u043d\u043e\u0441\u0442\u0456, \u043f\u043e\u0432\u043d\u043e\u0442\u0438 \u0447\u0438 \u043f\u0440\u0438\u0434\u0430\u0442\u043d\u043e\u0441\u0442\u0456 \u0456\u043d\u0444\u043e\u0440\u043c\u0430\u0446\u0456\u0457 \u0442\u0430 \u043c\u0430\u0442\u0435\u0440\u0456\u0430\u043b\u0456\u0432, \u044f\u043a\u0456 \u0437\u043d\u0430\u0445\u043e\u0434\u044f\u0442\u044c\u0441\u044f \u0430\u0431\u043e \u043f\u0440\u043e\u043f\u043e\u043d\u0443\u044e\u0442\u044c\u0441\u044f \u043d\u0430 \u0446\u044c\u043e\u043c\u0443 \u0432\u0435\u0431-\u0441\u0430\u0439\u0442\u0456 \u0434\u043b\u044f \u0431\u0443\u0434\u044c-\u044f\u043a\u043e\u0457 \u043a\u043e\u043d\u043a\u0440\u0435\u0442\u043d\u043e\u0457 \u043c\u0435\u0442\u0438.<\/li>\n<li>\u0412\u0438 \u0432\u0438\u043a\u043e\u0440\u0438\u0441\u0442\u043e\u0432\u0443\u0454\u0442\u0435 \u0431\u0443\u0434\u044c-\u044f\u043a\u0443 \u0456\u043d\u0444\u043e\u0440\u043c\u0430\u0446\u0456\u044e \u0447\u0438 \u043c\u0430\u0442\u0435\u0440\u0456\u0430\u043b\u0438 \u043d\u0430 \u0446\u044c\u043e\u043c\u0443 \u0432\u0435\u0431-\u0441\u0430\u0439\u0442\u0456 \u0432\u0438\u043a\u043b\u044e\u0447\u043d\u043e \u043d\u0430 \u0441\u0432\u0456\u0439 \u0432\u043b\u0430\u0441\u043d\u0438\u0439 \u0440\u0438\u0437\u0438\u043a, \u0437\u0430 \u044f\u043a\u0438\u0439 \u043c\u0438 \u043d\u0435 \u043d\u0435\u0441\u0435\u043c\u043e \u0432\u0456\u0434\u043f\u043e\u0432\u0456\u0434\u0430\u043b\u044c\u043d\u043e\u0441\u0442\u0456.<\/li>\n<li>\u0427\u0430\u0441 \u0432\u0456\u0434 \u0447\u0430\u0441\u0443 \u0446\u0435\u0439 \u0432\u0435\u0431-\u0441\u0430\u0439\u0442 \u0442\u0430\u043a\u043e\u0436 \u043c\u043e\u0436\u0435 \u043c\u0456\u0441\u0442\u0438\u0442\u0438 \u043f\u043e\u0441\u0438\u043b\u0430\u043d\u043d\u044f \u043d\u0430 \u0456\u043d\u0448\u0456 \u0432\u0435\u0431-\u0441\u0430\u0439\u0442\u0438. \u0426\u0456 \u043f\u043e\u0441\u0438\u043b\u0430\u043d\u043d\u044f \u043d\u0430\u0434\u0430\u043d\u043e \u0434\u043b\u044f \u0432\u0430\u0448\u043e\u0457 \u0437\u0440\u0443\u0447\u043d\u043e\u0441\u0442\u0456 \u0434\u043b\u044f \u043d\u0430\u0434\u0430\u043d\u043d\u044f \u0434\u043e\u0434\u0430\u0442\u043a\u043e\u0432\u043e\u0457 \u0456\u043d\u0444\u043e\u0440\u043c\u0430\u0446\u0456\u0457. \u041c\u0438 \u043d\u0435 \u043d\u0435\u0441\u0435\u043c\u043e \u0432\u0456\u0434\u043f\u043e\u0432\u0456\u0434\u0430\u043b\u044c\u043d\u043e\u0441\u0442\u0456 \u0437\u0430 \u0432\u043c\u0456\u0441\u0442 \u0432\u0435\u0431-\u0441\u0430\u0439\u0442\u0456\u0432, \u043d\u0430 \u044f\u043a\u0456 \u043f\u043e\u0441\u0438\u043b\u0430\u044e\u0442\u044c\u0441\u044f.<\/li>\n<\/ul>","protected":false},"excerpt":{"rendered":"<p>Se voc\u00ea continuar navegando e usando este site, concorda em cumprir e ficar vinculado aos seguintes termos e condi\u00e7\u00f5es de uso, que, juntamente com nossa pol\u00edtica de privacidade, regem o relacionamento do Portal Hoje com voc\u00ea. Se voc\u00ea discordar de qualquer parte destes termos e condi\u00e7\u00f5es, n\u00e3o use nosso site. O uso deste site est\u00e1 [&hellip;]<\/p>","protected":false},"author":1,"featured_media":0,"parent":0,"menu_order":0,"comment_status":"closed","ping_status":"closed","template":"","meta":{"footnotes":""},"class_list":["post-328","page","type-page","status-publish"],"yoast_head":"<!-- This site is optimized with the Yoast SEO plugin v26.4 - https:\/\/yoast.com\/wordpress\/plugins\/seo\/ -->\n<title>Termos de Uso - Portal<\/title>\n<meta name=\"robots\" content=\"index, follow, max-snippet:-1, max-image-preview:large, max-video-preview:-1\" \/>\n<link rel=\"canonical\" href=\"https:\/\/portalhj.com\/uk\/\u0443\u043c\u043e\u0432\u0438-\u043a\u043e\u0440\u0438\u0441\u0442\u0443\u0432\u0430\u043d\u043d\u044f\/\" \/>\n<meta property=\"og:locale\" content=\"uk_UA\" \/>\n<meta property=\"og:type\" content=\"article\" \/>\n<meta property=\"og:title\" content=\"Termos de Uso - Portal\" \/>\n<meta property=\"og:description\" content=\"Se voc\u00ea continuar navegando e usando este site, concorda em cumprir e ficar vinculado aos seguintes termos e condi\u00e7\u00f5es de uso, que, juntamente com nossa pol\u00edtica de privacidade, regem o relacionamento do Portal Hoje com voc\u00ea. Se voc\u00ea discordar de qualquer parte destes termos e condi\u00e7\u00f5es, n\u00e3o use nosso site. O uso deste site est\u00e1 [&hellip;]\" \/>\n<meta property=\"og:url\" content=\"https:\/\/portalhj.com\/uk\/\u0443\u043c\u043e\u0432\u0438-\u043a\u043e\u0440\u0438\u0441\u0442\u0443\u0432\u0430\u043d\u043d\u044f\/\" \/>\n<meta property=\"og:site_name\" content=\"Portal\" \/>\n<meta property=\"article:modified_time\" content=\"2022-10-27T15:22:13+00:00\" \/>\n<meta name=\"twitter:card\" content=\"summary_large_image\" \/>\n<meta name=\"twitter:label1\" content=\"\u041f\u0440\u0438\u0431\u043b. \u0447\u0430\u0441 \u0447\u0438\u0442\u0430\u043d\u043d\u044f\" \/>\n\t<meta name=\"twitter:data1\" content=\"1 \u0445\u0432\u0438\u043b\u0438\u043d\u0430\" \/>\n<script type=\"application\/ld+json\" class=\"yoast-schema-graph\">{\"@context\":\"https:\/\/schema.org\",\"@graph\":[{\"@type\":\"WebPage\",\"@id\":\"https:\/\/portalhj.com\/termos-de-uso\/\",\"url\":\"https:\/\/portalhj.com\/termos-de-uso\/\",\"name\":\"Termos de Uso - Portal\",\"isPartOf\":{\"@id\":\"https:\/\/portalhj.com\/#website\"},\"datePublished\":\"2022-08-17T02:32:01+00:00\",\"dateModified\":\"2022-10-27T15:22:13+00:00\",\"breadcrumb\":{\"@id\":\"https:\/\/portalhj.com\/termos-de-uso\/#breadcrumb\"},\"inLanguage\":\"uk\",\"potentialAction\":[{\"@type\":\"ReadAction\",\"target\":[\"https:\/\/portalhj.com\/termos-de-uso\/\"]}]},{\"@type\":\"BreadcrumbList\",\"@id\":\"https:\/\/portalhj.com\/termos-de-uso\/#breadcrumb\",\"itemListElement\":[{\"@type\":\"ListItem\",\"position\":1,\"name\":\"In\u00edcio\",\"item\":\"https:\/\/portalhj.com\/\"},{\"@type\":\"ListItem\",\"position\":2,\"name\":\"Termos de Uso\"}]},{\"@type\":\"WebSite\",\"@id\":\"https:\/\/portalhj.com\/#website\",\"url\":\"https:\/\/portalhj.com\/\",\"name\":\"Portal\",\"description\":\"Portal Informa\u00e7\u00e3o!\",\"potentialAction\":[{\"@type\":\"SearchAction\",\"target\":{\"@type\":\"EntryPoint\",\"urlTemplate\":\"https:\/\/portalhj.com\/?s={search_term_string}\"},\"query-input\":{\"@type\":\"PropertyValueSpecification\",\"valueRequired\":true,\"valueName\":\"search_term_string\"}}],\"inLanguage\":\"uk\"}]}<\/script>\n<!-- \/ Yoast SEO plugin. -->","yoast_head_json":{"title":"\u0423\u043c\u043e\u0432\u0438 \u0432\u0438\u043a\u043e\u0440\u0438\u0441\u0442\u0430\u043d\u043d\u044f - \u041f\u043e\u0440\u0442\u0430\u043b","robots":{"index":"index","follow":"follow","max-snippet":"max-snippet:-1","max-image-preview":"max-image-preview:large","max-video-preview":"max-video-preview:-1"},"canonical":"https:\/\/portalhj.com\/uk\/\u0443\u043c\u043e\u0432\u0438-\u043a\u043e\u0440\u0438\u0441\u0442\u0443\u0432\u0430\u043d\u043d\u044f\/","og_locale":"uk_UA","og_type":"article","og_title":"Termos de Uso - Portal","og_description":"Se voc\u00ea continuar navegando e usando este site, concorda em cumprir e ficar vinculado aos seguintes termos e condi\u00e7\u00f5es de uso, que, juntamente com nossa pol\u00edtica de privacidade, regem o relacionamento do Portal Hoje com voc\u00ea. Se voc\u00ea discordar de qualquer parte destes termos e condi\u00e7\u00f5es, n\u00e3o use nosso site. O uso deste site est\u00e1 [&hellip;]","og_url":"https:\/\/portalhj.com\/uk\/\u0443\u043c\u043e\u0432\u0438-\u043a\u043e\u0440\u0438\u0441\u0442\u0443\u0432\u0430\u043d\u043d\u044f\/","og_site_name":"Portal","article_modified_time":"2022-10-27T15:22:13+00:00","twitter_card":"summary_large_image","twitter_misc":{"\u041f\u0440\u0438\u0431\u043b. \u0447\u0430\u0441 \u0447\u0438\u0442\u0430\u043d\u043d\u044f":"1 \u0445\u0432\u0438\u043b\u0438\u043d\u0430"},"schema":{"@context":"https:\/\/schema.org","@graph":[{"@type":"WebPage","@id":"https:\/\/portalhj.com\/termos-de-uso\/","url":"https:\/\/portalhj.com\/termos-de-uso\/","name":"\u0423\u043c\u043e\u0432\u0438 \u0432\u0438\u043a\u043e\u0440\u0438\u0441\u0442\u0430\u043d\u043d\u044f - \u041f\u043e\u0440\u0442\u0430\u043b","isPartOf":{"@id":"https:\/\/portalhj.com\/#website"},"datePublished":"2022-08-17T02:32:01+00:00","dateModified":"2022-10-27T15:22:13+00:00","breadcrumb":{"@id":"https:\/\/portalhj.com\/termos-de-uso\/#breadcrumb"},"inLanguage":"uk","potentialAction":[{"@type":"ReadAction","target":["https:\/\/portalhj.com\/termos-de-uso\/"]}]},{"@type":"BreadcrumbList","@id":"https:\/\/portalhj.com\/termos-de-uso\/#breadcrumb","itemListElement":[{"@type":"ListItem","position":1,"name":"In\u00edcio","item":"https:\/\/portalhj.com\/"},{"@type":"ListItem","position":2,"name":"Termos de Uso"}]},{"@type":"WebSite","@id":"https:\/\/portalhj.com\/#website","url":"https:\/\/portalhj.com\/","name":"\u041f\u043e\u0440\u0442\u0430\u043b","description":"\u0406\u043d\u0444\u043e\u0440\u043c\u0430\u0446\u0456\u0439\u043d\u0438\u0439 \u043f\u043e\u0440\u0442\u0430\u043b!","potentialAction":[{"@type":"SearchAction","target":{"@type":"EntryPoint","urlTemplate":"https:\/\/portalhj.com\/?s={search_term_string}"},"query-input":{"@type":"PropertyValueSpecification","valueRequired":true,"valueName":"search_term_string"}}],"inLanguage":"uk"}]}},"_links":{"self":[{"href":"https:\/\/portalhj.com\/uk\/wp-json\/wp\/v2\/pages\/328","targetHints":{"allow":["GET"]}}],"collection":[{"href":"https:\/\/portalhj.com\/uk\/wp-json\/wp\/v2\/pages"}],"about":[{"href":"https:\/\/portalhj.com\/uk\/wp-json\/wp\/v2\/types\/page"}],"author":[{"embeddable":true,"href":"https:\/\/portalhj.com\/uk\/wp-json\/wp\/v2\/users\/1"}],"replies":[{"embeddable":true,"href":"https:\/\/portalhj.com\/uk\/wp-json\/wp\/v2\/comments?post=328"}],"version-history":[{"count":0,"href":"https:\/\/portalhj.com\/uk\/wp-json\/wp\/v2\/pages\/328\/revisions"}],"wp:attachment":[{"href":"https:\/\/portalhj.com\/uk\/wp-json\/wp\/v2\/media?parent=328"}],"curies":[{"name":"wp","href":"https:\/\/api.w.org\/{rel}","templated":true}]}}