{"id":330,"date":"2022-08-17T02:32:49","date_gmt":"2022-08-17T02:32:49","guid":{"rendered":"https:\/\/portalhj.com\/?page_id=330"},"modified":"2022-10-27T15:21:49","modified_gmt":"2022-10-27T15:21:49","slug":"quem-somos","status":"publish","type":"page","link":"https:\/\/portalhj.com\/tr\/biz-kimiz\/","title":{"rendered":"Biz Kimiz"},"content":{"rendered":"<p>Portal Hoje&#039;nin temel amac\u0131 kaliteli bilgiyi kamuoyuna sunmakt\u0131r.<\/p>\n<p>Web sitemizdeki \u00e7e\u015fitli kategorilerle, bilgiyi t\u00fcm Brezilya b\u00f6lgesine ula\u015ft\u0131rmak i\u00e7in teknolojiden en iyi \u015fekilde yararlanmaya odakland\u0131k.<\/p>\n<p>G\u00fcn\u00fcm\u00fczde teknoloji her yerde, \u00f6zellikle de mobil cihazlarda. Bu nedenle web sitemiz, nerede olursan\u0131z olun onu kullanabilmeniz ve bilgi edinebilmeniz i\u00e7in uyarlanm\u0131\u015ft\u0131r.<\/p>\n<p>Ayr\u0131ca her zaman do\u011fru bilgiyi ar\u0131yoruz. Bu nedenle me\u015fhur \u201cYalan Haber\u201dle s\u00fcrekli m\u00fccadele ediyoruz.<\/p>\n<p>Her g\u00fcn, s\u00f6z konusu konu hakk\u0131nda bilgi sahibi, kaliteli yazarlar\u0131n yazd\u0131\u011f\u0131 yeni makaleleri bulabilirsiniz.<\/p>","protected":false},"excerpt":{"rendered":"<p>O Portal Hoje tem como principal objetivo trazer informa\u00e7\u00f5es de qualidade para o p\u00fablico em geral. Com v\u00e1rias categorias dentro de nosso site, estamos focados em fazer um bom uso da tecnologia para levar conhecimento para todo o territ\u00f3rio brasileiro. Hoje a tecnologia est\u00e1 em todo lugar, principalmente nos dispositivos m\u00f3veis. Por isso, o nosso [&hellip;]<\/p>","protected":false},"author":1,"featured_media":0,"parent":0,"menu_order":0,"comment_status":"closed","ping_status":"closed","template":"","meta":{"footnotes":""},"class_list":["post-330","page","type-page","status-publish"],"yoast_head":"<!-- This site is optimized with the Yoast SEO plugin v26.4 - https:\/\/yoast.com\/wordpress\/plugins\/seo\/ -->\n<title>Quem Somos - Portal<\/title>\n<meta name=\"robots\" content=\"index, follow, max-snippet:-1, max-image-preview:large, max-video-preview:-1\" \/>\n<link rel=\"canonical\" href=\"https:\/\/portalhj.com\/tr\/biz-kimiz\/\" \/>\n<meta property=\"og:locale\" content=\"tr_TR\" \/>\n<meta property=\"og:type\" content=\"article\" \/>\n<meta property=\"og:title\" content=\"Quem Somos - Portal\" \/>\n<meta property=\"og:description\" content=\"O Portal Hoje tem como principal objetivo trazer informa\u00e7\u00f5es de qualidade para o p\u00fablico em geral. Com v\u00e1rias categorias dentro de nosso site, estamos focados em fazer um bom uso da tecnologia para levar conhecimento para todo o territ\u00f3rio brasileiro. Hoje a tecnologia est\u00e1 em todo lugar, principalmente nos dispositivos m\u00f3veis. Por isso, o nosso [&hellip;]\" \/>\n<meta property=\"og:url\" content=\"https:\/\/portalhj.com\/tr\/biz-kimiz\/\" \/>\n<meta property=\"og:site_name\" content=\"Portal\" \/>\n<meta property=\"article:modified_time\" content=\"2022-10-27T15:21:49+00:00\" \/>\n<meta name=\"twitter:card\" content=\"summary_large_image\" \/>\n<meta name=\"twitter:label1\" content=\"Tahmini okuma s\u00fcresi\" \/>\n\t<meta name=\"twitter:data1\" content=\"1 dakika\" \/>\n<script type=\"application\/ld+json\" class=\"yoast-schema-graph\">{\"@context\":\"https:\/\/schema.org\",\"@graph\":[{\"@type\":\"WebPage\",\"@id\":\"https:\/\/portalhj.com\/quem-somos\/\",\"url\":\"https:\/\/portalhj.com\/quem-somos\/\",\"name\":\"Quem Somos - Portal\",\"isPartOf\":{\"@id\":\"https:\/\/portalhj.com\/#website\"},\"datePublished\":\"2022-08-17T02:32:49+00:00\",\"dateModified\":\"2022-10-27T15:21:49+00:00\",\"breadcrumb\":{\"@id\":\"https:\/\/portalhj.com\/quem-somos\/#breadcrumb\"},\"inLanguage\":\"tr\",\"potentialAction\":[{\"@type\":\"ReadAction\",\"target\":[\"https:\/\/portalhj.com\/quem-somos\/\"]}]},{\"@type\":\"BreadcrumbList\",\"@id\":\"https:\/\/portalhj.com\/quem-somos\/#breadcrumb\",\"itemListElement\":[{\"@type\":\"ListItem\",\"position\":1,\"name\":\"In\u00edcio\",\"item\":\"https:\/\/portalhj.com\/\"},{\"@type\":\"ListItem\",\"position\":2,\"name\":\"Quem Somos\"}]},{\"@type\":\"WebSite\",\"@id\":\"https:\/\/portalhj.com\/#website\",\"url\":\"https:\/\/portalhj.com\/\",\"name\":\"Portal\",\"description\":\"Portal Informa\u00e7\u00e3o!\",\"potentialAction\":[{\"@type\":\"SearchAction\",\"target\":{\"@type\":\"EntryPoint\",\"urlTemplate\":\"https:\/\/portalhj.com\/?s={search_term_string}\"},\"query-input\":{\"@type\":\"PropertyValueSpecification\",\"valueRequired\":true,\"valueName\":\"search_term_string\"}}],\"inLanguage\":\"tr\"}]}<\/script>\n<!-- \/ Yoast SEO plugin. -->","yoast_head_json":{"title":"Biz Kimiz - Portal","robots":{"index":"index","follow":"follow","max-snippet":"max-snippet:-1","max-image-preview":"max-image-preview:large","max-video-preview":"max-video-preview:-1"},"canonical":"https:\/\/portalhj.com\/tr\/biz-kimiz\/","og_locale":"tr_TR","og_type":"article","og_title":"Quem Somos - Portal","og_description":"O Portal Hoje tem como principal objetivo trazer informa\u00e7\u00f5es de qualidade para o p\u00fablico em geral. Com v\u00e1rias categorias dentro de nosso site, estamos focados em fazer um bom uso da tecnologia para levar conhecimento para todo o territ\u00f3rio brasileiro. Hoje a tecnologia est\u00e1 em todo lugar, principalmente nos dispositivos m\u00f3veis. Por isso, o nosso [&hellip;]","og_url":"https:\/\/portalhj.com\/tr\/biz-kimiz\/","og_site_name":"Portal","article_modified_time":"2022-10-27T15:21:49+00:00","twitter_card":"summary_large_image","twitter_misc":{"Tahmini okuma s\u00fcresi":"1 dakika"},"schema":{"@context":"https:\/\/schema.org","@graph":[{"@type":"WebPage","@id":"https:\/\/portalhj.com\/quem-somos\/","url":"https:\/\/portalhj.com\/quem-somos\/","name":"Biz Kimiz - Portal","isPartOf":{"@id":"https:\/\/portalhj.com\/#website"},"datePublished":"2022-08-17T02:32:49+00:00","dateModified":"2022-10-27T15:21:49+00:00","breadcrumb":{"@id":"https:\/\/portalhj.com\/quem-somos\/#breadcrumb"},"inLanguage":"tr","potentialAction":[{"@type":"ReadAction","target":["https:\/\/portalhj.com\/quem-somos\/"]}]},{"@type":"BreadcrumbList","@id":"https:\/\/portalhj.com\/quem-somos\/#breadcrumb","itemListElement":[{"@type":"ListItem","position":1,"name":"In\u00edcio","item":"https:\/\/portalhj.com\/"},{"@type":"ListItem","position":2,"name":"Quem Somos"}]},{"@type":"WebSite","@id":"https:\/\/portalhj.com\/#website","url":"https:\/\/portalhj.com\/","name":"Portal","description":"Bilgi Portal\u0131!","potentialAction":[{"@type":"SearchAction","target":{"@type":"EntryPoint","urlTemplate":"https:\/\/portalhj.com\/?s={search_term_string}"},"query-input":{"@type":"PropertyValueSpecification","valueRequired":true,"valueName":"search_term_string"}}],"inLanguage":"tr"}]}},"_links":{"self":[{"href":"https:\/\/portalhj.com\/tr\/wp-json\/wp\/v2\/pages\/330","targetHints":{"allow":["GET"]}}],"collection":[{"href":"https:\/\/portalhj.com\/tr\/wp-json\/wp\/v2\/pages"}],"about":[{"href":"https:\/\/portalhj.com\/tr\/wp-json\/wp\/v2\/types\/page"}],"author":[{"embeddable":true,"href":"https:\/\/portalhj.com\/tr\/wp-json\/wp\/v2\/users\/1"}],"replies":[{"embeddable":true,"href":"https:\/\/portalhj.com\/tr\/wp-json\/wp\/v2\/comments?post=330"}],"version-history":[{"count":0,"href":"https:\/\/portalhj.com\/tr\/wp-json\/wp\/v2\/pages\/330\/revisions"}],"wp:attachment":[{"href":"https:\/\/portalhj.com\/tr\/wp-json\/wp\/v2\/media?parent=330"}],"curies":[{"name":"wp","href":"https:\/\/api.w.org\/{rel}","templated":true}]}}