{"id":326,"date":"2022-08-17T02:29:43","date_gmt":"2022-08-17T02:29:43","guid":{"rendered":"https:\/\/portalhj.com\/?page_id=326"},"modified":"2023-06-28T02:36:03","modified_gmt":"2023-06-28T02:36:03","slug":"gizlilik-politikasi","status":"publish","type":"page","link":"https:\/\/portalhj.com\/tr\/gizlilik-politikasi\/","title":{"rendered":"Gizlilik Politikas\u0131"},"content":{"rendered":"<p>Portal Hoje, verilerinizin bak\u0131m\u0131 konusunda maksimum sorumlulu\u011fa sahiptir. Bu nedenle gizlilik ve \u00e7erez politikas\u0131 hakk\u0131nda bilmeniz gereken her \u015feyi bu sayfada bulabilirsiniz.<\/p>\n<p>Bu sayfada belirtilen t\u00fcm noktalar\u0131 dikkatlice okuman\u0131z \u00f6nemlidir. Herhangi bir noktaya kat\u0131lm\u0131yorsan\u0131z bu siteyi kullanm\u0131yorum.<\/p>\n<p>Bilgilerinizi bu Gizlilik Politikas\u0131nda a\u00e7\u0131klanan durumlar d\u0131\u015f\u0131nda kimseyle kullanmayaca\u011f\u0131z veya payla\u015fmayaca\u011f\u0131z.<\/p>\n<h3>Ki\u015fiselle\u015ftirilmi\u015f Reklamc\u0131l\u0131k<\/h3>\n<p>Kullan\u0131c\u0131lar \u015fu adresi ziyaret ederek ki\u015fiselle\u015ftirilmi\u015f reklamlardan vazge\u00e7ebilirler: <a href=\"https:\/\/adssettings.google.com\/authenticated\">Reklam Ayarlar\u0131<\/a>. Alternatif olarak kullan\u0131c\u0131lar\u0131 siteye eri\u015fmeye y\u00f6nlendirebilirsiniz. <a href=\"https:\/\/optout.aboutads.info\/?c=2&amp;lang=ES\">www.aboutads.info<\/a> \u00fc\u00e7\u00fcnc\u00fc taraf ki\u015fiselle\u015ftirilmi\u015f reklam \u00e7erezlerinin kullan\u0131m\u0131n\u0131 devre d\u0131\u015f\u0131 b\u0131rakmak i\u00e7in.<\/p>\n<h3>Bilgilerin Toplanmas\u0131 ve Kullan\u0131m\u0131<\/h3>\n<p>Web sitesini kullan\u0131rken kendinizle ilgili baz\u0131 ki\u015fisel bilgileri doldurman\u0131z istenebilir. Bunlar ad\u0131n\u0131z, telefon numaran\u0131z ve adresiniz olabilir. Sizinle ileti\u015fime ge\u00e7mek veya sitede gezinirken kullan\u0131m tercihlerinizi belirlemek d\u0131\u015f\u0131nda herhangi bir ama\u00e7la kullan\u0131lmayacakt\u0131r.<\/p>\n<h3>Kurabiye<\/h3>\n<p>\u00c7erezler, belirli kullan\u0131c\u0131lar\u0131 tan\u0131mlamak ve gezinme deneyimlerini geli\u015ftirmek i\u00e7in kullan\u0131c\u0131n\u0131n bilgisayar\u0131 ile web sunucusu aras\u0131nda al\u0131n\u0131p verilen k\u00fc\u00e7\u00fck veri k\u00fcmelerini (\u00f6rne\u011fin, kullan\u0131c\u0131 ad\u0131 ve \u015fifre) i\u00e7eren dosyalard\u0131r.<\/p>\n<p>\u00d6rne\u011fin \u00e7erezler, web sitelerinin kullan\u0131c\u0131lar\u0131 tan\u0131mas\u0131na ve oturum a\u00e7ma bilgilerini ve tercihlerini hat\u0131rlamas\u0131na olanak tan\u0131r.<\/p>\n<p>\u00c7erezler, kullan\u0131c\u0131lar yeni bir web sitesini ziyaret etti\u011finde olu\u015fturulur.<\/p>\n<p>\u00c7erezlerimizi reddetmeyi se\u00e7erseniz web sitemizin baz\u0131 b\u00f6l\u00fcmlerini kullanamayabilirsiniz.<\/p>\n<h3>Di\u011fer web sitelerine ba\u011flant\u0131lar<\/h3>\n<p>\u0130\u00e7erik boyunca di\u011fer web sitelerine ba\u011flant\u0131lar bulabilirsiniz. Bunlar, okuduklar\u0131n\u0131z\u0131 tamamlay\u0131c\u0131 i\u00e7eri\u011fe sahip \u00fc\u00e7\u00fcnc\u00fc taraf web siteleridir.<\/p>\n<p>Bu ba\u011flant\u0131lardan birine t\u0131klad\u0131\u011f\u0131n\u0131zda ba\u015fka bir web sitesine y\u00f6nlendirilebilirsiniz. Bu \u00fc\u00e7\u00fcnc\u00fc taraf web sitesindeki verilerin kullan\u0131m\u0131ndan sorumlu de\u011filiz.<\/p>\n<p>Bu nedenle maksimum g\u00fcvenlik istiyorsan\u0131z bu sitelerin Gizlilik Politikas\u0131n\u0131 mutlaka okuyun.<\/p>\n<h3>Bu Gizlilik Politikas\u0131ndaki De\u011fi\u015fiklikler<\/h3>\n<p>Bu Gizlilik Politikas\u0131n\u0131n herhangi bir zamanda de\u011fi\u015ftirilebilece\u011fini bilmeniz \u00f6nemlidir. Bu nedenle her \u015feyin hala ayn\u0131 oldu\u011fundan emin olmak i\u00e7in bu sayfay\u0131 daha s\u0131k ziyaret etmeniz \u00f6nerilir.<\/p>\n<p>Gizlilik Politikam\u0131z hakk\u0131nda herhangi bir sorunuz veya \u00f6neriniz varsa bizimle ileti\u015fime ge\u00e7mekten \u00e7ekinmeyin.<\/p>","protected":false},"excerpt":{"rendered":"<p>O Portal Hoje tem m\u00e1ximo responsabilidade em cuidar dos seus dados. Por isso, nessa p\u00e1gina, voc\u00ea poder\u00e1 encontrar tudo o que precisa saber sobre a pol\u00edtica de privacidade e cookies. \u00c9 importante que voc\u00ea leia com aten\u00e7\u00e3o todos os pontos citados nessa p\u00e1gina. Caso voc\u00ea n\u00e3o esteja de acordo com algum ponto, n\u00e3o fa\u00e7o uso [&hellip;]<\/p>","protected":false},"author":1,"featured_media":0,"parent":0,"menu_order":0,"comment_status":"closed","ping_status":"closed","template":"","meta":{"footnotes":""},"class_list":["post-326","page","type-page","status-publish"],"yoast_head":"<!-- This site is optimized with the Yoast SEO plugin v26.4 - https:\/\/yoast.com\/wordpress\/plugins\/seo\/ -->\n<title>Pol\u00edtica de Privacidade - Portal<\/title>\n<meta name=\"robots\" content=\"index, follow, max-snippet:-1, max-image-preview:large, max-video-preview:-1\" \/>\n<link rel=\"canonical\" href=\"https:\/\/portalhj.com\/tr\/gizlilik-politikasi\/\" \/>\n<meta property=\"og:locale\" content=\"tr_TR\" \/>\n<meta property=\"og:type\" content=\"article\" \/>\n<meta property=\"og:title\" content=\"Pol\u00edtica de Privacidade - Portal\" \/>\n<meta property=\"og:description\" content=\"O Portal Hoje tem m\u00e1ximo responsabilidade em cuidar dos seus dados. Por isso, nessa p\u00e1gina, voc\u00ea poder\u00e1 encontrar tudo o que precisa saber sobre a pol\u00edtica de privacidade e cookies. \u00c9 importante que voc\u00ea leia com aten\u00e7\u00e3o todos os pontos citados nessa p\u00e1gina. Caso voc\u00ea n\u00e3o esteja de acordo com algum ponto, n\u00e3o fa\u00e7o uso [&hellip;]\" \/>\n<meta property=\"og:url\" content=\"https:\/\/portalhj.com\/tr\/gizlilik-politikasi\/\" \/>\n<meta property=\"og:site_name\" content=\"Portal\" \/>\n<meta property=\"article:modified_time\" content=\"2023-06-28T02:36:03+00:00\" \/>\n<meta name=\"twitter:card\" content=\"summary_large_image\" \/>\n<meta name=\"twitter:label1\" content=\"Tahmini okuma s\u00fcresi\" \/>\n\t<meta name=\"twitter:data1\" content=\"3 dakika\" \/>\n<script type=\"application\/ld+json\" class=\"yoast-schema-graph\">{\"@context\":\"https:\/\/schema.org\",\"@graph\":[{\"@type\":\"WebPage\",\"@id\":\"https:\/\/portalhj.com\/politica-de-privacidade\/\",\"url\":\"https:\/\/portalhj.com\/politica-de-privacidade\/\",\"name\":\"Pol\u00edtica de Privacidade - Portal\",\"isPartOf\":{\"@id\":\"https:\/\/portalhj.com\/#website\"},\"datePublished\":\"2022-08-17T02:29:43+00:00\",\"dateModified\":\"2023-06-28T02:36:03+00:00\",\"breadcrumb\":{\"@id\":\"https:\/\/portalhj.com\/politica-de-privacidade\/#breadcrumb\"},\"inLanguage\":\"tr\",\"potentialAction\":[{\"@type\":\"ReadAction\",\"target\":[\"https:\/\/portalhj.com\/politica-de-privacidade\/\"]}]},{\"@type\":\"BreadcrumbList\",\"@id\":\"https:\/\/portalhj.com\/politica-de-privacidade\/#breadcrumb\",\"itemListElement\":[{\"@type\":\"ListItem\",\"position\":1,\"name\":\"In\u00edcio\",\"item\":\"https:\/\/portalhj.com\/\"},{\"@type\":\"ListItem\",\"position\":2,\"name\":\"Pol\u00edtica de Privacidade\"}]},{\"@type\":\"WebSite\",\"@id\":\"https:\/\/portalhj.com\/#website\",\"url\":\"https:\/\/portalhj.com\/\",\"name\":\"Portal\",\"description\":\"Portal Informa\u00e7\u00e3o!\",\"potentialAction\":[{\"@type\":\"SearchAction\",\"target\":{\"@type\":\"EntryPoint\",\"urlTemplate\":\"https:\/\/portalhj.com\/?s={search_term_string}\"},\"query-input\":{\"@type\":\"PropertyValueSpecification\",\"valueRequired\":true,\"valueName\":\"search_term_string\"}}],\"inLanguage\":\"tr\"}]}<\/script>\n<!-- \/ Yoast SEO plugin. -->","yoast_head_json":{"title":"Gizlilik Politikas\u0131 - Portal","robots":{"index":"index","follow":"follow","max-snippet":"max-snippet:-1","max-image-preview":"max-image-preview:large","max-video-preview":"max-video-preview:-1"},"canonical":"https:\/\/portalhj.com\/tr\/gizlilik-politikasi\/","og_locale":"tr_TR","og_type":"article","og_title":"Pol\u00edtica de Privacidade - Portal","og_description":"O Portal Hoje tem m\u00e1ximo responsabilidade em cuidar dos seus dados. Por isso, nessa p\u00e1gina, voc\u00ea poder\u00e1 encontrar tudo o que precisa saber sobre a pol\u00edtica de privacidade e cookies. \u00c9 importante que voc\u00ea leia com aten\u00e7\u00e3o todos os pontos citados nessa p\u00e1gina. Caso voc\u00ea n\u00e3o esteja de acordo com algum ponto, n\u00e3o fa\u00e7o uso [&hellip;]","og_url":"https:\/\/portalhj.com\/tr\/gizlilik-politikasi\/","og_site_name":"Portal","article_modified_time":"2023-06-28T02:36:03+00:00","twitter_card":"summary_large_image","twitter_misc":{"Tahmini okuma s\u00fcresi":"3 dakika"},"schema":{"@context":"https:\/\/schema.org","@graph":[{"@type":"WebPage","@id":"https:\/\/portalhj.com\/politica-de-privacidade\/","url":"https:\/\/portalhj.com\/politica-de-privacidade\/","name":"Gizlilik Politikas\u0131 - Portal","isPartOf":{"@id":"https:\/\/portalhj.com\/#website"},"datePublished":"2022-08-17T02:29:43+00:00","dateModified":"2023-06-28T02:36:03+00:00","breadcrumb":{"@id":"https:\/\/portalhj.com\/politica-de-privacidade\/#breadcrumb"},"inLanguage":"tr","potentialAction":[{"@type":"ReadAction","target":["https:\/\/portalhj.com\/politica-de-privacidade\/"]}]},{"@type":"BreadcrumbList","@id":"https:\/\/portalhj.com\/politica-de-privacidade\/#breadcrumb","itemListElement":[{"@type":"ListItem","position":1,"name":"In\u00edcio","item":"https:\/\/portalhj.com\/"},{"@type":"ListItem","position":2,"name":"Pol\u00edtica de Privacidade"}]},{"@type":"WebSite","@id":"https:\/\/portalhj.com\/#website","url":"https:\/\/portalhj.com\/","name":"Portal","description":"Bilgi Portal\u0131!","potentialAction":[{"@type":"SearchAction","target":{"@type":"EntryPoint","urlTemplate":"https:\/\/portalhj.com\/?s={search_term_string}"},"query-input":{"@type":"PropertyValueSpecification","valueRequired":true,"valueName":"search_term_string"}}],"inLanguage":"tr"}]}},"_links":{"self":[{"href":"https:\/\/portalhj.com\/tr\/wp-json\/wp\/v2\/pages\/326","targetHints":{"allow":["GET"]}}],"collection":[{"href":"https:\/\/portalhj.com\/tr\/wp-json\/wp\/v2\/pages"}],"about":[{"href":"https:\/\/portalhj.com\/tr\/wp-json\/wp\/v2\/types\/page"}],"author":[{"embeddable":true,"href":"https:\/\/portalhj.com\/tr\/wp-json\/wp\/v2\/users\/1"}],"replies":[{"embeddable":true,"href":"https:\/\/portalhj.com\/tr\/wp-json\/wp\/v2\/comments?post=326"}],"version-history":[{"count":1,"href":"https:\/\/portalhj.com\/tr\/wp-json\/wp\/v2\/pages\/326\/revisions"}],"predecessor-version":[{"id":3355,"href":"https:\/\/portalhj.com\/tr\/wp-json\/wp\/v2\/pages\/326\/revisions\/3355"}],"wp:attachment":[{"href":"https:\/\/portalhj.com\/tr\/wp-json\/wp\/v2\/media?parent=326"}],"curies":[{"name":"wp","href":"https:\/\/api.w.org\/{rel}","templated":true}]}}