{"id":2602,"date":"2022-10-27T17:47:59","date_gmt":"2022-10-27T17:47:59","guid":{"rendered":"https:\/\/portalhj.com\/?page_id=2602"},"modified":"2022-10-27T17:47:59","modified_gmt":"2022-10-27T17:47:59","slug":"%d0%be%d1%82%d0%ba%d0%b0%d0%b7-%d0%be%d1%82-%d0%be%d1%82%d0%b2%d0%b5%d1%82%d1%81%d1%82%d0%b2%d0%b5%d0%bd%d0%bd%d0%be%d1%81%d1%82%d0%b8","status":"publish","type":"page","link":"https:\/\/portalhj.com\/ru\/%d0%be%d1%82%d0%ba%d0%b0%d0%b7-%d0%be%d1%82-%d0%be%d1%82%d0%b2%d0%b5%d1%82%d1%81%d1%82%d0%b2%d0%b5%d0%bd%d0%bd%d0%be%d1%81%d1%82%d0%b8\/","title":{"rendered":"\u041e\u0442\u043a\u0430\u0437 \u043e\u0442 \u043e\u0442\u0432\u0435\u0442\u0441\u0442\u0432\u0435\u043d\u043d\u043e\u0441\u0442\u0438"},"content":{"rendered":"<p><strong>\u0412\u043d\u0438\u043c\u0430\u043d\u0438\u0435:<\/strong> \u041e\u0431\u0440\u0430\u0442\u0438\u0442\u0435 \u0432\u043d\u0438\u043c\u0430\u043d\u0438\u0435, \u0447\u0442\u043e Portal Hoje \u043d\u0438 \u043f\u0440\u0438 \u043a\u0430\u043a\u0438\u0445 \u043e\u0431\u0441\u0442\u043e\u044f\u0442\u0435\u043b\u044c\u0441\u0442\u0432\u0430\u0445 \u043d\u0435 \u0437\u0430\u043f\u0440\u0430\u0448\u0438\u0432\u0430\u0435\u0442 \u043b\u0438\u0447\u043d\u044b\u0435 \u0434\u0430\u043d\u043d\u044b\u0435 \u0438\u043b\u0438 \u0441\u0443\u043c\u043c\u044b \u0434\u0435\u043d\u0435\u0433. \u042d\u0442\u043e \u043f\u043e\u0442\u043e\u043c\u0443, \u0447\u0442\u043e \u043c\u044b \u043d\u0435 \u0440\u0430\u0431\u043e\u0442\u0430\u0435\u043c \u0441 \u043a\u0430\u043a\u0438\u043c\u0438-\u043b\u0438\u0431\u043e \u0444\u0438\u043d\u0430\u043d\u0441\u043e\u0432\u044b\u043c\u0438 \u043f\u0440\u043e\u0434\u0443\u043a\u0442\u0430\u043c\u0438. \u0415\u0441\u043b\u0438 \u044d\u0442\u043e \u043f\u0440\u043e\u0438\u0437\u043e\u0439\u0434\u0435\u0442 \u0441 \u0432\u0430\u043c\u0438, \u043f\u043e\u0436\u0430\u043b\u0443\u0439\u0441\u0442\u0430, \u0441\u043e\u043e\u0431\u0449\u0438\u0442\u0435 \u043d\u0430\u043c \u043e\u0431 \u044d\u0442\u043e\u043c.<\/p>\n<p><strong>\u041a\u043e\u043c\u043c\u0435\u043d\u0442\u0430\u0440\u0438\u0438:<\/strong> Portal Hoje \u0446\u0435\u043d\u0438\u0442, \u0447\u0442\u043e\u0431\u044b \u043a\u043e\u043d\u0442\u0435\u043d\u0442 \u0432\u0441\u0435\u0433\u0434\u0430 \u0431\u044b\u043b \u043e\u0440\u0438\u0433\u0438\u043d\u0430\u043b\u044c\u043d\u044b\u043c \u0438 \u043e\u0431\u043d\u043e\u0432\u043b\u044f\u0435\u043c\u044b\u043c. \u041e\u0434\u043d\u0430\u043a\u043e \u043c\u043e\u0433\u0443\u0442 \u0432\u043e\u0437\u043d\u0438\u043a\u043d\u0443\u0442\u044c \u0440\u0430\u0437\u043b\u0438\u0447\u0438\u044f \u0441 \u0434\u0440\u0443\u0433\u0438\u043c \u043a\u043e\u043d\u0442\u0435\u043d\u0442\u043e\u043c \u0432 \u0418\u043d\u0442\u0435\u0440\u043d\u0435\u0442\u0435, \u0438 \u044d\u0442\u043e \u043d\u043e\u0440\u043c\u0430\u043b\u044c\u043d\u043e. \u041f\u043e\u0441\u043a\u043e\u043b\u044c\u043a\u0443 \u044d\u0442\u043e \u0438\u043d\u0444\u043e\u0440\u043c\u0430\u0442\u0438\u0432\u043d\u044b\u0435 \u0442\u0435\u043a\u0441\u0442\u044b, \u043d\u0435\u043a\u043e\u0442\u043e\u0440\u044b\u0435 \u0434\u0440\u0443\u0433\u0438\u0435 \u0440\u0435\u0434\u0430\u043a\u0442\u043e\u0440\u044b \u043c\u043e\u0433\u0443\u0442 \u0434\u0443\u043c\u0430\u0442\u044c \u0438\u043d\u0430\u0447\u0435.<\/p>\n<p>\u041c\u044b \u043d\u0435 \u043d\u0435\u0441\u0435\u043c \u043e\u0442\u0432\u0435\u0442\u0441\u0442\u0432\u0435\u043d\u043d\u043e\u0441\u0442\u0438 \u0437\u0430 \u0438\u043d\u0444\u043e\u0440\u043c\u0430\u0446\u0438\u044e \u043d\u0430 \u043d\u0430\u0448\u0435\u043c \u0441\u0430\u0439\u0442\u0435. \u041f\u043e\u044d\u0442\u043e\u043c\u0443 \u043f\u0440\u043e\u0441\u043c\u043e\u0442\u0440\u0438\u0442\u0435 \u0441\u0442\u0440\u0430\u043d\u0438\u0446\u0443 \u00ab\u041f\u043e\u043b\u0438\u0442\u0438\u043a\u0430 \u043a\u043e\u043d\u0444\u0438\u0434\u0435\u043d\u0446\u0438\u0430\u043b\u044c\u043d\u043e\u0441\u0442\u0438 \u0438 \u0443\u0441\u043b\u043e\u0432\u0438\u044f \u0438\u0441\u043f\u043e\u043b\u044c\u0437\u043e\u0432\u0430\u043d\u0438\u044f\u00bb, \u0447\u0442\u043e\u0431\u044b \u043f\u0440\u0430\u0432\u0438\u043b\u044c\u043d\u043e \u0438\u0441\u043f\u043e\u043b\u044c\u0437\u043e\u0432\u0430\u0442\u044c \u044d\u0442\u043e\u0442 \u0441\u0430\u0439\u0442.<\/p>\n<p><strong>\u041f\u0430\u0440\u0442\u043d\u0435\u0440\u044b:<\/strong> \u041f\u043e\u0440\u0442\u0430\u043b Hoje \u043f\u043e\u043b\u0443\u0447\u0430\u0435\u0442 \u0434\u043e\u0445\u043e\u0434 \u0437\u0430 \u0441\u0447\u0435\u0442 \u0440\u0435\u043a\u043b\u0430\u043c\u044b. \u0414\u0440\u0443\u0433\u0438\u043c\u0438 \u0441\u043b\u043e\u0432\u0430\u043c\u0438, \u0440\u0435\u043a\u043b\u0430\u043c\u0430 \u043f\u043e\u043a\u0430\u0437\u044b\u0432\u0430\u0435\u0442\u0441\u044f, \u0438 \u043c\u044b \u043f\u043e\u043b\u0443\u0447\u0430\u0435\u043c \u0434\u043e\u043b\u044e \u043f\u0440\u0438\u0431\u044b\u043b\u0438. \u041c\u044b \u043d\u0435 \u043d\u0435\u0441\u0435\u043c \u043e\u0442\u0432\u0435\u0442\u0441\u0442\u0432\u0435\u043d\u043d\u043e\u0441\u0442\u0438 \u0437\u0430 \u043e\u0442\u043e\u0431\u0440\u0430\u0436\u0430\u0435\u043c\u0443\u044e \u0440\u0435\u043a\u043b\u0430\u043c\u0443.<\/p>\n<p><strong>\u0421\u043e\u043e\u0431\u0440\u0430\u0436\u0435\u043d\u0438\u044f:<\/strong> Portal Hoje\u00a0\u2014 \u044d\u0442\u043e \u0432\u0435\u0431-\u0441\u0430\u0439\u0442, \u043a\u043e\u0442\u043e\u0440\u044b\u0439 \u0432\u0441\u0435\u0433\u0434\u0430 \u0441\u0442\u0440\u0435\u043c\u0438\u0442\u0441\u044f \u043f\u0440\u0435\u0434\u043b\u043e\u0436\u0438\u0442\u044c \u043f\u043e\u043b\u044c\u0437\u043e\u0432\u0430\u0442\u0435\u043b\u044f\u043c \u043a\u0430\u0447\u0435\u0441\u0442\u0432\u0435\u043d\u043d\u044b\u0439 \u043a\u043e\u043d\u0442\u0435\u043d\u0442. \u0415\u0441\u043b\u0438 \u0432\u0430\u043c \u043d\u0443\u0436\u043d\u0430 \u043e\u0431\u043d\u043e\u0432\u043b\u0435\u043d\u043d\u0430\u044f \u0438\u043d\u0444\u043e\u0440\u043c\u0430\u0446\u0438\u044f, \u043c\u044b \u0432\u0441\u0435\u0433\u0434\u0430 \u0440\u0435\u043a\u043e\u043c\u0435\u043d\u0434\u0443\u0435\u043c \u043f\u0440\u043e\u0432\u0435\u0440\u044f\u0442\u044c \u043e\u0444\u0438\u0446\u0438\u0430\u043b\u044c\u043d\u044b\u0439 \u0441\u0430\u0439\u0442, \u0447\u0442\u043e\u0431\u044b \u043d\u0435 \u0431\u044b\u043b\u043e \u0440\u0430\u0441\u0445\u043e\u0436\u0434\u0435\u043d\u0438\u0439.<\/p>","protected":false},"excerpt":{"rendered":"<p>Aten\u00e7\u00e3o: Saiba que o Portal Hoje n\u00e3o pede, em nenhuma circunst\u00e2ncia, dados pessoas ou quantias de dinheiro. Isso porque, n\u00e3o trabalhamos com produtos financeiros de nenhum g\u00eanero. Caso isso aconte\u00e7a com voc\u00ea, por favor, nos avise. Observa\u00e7\u00f5es: O Portal Hoje preza para que o conte\u00fado seja sempre original e atualizado. Contudo, podem ocorrer diverg\u00eancias com [&hellip;]<\/p>","protected":false},"author":1,"featured_media":0,"parent":0,"menu_order":0,"comment_status":"closed","ping_status":"closed","template":"","meta":{"footnotes":""},"class_list":["post-2602","page","type-page","status-publish"],"yoast_head":"<!-- This site is optimized with the Yoast SEO plugin v26.4 - https:\/\/yoast.com\/wordpress\/plugins\/seo\/ -->\n<title>Disclaimer - Portal<\/title>\n<meta name=\"robots\" content=\"index, follow, max-snippet:-1, max-image-preview:large, max-video-preview:-1\" \/>\n<link rel=\"canonical\" href=\"https:\/\/portalhj.com\/ru\/\u043e\u0442\u043a\u0430\u0437-\u043e\u0442-\u043e\u0442\u0432\u0435\u0442\u0441\u0442\u0432\u0435\u043d\u043d\u043e\u0441\u0442\u0438\/\" \/>\n<meta property=\"og:locale\" content=\"ru_RU\" \/>\n<meta property=\"og:type\" content=\"article\" \/>\n<meta property=\"og:title\" content=\"Disclaimer - Portal\" \/>\n<meta property=\"og:description\" content=\"Aten\u00e7\u00e3o: Saiba que o Portal Hoje n\u00e3o pede, em nenhuma circunst\u00e2ncia, dados pessoas ou quantias de dinheiro. Isso porque, n\u00e3o trabalhamos com produtos financeiros de nenhum g\u00eanero. Caso isso aconte\u00e7a com voc\u00ea, por favor, nos avise. Observa\u00e7\u00f5es: O Portal Hoje preza para que o conte\u00fado seja sempre original e atualizado. Contudo, podem ocorrer diverg\u00eancias com [&hellip;]\" \/>\n<meta property=\"og:url\" content=\"https:\/\/portalhj.com\/ru\/\u043e\u0442\u043a\u0430\u0437-\u043e\u0442-\u043e\u0442\u0432\u0435\u0442\u0441\u0442\u0432\u0435\u043d\u043d\u043e\u0441\u0442\u0438\/\" \/>\n<meta property=\"og:site_name\" content=\"Portal\" \/>\n<meta name=\"twitter:card\" content=\"summary_large_image\" \/>\n<meta name=\"twitter:label1\" content=\"\u041f\u0440\u0438\u043c\u0435\u0440\u043d\u043e\u0435 \u0432\u0440\u0435\u043c\u044f \u0434\u043b\u044f \u0447\u0442\u0435\u043d\u0438\u044f\" \/>\n\t<meta name=\"twitter:data1\" content=\"1 \u043c\u0438\u043d\u0443\u0442\u0430\" \/>\n<script type=\"application\/ld+json\" class=\"yoast-schema-graph\">{\"@context\":\"https:\/\/schema.org\",\"@graph\":[{\"@type\":\"WebPage\",\"@id\":\"https:\/\/portalhj.com\/disclaimer\/\",\"url\":\"https:\/\/portalhj.com\/disclaimer\/\",\"name\":\"Disclaimer - Portal\",\"isPartOf\":{\"@id\":\"https:\/\/portalhj.com\/#website\"},\"datePublished\":\"2022-10-27T17:47:59+00:00\",\"breadcrumb\":{\"@id\":\"https:\/\/portalhj.com\/disclaimer\/#breadcrumb\"},\"inLanguage\":\"ru-RU\",\"potentialAction\":[{\"@type\":\"ReadAction\",\"target\":[\"https:\/\/portalhj.com\/disclaimer\/\"]}]},{\"@type\":\"BreadcrumbList\",\"@id\":\"https:\/\/portalhj.com\/disclaimer\/#breadcrumb\",\"itemListElement\":[{\"@type\":\"ListItem\",\"position\":1,\"name\":\"In\u00edcio\",\"item\":\"https:\/\/portalhj.com\/\"},{\"@type\":\"ListItem\",\"position\":2,\"name\":\"Disclaimer\"}]},{\"@type\":\"WebSite\",\"@id\":\"https:\/\/portalhj.com\/#website\",\"url\":\"https:\/\/portalhj.com\/\",\"name\":\"Portal\",\"description\":\"Portal Informa\u00e7\u00e3o!\",\"potentialAction\":[{\"@type\":\"SearchAction\",\"target\":{\"@type\":\"EntryPoint\",\"urlTemplate\":\"https:\/\/portalhj.com\/?s={search_term_string}\"},\"query-input\":{\"@type\":\"PropertyValueSpecification\",\"valueRequired\":true,\"valueName\":\"search_term_string\"}}],\"inLanguage\":\"ru-RU\"}]}<\/script>\n<!-- \/ Yoast SEO plugin. -->","yoast_head_json":{"title":"\u041e\u0442\u043a\u0430\u0437 \u043e\u0442 \u043e\u0442\u0432\u0435\u0442\u0441\u0442\u0432\u0435\u043d\u043d\u043e\u0441\u0442\u0438 - \u041f\u043e\u0440\u0442\u0430\u043b","robots":{"index":"index","follow":"follow","max-snippet":"max-snippet:-1","max-image-preview":"max-image-preview:large","max-video-preview":"max-video-preview:-1"},"canonical":"https:\/\/portalhj.com\/ru\/\u043e\u0442\u043a\u0430\u0437-\u043e\u0442-\u043e\u0442\u0432\u0435\u0442\u0441\u0442\u0432\u0435\u043d\u043d\u043e\u0441\u0442\u0438\/","og_locale":"ru_RU","og_type":"article","og_title":"Disclaimer - Portal","og_description":"Aten\u00e7\u00e3o: Saiba que o Portal Hoje n\u00e3o pede, em nenhuma circunst\u00e2ncia, dados pessoas ou quantias de dinheiro. Isso porque, n\u00e3o trabalhamos com produtos financeiros de nenhum g\u00eanero. Caso isso aconte\u00e7a com voc\u00ea, por favor, nos avise. Observa\u00e7\u00f5es: O Portal Hoje preza para que o conte\u00fado seja sempre original e atualizado. Contudo, podem ocorrer diverg\u00eancias com [&hellip;]","og_url":"https:\/\/portalhj.com\/ru\/\u043e\u0442\u043a\u0430\u0437-\u043e\u0442-\u043e\u0442\u0432\u0435\u0442\u0441\u0442\u0432\u0435\u043d\u043d\u043e\u0441\u0442\u0438\/","og_site_name":"Portal","twitter_card":"summary_large_image","twitter_misc":{"\u041f\u0440\u0438\u043c\u0435\u0440\u043d\u043e\u0435 \u0432\u0440\u0435\u043c\u044f \u0434\u043b\u044f \u0447\u0442\u0435\u043d\u0438\u044f":"1 \u043c\u0438\u043d\u0443\u0442\u0430"},"schema":{"@context":"https:\/\/schema.org","@graph":[{"@type":"WebPage","@id":"https:\/\/portalhj.com\/disclaimer\/","url":"https:\/\/portalhj.com\/disclaimer\/","name":"\u041e\u0442\u043a\u0430\u0437 \u043e\u0442 \u043e\u0442\u0432\u0435\u0442\u0441\u0442\u0432\u0435\u043d\u043d\u043e\u0441\u0442\u0438 - \u041f\u043e\u0440\u0442\u0430\u043b","isPartOf":{"@id":"https:\/\/portalhj.com\/#website"},"datePublished":"2022-10-27T17:47:59+00:00","breadcrumb":{"@id":"https:\/\/portalhj.com\/disclaimer\/#breadcrumb"},"inLanguage":"ru-RU","potentialAction":[{"@type":"ReadAction","target":["https:\/\/portalhj.com\/disclaimer\/"]}]},{"@type":"BreadcrumbList","@id":"https:\/\/portalhj.com\/disclaimer\/#breadcrumb","itemListElement":[{"@type":"ListItem","position":1,"name":"In\u00edcio","item":"https:\/\/portalhj.com\/"},{"@type":"ListItem","position":2,"name":"Disclaimer"}]},{"@type":"WebSite","@id":"https:\/\/portalhj.com\/#website","url":"https:\/\/portalhj.com\/","name":"\u041f\u043e\u0440\u0442\u0430\u043b","description":"\u0418\u043d\u0444\u043e\u0440\u043c\u0430\u0446\u0438\u043e\u043d\u043d\u044b\u0439 \u043f\u043e\u0440\u0442\u0430\u043b!","potentialAction":[{"@type":"SearchAction","target":{"@type":"EntryPoint","urlTemplate":"https:\/\/portalhj.com\/?s={search_term_string}"},"query-input":{"@type":"PropertyValueSpecification","valueRequired":true,"valueName":"search_term_string"}}],"inLanguage":"ru-RU"}]}},"_links":{"self":[{"href":"https:\/\/portalhj.com\/ru\/wp-json\/wp\/v2\/pages\/2602","targetHints":{"allow":["GET"]}}],"collection":[{"href":"https:\/\/portalhj.com\/ru\/wp-json\/wp\/v2\/pages"}],"about":[{"href":"https:\/\/portalhj.com\/ru\/wp-json\/wp\/v2\/types\/page"}],"author":[{"embeddable":true,"href":"https:\/\/portalhj.com\/ru\/wp-json\/wp\/v2\/users\/1"}],"replies":[{"embeddable":true,"href":"https:\/\/portalhj.com\/ru\/wp-json\/wp\/v2\/comments?post=2602"}],"version-history":[{"count":0,"href":"https:\/\/portalhj.com\/ru\/wp-json\/wp\/v2\/pages\/2602\/revisions"}],"wp:attachment":[{"href":"https:\/\/portalhj.com\/ru\/wp-json\/wp\/v2\/media?parent=2602"}],"curies":[{"name":"wp","href":"https:\/\/api.w.org\/{rel}","templated":true}]}}