{"id":326,"date":"2022-08-17T02:29:43","date_gmt":"2022-08-17T02:29:43","guid":{"rendered":"https:\/\/portalhj.com\/?page_id=326"},"modified":"2023-06-28T02:36:03","modified_gmt":"2023-06-28T02:36:03","slug":"politica-de-confidentialitate","status":"publish","type":"page","link":"https:\/\/portalhj.com\/ro\/politica-de-confidentialitate\/","title":{"rendered":"Politica de confiden\u021bialitate"},"content":{"rendered":"<p>Portal Hoje are responsabilitatea maxim\u0103 pentru \u00eengrijirea datelor dumneavoastr\u0103. Prin urmare, pe aceast\u0103 pagin\u0103, pute\u021bi g\u0103si tot ce trebuie s\u0103 \u0219ti\u021bi despre politica de confiden\u021bialitate \u0219i cookie-uri.<\/p>\n<p>Este important s\u0103 citi\u021bi cu aten\u021bie toate punctele men\u021bionate pe aceast\u0103 pagin\u0103. Dac\u0103 nu sunte\u021bi de acord cu niciun punct, nu folosesc acest site.<\/p>\n<p>Nu vom folosi \u0219i nu vom \u00eemp\u0103rt\u0103\u0219i informa\u021biile dvs. cu nimeni, cu excep\u021bia celor descrise \u00een aceast\u0103 Politic\u0103 de confiden\u021bialitate.<\/p>\n<h3>Publicitate personalizata<\/h3>\n<p>Utilizatorii pot renun\u021ba la publicitatea personalizat\u0103 vizit\u00e2nd site-ul <a href=\"https:\/\/adssettings.google.com\/authenticated\">Set\u0103ri pentru anun\u021buri<\/a>. Alternativ, pute\u021bi direc\u021biona utilizatorilor s\u0103 acceseze site-ul <a href=\"https:\/\/optout.aboutads.info\/?c=2&amp;lang=ES\">www.aboutads.info<\/a> pentru a dezactiva utilizarea cookie-urilor de publicitate personalizate de la ter\u021bi.<\/p>\n<h3>Colectarea \u0219i utilizarea informa\u021biilor<\/h3>\n<p>\u00cen timp ce utiliza\u021bi site-ul web, vi se poate cere s\u0103 completa\u021bi c\u00e2teva informa\u021bii personale despre dvs. Acestea ar putea fi numele, num\u0103rul de telefon \u0219i adresa dvs. Acestea nu vor fi folosite pentru altceva dec\u00e2t pentru a v\u0103 contacta sau pentru a v\u0103 identifica preferin\u021bele de utilizare \u00een timpul navig\u0103rii pe site.<\/p>\n<h3>Cookie-uri<\/h3>\n<p>Cookie-urile sunt fi\u0219iere care con\u021bin seturi mici de date (un nume de utilizator \u0219i o parol\u0103, de exemplu) schimbate \u00eentre computerul unui utilizator \u0219i un server web pentru a identifica anumi\u021bi utilizatori \u0219i pentru a le \u00eembun\u0103t\u0103\u021bi experien\u021ba de navigare.<\/p>\n<p>De exemplu, cookie-urile permit site-urilor web s\u0103 recunoasc\u0103 utilizatorii \u0219i s\u0103-\u0219i aminteasc\u0103 informa\u021biile de conectare \u0219i preferin\u021bele acestora.<\/p>\n<p>Cookie-urile sunt generate atunci c\u00e2nd utilizatorii viziteaz\u0103 un site web nou.<\/p>\n<p>Dac\u0103 alege\u021bi s\u0103 refuza\u021bi cookie-urile noastre, este posibil s\u0103 nu pute\u021bi utiliza anumite p\u0103r\u021bi ale site-ului nostru.<\/p>\n<h3>Link-uri c\u0103tre alte site-uri web<\/h3>\n<p>De-a lungul con\u021binutului, pute\u021bi g\u0103si link-uri c\u0103tre alte site-uri web. Acestea sunt site-uri web ale unor ter\u021be p\u0103r\u021bi care au con\u021binut complementar cu ceea ce citi\u021bi.<\/p>\n<p>C\u00e2nd face\u021bi clic pe unul dintre aceste link-uri, este posibil s\u0103 fi\u021bi redirec\u021bionat c\u0103tre un alt site web. Nu suntem responsabili pentru utilizarea datelor de pe acest site web ter\u021b\u0103 parte.<\/p>\n<p>Prin urmare, dac\u0103 dori\u021bi securitate maxim\u0103, asigura\u021bi-v\u0103 c\u0103 citi\u021bi Politica de confiden\u021bialitate a acestor site-uri.<\/p>\n<h3>Modific\u0103ri ale acestei Politici de confiden\u021bialitate<\/h3>\n<p>Este important s\u0103 \u0219ti\u021bi c\u0103 aceast\u0103 Politic\u0103 de confiden\u021bialitate poate fi modificat\u0103 \u00een orice moment. Prin urmare, este recomandabil s\u0103 vizita\u021bi aceast\u0103 pagin\u0103 mai des pentru a confirma c\u0103 totul este \u00een continuare la fel.<\/p>\n<p>Dac\u0103 ave\u021bi \u00eentreb\u0103ri sau sugestii despre politica noastr\u0103 de confiden\u021bialitate, nu ezita\u021bi s\u0103 ne contacta\u021bi.<\/p>","protected":false},"excerpt":{"rendered":"<p>O Portal Hoje tem m\u00e1ximo responsabilidade em cuidar dos seus dados. Por isso, nessa p\u00e1gina, voc\u00ea poder\u00e1 encontrar tudo o que precisa saber sobre a pol\u00edtica de privacidade e cookies. \u00c9 importante que voc\u00ea leia com aten\u00e7\u00e3o todos os pontos citados nessa p\u00e1gina. Caso voc\u00ea n\u00e3o esteja de acordo com algum ponto, n\u00e3o fa\u00e7o uso [&hellip;]<\/p>","protected":false},"author":1,"featured_media":0,"parent":0,"menu_order":0,"comment_status":"closed","ping_status":"closed","template":"","meta":{"footnotes":""},"class_list":["post-326","page","type-page","status-publish"],"yoast_head":"<!-- This site is optimized with the Yoast SEO plugin v26.4 - https:\/\/yoast.com\/wordpress\/plugins\/seo\/ -->\n<title>Pol\u00edtica de Privacidade - Portal<\/title>\n<meta name=\"robots\" content=\"index, follow, max-snippet:-1, max-image-preview:large, max-video-preview:-1\" \/>\n<link rel=\"canonical\" href=\"https:\/\/portalhj.com\/ro\/politica-de-confidentialitate\/\" \/>\n<meta property=\"og:locale\" content=\"ro_RO\" \/>\n<meta property=\"og:type\" content=\"article\" \/>\n<meta property=\"og:title\" content=\"Pol\u00edtica de Privacidade - Portal\" \/>\n<meta property=\"og:description\" content=\"O Portal Hoje tem m\u00e1ximo responsabilidade em cuidar dos seus dados. Por isso, nessa p\u00e1gina, voc\u00ea poder\u00e1 encontrar tudo o que precisa saber sobre a pol\u00edtica de privacidade e cookies. \u00c9 importante que voc\u00ea leia com aten\u00e7\u00e3o todos os pontos citados nessa p\u00e1gina. Caso voc\u00ea n\u00e3o esteja de acordo com algum ponto, n\u00e3o fa\u00e7o uso [&hellip;]\" \/>\n<meta property=\"og:url\" content=\"https:\/\/portalhj.com\/ro\/politica-de-confidentialitate\/\" \/>\n<meta property=\"og:site_name\" content=\"Portal\" \/>\n<meta property=\"article:modified_time\" content=\"2023-06-28T02:36:03+00:00\" \/>\n<meta name=\"twitter:card\" content=\"summary_large_image\" \/>\n<meta name=\"twitter:label1\" content=\"Timp estimat pentru citire\" \/>\n\t<meta name=\"twitter:data1\" content=\"3 minute\" \/>\n<script type=\"application\/ld+json\" class=\"yoast-schema-graph\">{\"@context\":\"https:\/\/schema.org\",\"@graph\":[{\"@type\":\"WebPage\",\"@id\":\"https:\/\/portalhj.com\/politica-de-privacidade\/\",\"url\":\"https:\/\/portalhj.com\/politica-de-privacidade\/\",\"name\":\"Pol\u00edtica de Privacidade - Portal\",\"isPartOf\":{\"@id\":\"https:\/\/portalhj.com\/#website\"},\"datePublished\":\"2022-08-17T02:29:43+00:00\",\"dateModified\":\"2023-06-28T02:36:03+00:00\",\"breadcrumb\":{\"@id\":\"https:\/\/portalhj.com\/politica-de-privacidade\/#breadcrumb\"},\"inLanguage\":\"ro-RO\",\"potentialAction\":[{\"@type\":\"ReadAction\",\"target\":[\"https:\/\/portalhj.com\/politica-de-privacidade\/\"]}]},{\"@type\":\"BreadcrumbList\",\"@id\":\"https:\/\/portalhj.com\/politica-de-privacidade\/#breadcrumb\",\"itemListElement\":[{\"@type\":\"ListItem\",\"position\":1,\"name\":\"In\u00edcio\",\"item\":\"https:\/\/portalhj.com\/\"},{\"@type\":\"ListItem\",\"position\":2,\"name\":\"Pol\u00edtica de Privacidade\"}]},{\"@type\":\"WebSite\",\"@id\":\"https:\/\/portalhj.com\/#website\",\"url\":\"https:\/\/portalhj.com\/\",\"name\":\"Portal\",\"description\":\"Portal Informa\u00e7\u00e3o!\",\"potentialAction\":[{\"@type\":\"SearchAction\",\"target\":{\"@type\":\"EntryPoint\",\"urlTemplate\":\"https:\/\/portalhj.com\/?s={search_term_string}\"},\"query-input\":{\"@type\":\"PropertyValueSpecification\",\"valueRequired\":true,\"valueName\":\"search_term_string\"}}],\"inLanguage\":\"ro-RO\"}]}<\/script>\n<!-- \/ Yoast SEO plugin. -->","yoast_head_json":{"title":"Politica de confiden\u021bialitate - Portal","robots":{"index":"index","follow":"follow","max-snippet":"max-snippet:-1","max-image-preview":"max-image-preview:large","max-video-preview":"max-video-preview:-1"},"canonical":"https:\/\/portalhj.com\/ro\/politica-de-confidentialitate\/","og_locale":"ro_RO","og_type":"article","og_title":"Pol\u00edtica de Privacidade - Portal","og_description":"O Portal Hoje tem m\u00e1ximo responsabilidade em cuidar dos seus dados. Por isso, nessa p\u00e1gina, voc\u00ea poder\u00e1 encontrar tudo o que precisa saber sobre a pol\u00edtica de privacidade e cookies. \u00c9 importante que voc\u00ea leia com aten\u00e7\u00e3o todos os pontos citados nessa p\u00e1gina. Caso voc\u00ea n\u00e3o esteja de acordo com algum ponto, n\u00e3o fa\u00e7o uso [&hellip;]","og_url":"https:\/\/portalhj.com\/ro\/politica-de-confidentialitate\/","og_site_name":"Portal","article_modified_time":"2023-06-28T02:36:03+00:00","twitter_card":"summary_large_image","twitter_misc":{"Timp estimat pentru citire":"3 minute"},"schema":{"@context":"https:\/\/schema.org","@graph":[{"@type":"WebPage","@id":"https:\/\/portalhj.com\/politica-de-privacidade\/","url":"https:\/\/portalhj.com\/politica-de-privacidade\/","name":"Politica de confiden\u021bialitate - Portal","isPartOf":{"@id":"https:\/\/portalhj.com\/#website"},"datePublished":"2022-08-17T02:29:43+00:00","dateModified":"2023-06-28T02:36:03+00:00","breadcrumb":{"@id":"https:\/\/portalhj.com\/politica-de-privacidade\/#breadcrumb"},"inLanguage":"ro-RO","potentialAction":[{"@type":"ReadAction","target":["https:\/\/portalhj.com\/politica-de-privacidade\/"]}]},{"@type":"BreadcrumbList","@id":"https:\/\/portalhj.com\/politica-de-privacidade\/#breadcrumb","itemListElement":[{"@type":"ListItem","position":1,"name":"In\u00edcio","item":"https:\/\/portalhj.com\/"},{"@type":"ListItem","position":2,"name":"Pol\u00edtica de Privacidade"}]},{"@type":"WebSite","@id":"https:\/\/portalhj.com\/#website","url":"https:\/\/portalhj.com\/","name":"Portal","description":"Portal de informa\u021bii!","potentialAction":[{"@type":"SearchAction","target":{"@type":"EntryPoint","urlTemplate":"https:\/\/portalhj.com\/?s={search_term_string}"},"query-input":{"@type":"PropertyValueSpecification","valueRequired":true,"valueName":"search_term_string"}}],"inLanguage":"ro-RO"}]}},"_links":{"self":[{"href":"https:\/\/portalhj.com\/ro\/wp-json\/wp\/v2\/pages\/326","targetHints":{"allow":["GET"]}}],"collection":[{"href":"https:\/\/portalhj.com\/ro\/wp-json\/wp\/v2\/pages"}],"about":[{"href":"https:\/\/portalhj.com\/ro\/wp-json\/wp\/v2\/types\/page"}],"author":[{"embeddable":true,"href":"https:\/\/portalhj.com\/ro\/wp-json\/wp\/v2\/users\/1"}],"replies":[{"embeddable":true,"href":"https:\/\/portalhj.com\/ro\/wp-json\/wp\/v2\/comments?post=326"}],"version-history":[{"count":1,"href":"https:\/\/portalhj.com\/ro\/wp-json\/wp\/v2\/pages\/326\/revisions"}],"predecessor-version":[{"id":3355,"href":"https:\/\/portalhj.com\/ro\/wp-json\/wp\/v2\/pages\/326\/revisions\/3355"}],"wp:attachment":[{"href":"https:\/\/portalhj.com\/ro\/wp-json\/wp\/v2\/media?parent=326"}],"curies":[{"name":"wp","href":"https:\/\/api.w.org\/{rel}","templated":true}]}}