{"id":2602,"date":"2022-10-27T17:47:59","date_gmt":"2022-10-27T17:47:59","guid":{"rendered":"https:\/\/portalhj.com\/?page_id=2602"},"modified":"2022-10-27T17:47:59","modified_gmt":"2022-10-27T17:47:59","slug":"declinare-a-raspunderii","status":"publish","type":"page","link":"https:\/\/portalhj.com\/ro\/declinare-a-raspunderii\/","title":{"rendered":"Disclaimer"},"content":{"rendered":"<p><strong>Aten\u0163ie:<\/strong> V\u0103 rug\u0103m s\u0103 re\u021bine\u021bi c\u0103 Portal Hoje nu solicit\u0103, \u00een niciun caz, date personale sau sume de bani. Acest lucru se datoreaz\u0103 faptului c\u0103 nu lucr\u0103m cu produse financiare de niciun fel. Dac\u0103 vi se \u00eent\u00e2mpl\u0103 acest lucru, v\u0103 rug\u0103m s\u0103 ne anun\u021ba\u021bi.<\/p>\n<p><strong>Comentarii:<\/strong> Portal Hoje apreciaz\u0103 c\u0103 con\u021binutul este \u00eentotdeauna original \u0219i actualizat. Cu toate acestea, pot ap\u0103rea diferen\u021be cu alte con\u021binuturi de pe internet \u0219i acest lucru este normal. Deoarece acestea sunt texte informative, al\u021bi editori pot g\u00e2ndi diferit.<\/p>\n<p>Nu avem nicio responsabilitate pentru informa\u021biile din site-ul nostru. Prin urmare, arunca\u021bi o privire la pagina Politici de confiden\u021bialitate \u0219i Termeni de utilizare pentru a utiliza corect acest site.<\/p>\n<p><strong>Parteneri:<\/strong> Modul \u00een care Portal Hoje genereaz\u0103 venituri este prin publicitate. Cu alte cuvinte, reclamele sunt afi\u0219ate \u0219i noi c\u00e2\u0219tig\u0103m o parte din profit. Nu suntem responsabili pentru reclamele afi\u0219ate.<\/p>\n<p><strong>Considera\u021bii:<\/strong> Portal Hoje este un site web care caut\u0103 mereu s\u0103 ofere con\u021binut de calitate utilizatorilor. Dac\u0103 ave\u021bi nevoie de informa\u021bii actualizate, v\u0103 recomand\u0103m \u00eentotdeauna s\u0103 verifica\u021bi site-ul oficial, astfel \u00eenc\u00e2t s\u0103 nu existe discrepan\u021be.<\/p>","protected":false},"excerpt":{"rendered":"<p>Aten\u00e7\u00e3o: Saiba que o Portal Hoje n\u00e3o pede, em nenhuma circunst\u00e2ncia, dados pessoas ou quantias de dinheiro. Isso porque, n\u00e3o trabalhamos com produtos financeiros de nenhum g\u00eanero. Caso isso aconte\u00e7a com voc\u00ea, por favor, nos avise. Observa\u00e7\u00f5es: O Portal Hoje preza para que o conte\u00fado seja sempre original e atualizado. Contudo, podem ocorrer diverg\u00eancias com [&hellip;]<\/p>","protected":false},"author":1,"featured_media":0,"parent":0,"menu_order":0,"comment_status":"closed","ping_status":"closed","template":"","meta":{"footnotes":""},"class_list":["post-2602","page","type-page","status-publish"],"yoast_head":"<!-- This site is optimized with the Yoast SEO plugin v26.4 - https:\/\/yoast.com\/wordpress\/plugins\/seo\/ -->\n<title>Disclaimer - Portal<\/title>\n<meta name=\"robots\" content=\"index, follow, max-snippet:-1, max-image-preview:large, max-video-preview:-1\" \/>\n<link rel=\"canonical\" href=\"https:\/\/portalhj.com\/ro\/declinare-a-raspunderii\/\" \/>\n<meta property=\"og:locale\" content=\"ro_RO\" \/>\n<meta property=\"og:type\" content=\"article\" \/>\n<meta property=\"og:title\" content=\"Disclaimer - Portal\" \/>\n<meta property=\"og:description\" content=\"Aten\u00e7\u00e3o: Saiba que o Portal Hoje n\u00e3o pede, em nenhuma circunst\u00e2ncia, dados pessoas ou quantias de dinheiro. Isso porque, n\u00e3o trabalhamos com produtos financeiros de nenhum g\u00eanero. Caso isso aconte\u00e7a com voc\u00ea, por favor, nos avise. Observa\u00e7\u00f5es: O Portal Hoje preza para que o conte\u00fado seja sempre original e atualizado. Contudo, podem ocorrer diverg\u00eancias com [&hellip;]\" \/>\n<meta property=\"og:url\" content=\"https:\/\/portalhj.com\/ro\/declinare-a-raspunderii\/\" \/>\n<meta property=\"og:site_name\" content=\"Portal\" \/>\n<meta name=\"twitter:card\" content=\"summary_large_image\" \/>\n<meta name=\"twitter:label1\" content=\"Timp estimat pentru citire\" \/>\n\t<meta name=\"twitter:data1\" content=\"1 minut\" \/>\n<script type=\"application\/ld+json\" class=\"yoast-schema-graph\">{\"@context\":\"https:\/\/schema.org\",\"@graph\":[{\"@type\":\"WebPage\",\"@id\":\"https:\/\/portalhj.com\/disclaimer\/\",\"url\":\"https:\/\/portalhj.com\/disclaimer\/\",\"name\":\"Disclaimer - Portal\",\"isPartOf\":{\"@id\":\"https:\/\/portalhj.com\/#website\"},\"datePublished\":\"2022-10-27T17:47:59+00:00\",\"breadcrumb\":{\"@id\":\"https:\/\/portalhj.com\/disclaimer\/#breadcrumb\"},\"inLanguage\":\"ro-RO\",\"potentialAction\":[{\"@type\":\"ReadAction\",\"target\":[\"https:\/\/portalhj.com\/disclaimer\/\"]}]},{\"@type\":\"BreadcrumbList\",\"@id\":\"https:\/\/portalhj.com\/disclaimer\/#breadcrumb\",\"itemListElement\":[{\"@type\":\"ListItem\",\"position\":1,\"name\":\"In\u00edcio\",\"item\":\"https:\/\/portalhj.com\/\"},{\"@type\":\"ListItem\",\"position\":2,\"name\":\"Disclaimer\"}]},{\"@type\":\"WebSite\",\"@id\":\"https:\/\/portalhj.com\/#website\",\"url\":\"https:\/\/portalhj.com\/\",\"name\":\"Portal\",\"description\":\"Portal Informa\u00e7\u00e3o!\",\"potentialAction\":[{\"@type\":\"SearchAction\",\"target\":{\"@type\":\"EntryPoint\",\"urlTemplate\":\"https:\/\/portalhj.com\/?s={search_term_string}\"},\"query-input\":{\"@type\":\"PropertyValueSpecification\",\"valueRequired\":true,\"valueName\":\"search_term_string\"}}],\"inLanguage\":\"ro-RO\"}]}<\/script>\n<!-- \/ Yoast SEO plugin. -->","yoast_head_json":{"title":"Disclaimer - Portal","robots":{"index":"index","follow":"follow","max-snippet":"max-snippet:-1","max-image-preview":"max-image-preview:large","max-video-preview":"max-video-preview:-1"},"canonical":"https:\/\/portalhj.com\/ro\/declinare-a-raspunderii\/","og_locale":"ro_RO","og_type":"article","og_title":"Disclaimer - Portal","og_description":"Aten\u00e7\u00e3o: Saiba que o Portal Hoje n\u00e3o pede, em nenhuma circunst\u00e2ncia, dados pessoas ou quantias de dinheiro. Isso porque, n\u00e3o trabalhamos com produtos financeiros de nenhum g\u00eanero. Caso isso aconte\u00e7a com voc\u00ea, por favor, nos avise. Observa\u00e7\u00f5es: O Portal Hoje preza para que o conte\u00fado seja sempre original e atualizado. Contudo, podem ocorrer diverg\u00eancias com [&hellip;]","og_url":"https:\/\/portalhj.com\/ro\/declinare-a-raspunderii\/","og_site_name":"Portal","twitter_card":"summary_large_image","twitter_misc":{"Timp estimat pentru citire":"1 minut"},"schema":{"@context":"https:\/\/schema.org","@graph":[{"@type":"WebPage","@id":"https:\/\/portalhj.com\/disclaimer\/","url":"https:\/\/portalhj.com\/disclaimer\/","name":"Disclaimer - Portal","isPartOf":{"@id":"https:\/\/portalhj.com\/#website"},"datePublished":"2022-10-27T17:47:59+00:00","breadcrumb":{"@id":"https:\/\/portalhj.com\/disclaimer\/#breadcrumb"},"inLanguage":"ro-RO","potentialAction":[{"@type":"ReadAction","target":["https:\/\/portalhj.com\/disclaimer\/"]}]},{"@type":"BreadcrumbList","@id":"https:\/\/portalhj.com\/disclaimer\/#breadcrumb","itemListElement":[{"@type":"ListItem","position":1,"name":"In\u00edcio","item":"https:\/\/portalhj.com\/"},{"@type":"ListItem","position":2,"name":"Disclaimer"}]},{"@type":"WebSite","@id":"https:\/\/portalhj.com\/#website","url":"https:\/\/portalhj.com\/","name":"Portal","description":"Portal de informa\u021bii!","potentialAction":[{"@type":"SearchAction","target":{"@type":"EntryPoint","urlTemplate":"https:\/\/portalhj.com\/?s={search_term_string}"},"query-input":{"@type":"PropertyValueSpecification","valueRequired":true,"valueName":"search_term_string"}}],"inLanguage":"ro-RO"}]}},"_links":{"self":[{"href":"https:\/\/portalhj.com\/ro\/wp-json\/wp\/v2\/pages\/2602","targetHints":{"allow":["GET"]}}],"collection":[{"href":"https:\/\/portalhj.com\/ro\/wp-json\/wp\/v2\/pages"}],"about":[{"href":"https:\/\/portalhj.com\/ro\/wp-json\/wp\/v2\/types\/page"}],"author":[{"embeddable":true,"href":"https:\/\/portalhj.com\/ro\/wp-json\/wp\/v2\/users\/1"}],"replies":[{"embeddable":true,"href":"https:\/\/portalhj.com\/ro\/wp-json\/wp\/v2\/comments?post=2602"}],"version-history":[{"count":0,"href":"https:\/\/portalhj.com\/ro\/wp-json\/wp\/v2\/pages\/2602\/revisions"}],"wp:attachment":[{"href":"https:\/\/portalhj.com\/ro\/wp-json\/wp\/v2\/media?parent=2602"}],"curies":[{"name":"wp","href":"https:\/\/api.w.org\/{rel}","templated":true}]}}