{"id":326,"date":"2022-08-17T02:29:43","date_gmt":"2022-08-17T02:29:43","guid":{"rendered":"https:\/\/portalhj.com\/?page_id=326"},"modified":"2023-06-28T02:36:03","modified_gmt":"2023-06-28T02:36:03","slug":"polityka-prywatnosci","status":"publish","type":"page","link":"https:\/\/portalhj.com\/pl\/polityka-prywatnosci\/","title":{"rendered":"Polityka prywatno\u015bci"},"content":{"rendered":"<p>Portal Hoje ponosi maksymaln\u0105 odpowiedzialno\u015b\u0107 za dbanie o Twoje dane. Dlatego na tej stronie znajdziesz wszystko, co musisz wiedzie\u0107 na temat polityki prywatno\u015bci i plik\u00f3w cookie.<\/p>\n<p>Wa\u017cne jest, aby dok\u0142adnie przeczyta\u0107 wszystkie punkty wymienione na tej stronie. Je\u015bli nie zgadzasz si\u0119 z kt\u00f3rymkolwiek punktem, nie korzystam z tej witryny.<\/p>\n<p>Nie b\u0119dziemy wykorzystywa\u0107 ani udost\u0119pnia\u0107 Twoich danych nikomu z wyj\u0105tkiem przypadk\u00f3w opisanych w niniejszej Polityce prywatno\u015bci.<\/p>\n<h3>Spersonalizowana reklama<\/h3>\n<p>U\u017cytkownicy mog\u0105 zrezygnowa\u0107 ze spersonalizowanych reklam, odwiedzaj\u0105c stron\u0119 <a href=\"https:\/\/adssettings.google.com\/authenticated\">Ustawienia reklam<\/a>. Alternatywnie mo\u017cesz skierowa\u0107 u\u017cytkownik\u00f3w do witryny <a href=\"https:\/\/optout.aboutads.info\/?c=2&amp;lang=ES\">www.aboutads.info<\/a> aby wy\u0142\u0105czy\u0107 korzystanie z plik\u00f3w cookie dotycz\u0105cych reklam spersonalizowanych stron trzecich.<\/p>\n<h3>Gromadzenie i wykorzystywanie informacji<\/h3>\n<p>Podczas korzystania z serwisu mo\u017cesz zosta\u0107 poproszony o podanie niekt\u00f3rych swoich danych osobowych. Mog\u0105 to by\u0107 Twoje imi\u0119 i nazwisko, numer telefonu i adres. Nie b\u0119d\u0105 one wykorzystywane do cel\u00f3w innych ni\u017c kontaktowanie si\u0119 z Tob\u0105 lub okre\u015blenie Twoich preferencji u\u017cytkowania podczas przegl\u0105dania witryny.<\/p>\n<h3>Ciasteczka<\/h3>\n<p>Pliki cookie to pliki zawieraj\u0105ce ma\u0142e zestawy danych (na przyk\u0142ad nazw\u0119 u\u017cytkownika i has\u0142o) wymieniane mi\u0119dzy komputerem u\u017cytkownika a serwerem internetowym w celu identyfikacji okre\u015blonych u\u017cytkownik\u00f3w i poprawy ich komfortu przegl\u0105dania.<\/p>\n<p>Na przyk\u0142ad pliki cookie umo\u017cliwiaj\u0105 witrynom internetowym rozpoznawanie u\u017cytkownik\u00f3w oraz zapami\u0119tywanie ich danych logowania i preferencji.<\/p>\n<p>Pliki cookie s\u0105 generowane, gdy u\u017cytkownicy odwiedzaj\u0105 now\u0105 witryn\u0119 internetow\u0105.<\/p>\n<p>Je\u015bli zdecydujesz si\u0119 na odmow\u0119 stosowania naszych plik\u00f3w cookie, korzystanie z niekt\u00f3rych cz\u0119\u015bci naszej witryny internetowej mo\u017ce okaza\u0107 si\u0119 niemo\u017cliwe.<\/p>\n<h3>Linki do innych stron internetowych<\/h3>\n<p>W ca\u0142ej tre\u015bci mog\u0105 znajdowa\u0107 si\u0119 linki do innych stron internetowych. S\u0105 to witryny stron trzecich, kt\u00f3re zawieraj\u0105 tre\u015bci uzupe\u0142niaj\u0105ce to, co czytasz.<\/p>\n<p>Klikni\u0119cie jednego z tych link\u00f3w mo\u017ce spowodowa\u0107 przekierowanie na inn\u0105 stron\u0119 internetow\u0105. Nie ponosimy odpowiedzialno\u015bci za wykorzystanie danych z tej strony internetowej strony trzeciej.<\/p>\n<p>Dlatego je\u015bli zale\u017cy Ci na maksymalnym bezpiecze\u0144stwie, koniecznie zapoznaj si\u0119 z Polityk\u0105 Prywatno\u015bci tych stron.<\/p>\n<h3>Zmiany w niniejszej Polityce Prywatno\u015bci<\/h3>\n<p>Wa\u017cne jest, aby\u015b wiedzia\u0142, \u017ce niniejsza Polityka prywatno\u015bci mo\u017ce zosta\u0107 zmieniona w dowolnym momencie. Dlatego wskazane jest cz\u0119stsze odwiedzanie tej strony, aby upewni\u0107 si\u0119, \u017ce wszystko jest nadal takie samo.<\/p>\n<p>Je\u015bli masz jakie\u015b pytania lub sugestie dotycz\u0105ce naszej Polityki prywatno\u015bci, nie wahaj si\u0119 z nami skontaktowa\u0107.<\/p>","protected":false},"excerpt":{"rendered":"<p>O Portal Hoje tem m\u00e1ximo responsabilidade em cuidar dos seus dados. Por isso, nessa p\u00e1gina, voc\u00ea poder\u00e1 encontrar tudo o que precisa saber sobre a pol\u00edtica de privacidade e cookies. \u00c9 importante que voc\u00ea leia com aten\u00e7\u00e3o todos os pontos citados nessa p\u00e1gina. Caso voc\u00ea n\u00e3o esteja de acordo com algum ponto, n\u00e3o fa\u00e7o uso [&hellip;]<\/p>","protected":false},"author":1,"featured_media":0,"parent":0,"menu_order":0,"comment_status":"closed","ping_status":"closed","template":"","meta":{"footnotes":""},"class_list":["post-326","page","type-page","status-publish"],"yoast_head":"<!-- This site is optimized with the Yoast SEO plugin v26.4 - https:\/\/yoast.com\/wordpress\/plugins\/seo\/ -->\n<title>Pol\u00edtica de Privacidade - Portal<\/title>\n<meta name=\"robots\" content=\"index, follow, max-snippet:-1, max-image-preview:large, max-video-preview:-1\" \/>\n<link rel=\"canonical\" href=\"https:\/\/portalhj.com\/pl\/polityka-prywatnosci\/\" \/>\n<meta property=\"og:locale\" content=\"pl_PL\" \/>\n<meta property=\"og:type\" content=\"article\" \/>\n<meta property=\"og:title\" content=\"Pol\u00edtica de Privacidade - Portal\" \/>\n<meta property=\"og:description\" content=\"O Portal Hoje tem m\u00e1ximo responsabilidade em cuidar dos seus dados. Por isso, nessa p\u00e1gina, voc\u00ea poder\u00e1 encontrar tudo o que precisa saber sobre a pol\u00edtica de privacidade e cookies. \u00c9 importante que voc\u00ea leia com aten\u00e7\u00e3o todos os pontos citados nessa p\u00e1gina. Caso voc\u00ea n\u00e3o esteja de acordo com algum ponto, n\u00e3o fa\u00e7o uso [&hellip;]\" \/>\n<meta property=\"og:url\" content=\"https:\/\/portalhj.com\/pl\/polityka-prywatnosci\/\" \/>\n<meta property=\"og:site_name\" content=\"Portal\" \/>\n<meta property=\"article:modified_time\" content=\"2023-06-28T02:36:03+00:00\" \/>\n<meta name=\"twitter:card\" content=\"summary_large_image\" \/>\n<meta name=\"twitter:label1\" content=\"Szacowany czas czytania\" \/>\n\t<meta name=\"twitter:data1\" content=\"3 minuty\" \/>\n<script type=\"application\/ld+json\" class=\"yoast-schema-graph\">{\"@context\":\"https:\/\/schema.org\",\"@graph\":[{\"@type\":\"WebPage\",\"@id\":\"https:\/\/portalhj.com\/politica-de-privacidade\/\",\"url\":\"https:\/\/portalhj.com\/politica-de-privacidade\/\",\"name\":\"Pol\u00edtica de Privacidade - Portal\",\"isPartOf\":{\"@id\":\"https:\/\/portalhj.com\/#website\"},\"datePublished\":\"2022-08-17T02:29:43+00:00\",\"dateModified\":\"2023-06-28T02:36:03+00:00\",\"breadcrumb\":{\"@id\":\"https:\/\/portalhj.com\/politica-de-privacidade\/#breadcrumb\"},\"inLanguage\":\"pl-PL\",\"potentialAction\":[{\"@type\":\"ReadAction\",\"target\":[\"https:\/\/portalhj.com\/politica-de-privacidade\/\"]}]},{\"@type\":\"BreadcrumbList\",\"@id\":\"https:\/\/portalhj.com\/politica-de-privacidade\/#breadcrumb\",\"itemListElement\":[{\"@type\":\"ListItem\",\"position\":1,\"name\":\"In\u00edcio\",\"item\":\"https:\/\/portalhj.com\/\"},{\"@type\":\"ListItem\",\"position\":2,\"name\":\"Pol\u00edtica de Privacidade\"}]},{\"@type\":\"WebSite\",\"@id\":\"https:\/\/portalhj.com\/#website\",\"url\":\"https:\/\/portalhj.com\/\",\"name\":\"Portal\",\"description\":\"Portal Informa\u00e7\u00e3o!\",\"potentialAction\":[{\"@type\":\"SearchAction\",\"target\":{\"@type\":\"EntryPoint\",\"urlTemplate\":\"https:\/\/portalhj.com\/?s={search_term_string}\"},\"query-input\":{\"@type\":\"PropertyValueSpecification\",\"valueRequired\":true,\"valueName\":\"search_term_string\"}}],\"inLanguage\":\"pl-PL\"}]}<\/script>\n<!-- \/ Yoast SEO plugin. -->","yoast_head_json":{"title":"Polityka Prywatno\u015bci - Portalu","robots":{"index":"index","follow":"follow","max-snippet":"max-snippet:-1","max-image-preview":"max-image-preview:large","max-video-preview":"max-video-preview:-1"},"canonical":"https:\/\/portalhj.com\/pl\/polityka-prywatnosci\/","og_locale":"pl_PL","og_type":"article","og_title":"Pol\u00edtica de Privacidade - Portal","og_description":"O Portal Hoje tem m\u00e1ximo responsabilidade em cuidar dos seus dados. Por isso, nessa p\u00e1gina, voc\u00ea poder\u00e1 encontrar tudo o que precisa saber sobre a pol\u00edtica de privacidade e cookies. \u00c9 importante que voc\u00ea leia com aten\u00e7\u00e3o todos os pontos citados nessa p\u00e1gina. Caso voc\u00ea n\u00e3o esteja de acordo com algum ponto, n\u00e3o fa\u00e7o uso [&hellip;]","og_url":"https:\/\/portalhj.com\/pl\/polityka-prywatnosci\/","og_site_name":"Portal","article_modified_time":"2023-06-28T02:36:03+00:00","twitter_card":"summary_large_image","twitter_misc":{"Szacowany czas czytania":"3 minuty"},"schema":{"@context":"https:\/\/schema.org","@graph":[{"@type":"WebPage","@id":"https:\/\/portalhj.com\/politica-de-privacidade\/","url":"https:\/\/portalhj.com\/politica-de-privacidade\/","name":"Polityka Prywatno\u015bci - Portalu","isPartOf":{"@id":"https:\/\/portalhj.com\/#website"},"datePublished":"2022-08-17T02:29:43+00:00","dateModified":"2023-06-28T02:36:03+00:00","breadcrumb":{"@id":"https:\/\/portalhj.com\/politica-de-privacidade\/#breadcrumb"},"inLanguage":"pl-PL","potentialAction":[{"@type":"ReadAction","target":["https:\/\/portalhj.com\/politica-de-privacidade\/"]}]},{"@type":"BreadcrumbList","@id":"https:\/\/portalhj.com\/politica-de-privacidade\/#breadcrumb","itemListElement":[{"@type":"ListItem","position":1,"name":"In\u00edcio","item":"https:\/\/portalhj.com\/"},{"@type":"ListItem","position":2,"name":"Pol\u00edtica de Privacidade"}]},{"@type":"WebSite","@id":"https:\/\/portalhj.com\/#website","url":"https:\/\/portalhj.com\/","name":"Portal","description":"Portalu Informacyjnego!","potentialAction":[{"@type":"SearchAction","target":{"@type":"EntryPoint","urlTemplate":"https:\/\/portalhj.com\/?s={search_term_string}"},"query-input":{"@type":"PropertyValueSpecification","valueRequired":true,"valueName":"search_term_string"}}],"inLanguage":"pl-PL"}]}},"_links":{"self":[{"href":"https:\/\/portalhj.com\/pl\/wp-json\/wp\/v2\/pages\/326","targetHints":{"allow":["GET"]}}],"collection":[{"href":"https:\/\/portalhj.com\/pl\/wp-json\/wp\/v2\/pages"}],"about":[{"href":"https:\/\/portalhj.com\/pl\/wp-json\/wp\/v2\/types\/page"}],"author":[{"embeddable":true,"href":"https:\/\/portalhj.com\/pl\/wp-json\/wp\/v2\/users\/1"}],"replies":[{"embeddable":true,"href":"https:\/\/portalhj.com\/pl\/wp-json\/wp\/v2\/comments?post=326"}],"version-history":[{"count":1,"href":"https:\/\/portalhj.com\/pl\/wp-json\/wp\/v2\/pages\/326\/revisions"}],"predecessor-version":[{"id":3355,"href":"https:\/\/portalhj.com\/pl\/wp-json\/wp\/v2\/pages\/326\/revisions\/3355"}],"wp:attachment":[{"href":"https:\/\/portalhj.com\/pl\/wp-json\/wp\/v2\/media?parent=326"}],"curies":[{"name":"wp","href":"https:\/\/api.w.org\/{rel}","templated":true}]}}