{"id":2602,"date":"2022-10-27T17:47:59","date_gmt":"2022-10-27T17:47:59","guid":{"rendered":"https:\/\/portalhj.com\/?page_id=2602"},"modified":"2022-10-27T17:47:59","modified_gmt":"2022-10-27T17:47:59","slug":"zastrzezenie","status":"publish","type":"page","link":"https:\/\/portalhj.com\/pl\/zastrzezenie\/","title":{"rendered":"Zastrze\u017cenie"},"content":{"rendered":"<p><strong>Uwaga:<\/strong> Nale\u017cy pami\u0119ta\u0107, \u017ce Portal Hoje w \u017cadnym wypadku nie prosi o podanie danych osobowych ani kwot pieni\u0119\u017cnych. Dzieje si\u0119 tak dlatego, \u017ce nie wsp\u00f3\u0142pracujemy z \u017cadnymi produktami finansowymi. Je\u017celi co\u015b takiego Ci si\u0119 przytrafi\u0142o, daj nam zna\u0107.<\/p>\n<p><strong>Uwagi:<\/strong> Portal Hoje ceni, \u017ce tre\u015bci s\u0105 zawsze oryginalne i aktualne. Mog\u0105 jednak wyst\u0105pi\u0107 r\u00f3\u017cnice w stosunku do innych tre\u015bci w Internecie i jest to normalne. Poniewa\u017c s\u0105 to teksty informacyjne, niekt\u00f3rzy inni redaktorzy mog\u0105 my\u015ble\u0107 inaczej.<\/p>\n<p>Nie ponosimy \u017cadnej odpowiedzialno\u015bci za informacje zawarte na naszej stronie internetowej. Dlatego te\u017c zapoznaj si\u0119 ze stron\u0105 Polityka prywatno\u015bci i Warunki korzystania, aby m\u00f3c prawid\u0142owo korzysta\u0107 z tej witryny.<\/p>\n<p><strong>Wzmacniacz:<\/strong> Portal Hoje generuje doch\u00f3d poprzez reklam\u0119. Innymi s\u0142owy, reklamy s\u0105 wy\u015bwietlane, a my zarabiamy cz\u0119\u015b\u0107 zysk\u00f3w. Nie ponosimy odpowiedzialno\u015bci za wy\u015bwietlane reklamy.<\/p>\n<p><strong>Rozwa\u017cania:<\/strong> Portal Hoje to strona internetowa, kt\u00f3ra zawsze stara si\u0119 oferowa\u0107 u\u017cytkownikom wysokiej jako\u015bci tre\u015bci. Je\u015bli potrzebujesz aktualnych informacji, zawsze zalecamy sprawdzenie oficjalnej strony internetowej, aby nie by\u0142o \u017cadnych rozbie\u017cno\u015bci.<\/p>","protected":false},"excerpt":{"rendered":"<p>Aten\u00e7\u00e3o: Saiba que o Portal Hoje n\u00e3o pede, em nenhuma circunst\u00e2ncia, dados pessoas ou quantias de dinheiro. Isso porque, n\u00e3o trabalhamos com produtos financeiros de nenhum g\u00eanero. Caso isso aconte\u00e7a com voc\u00ea, por favor, nos avise. Observa\u00e7\u00f5es: O Portal Hoje preza para que o conte\u00fado seja sempre original e atualizado. Contudo, podem ocorrer diverg\u00eancias com [&hellip;]<\/p>","protected":false},"author":1,"featured_media":0,"parent":0,"menu_order":0,"comment_status":"closed","ping_status":"closed","template":"","meta":{"footnotes":""},"class_list":["post-2602","page","type-page","status-publish"],"yoast_head":"<!-- This site is optimized with the Yoast SEO plugin v26.4 - https:\/\/yoast.com\/wordpress\/plugins\/seo\/ -->\n<title>Disclaimer - Portal<\/title>\n<meta name=\"robots\" content=\"index, follow, max-snippet:-1, max-image-preview:large, max-video-preview:-1\" \/>\n<link rel=\"canonical\" href=\"https:\/\/portalhj.com\/pl\/zastrzezenie\/\" \/>\n<meta property=\"og:locale\" content=\"pl_PL\" \/>\n<meta property=\"og:type\" content=\"article\" \/>\n<meta property=\"og:title\" content=\"Disclaimer - Portal\" \/>\n<meta property=\"og:description\" content=\"Aten\u00e7\u00e3o: Saiba que o Portal Hoje n\u00e3o pede, em nenhuma circunst\u00e2ncia, dados pessoas ou quantias de dinheiro. Isso porque, n\u00e3o trabalhamos com produtos financeiros de nenhum g\u00eanero. Caso isso aconte\u00e7a com voc\u00ea, por favor, nos avise. Observa\u00e7\u00f5es: O Portal Hoje preza para que o conte\u00fado seja sempre original e atualizado. Contudo, podem ocorrer diverg\u00eancias com [&hellip;]\" \/>\n<meta property=\"og:url\" content=\"https:\/\/portalhj.com\/pl\/zastrzezenie\/\" \/>\n<meta property=\"og:site_name\" content=\"Portal\" \/>\n<meta name=\"twitter:card\" content=\"summary_large_image\" \/>\n<meta name=\"twitter:label1\" content=\"Szacowany czas czytania\" \/>\n\t<meta name=\"twitter:data1\" content=\"1 minuta\" \/>\n<script type=\"application\/ld+json\" class=\"yoast-schema-graph\">{\"@context\":\"https:\/\/schema.org\",\"@graph\":[{\"@type\":\"WebPage\",\"@id\":\"https:\/\/portalhj.com\/disclaimer\/\",\"url\":\"https:\/\/portalhj.com\/disclaimer\/\",\"name\":\"Disclaimer - Portal\",\"isPartOf\":{\"@id\":\"https:\/\/portalhj.com\/#website\"},\"datePublished\":\"2022-10-27T17:47:59+00:00\",\"breadcrumb\":{\"@id\":\"https:\/\/portalhj.com\/disclaimer\/#breadcrumb\"},\"inLanguage\":\"pl-PL\",\"potentialAction\":[{\"@type\":\"ReadAction\",\"target\":[\"https:\/\/portalhj.com\/disclaimer\/\"]}]},{\"@type\":\"BreadcrumbList\",\"@id\":\"https:\/\/portalhj.com\/disclaimer\/#breadcrumb\",\"itemListElement\":[{\"@type\":\"ListItem\",\"position\":1,\"name\":\"In\u00edcio\",\"item\":\"https:\/\/portalhj.com\/\"},{\"@type\":\"ListItem\",\"position\":2,\"name\":\"Disclaimer\"}]},{\"@type\":\"WebSite\",\"@id\":\"https:\/\/portalhj.com\/#website\",\"url\":\"https:\/\/portalhj.com\/\",\"name\":\"Portal\",\"description\":\"Portal Informa\u00e7\u00e3o!\",\"potentialAction\":[{\"@type\":\"SearchAction\",\"target\":{\"@type\":\"EntryPoint\",\"urlTemplate\":\"https:\/\/portalhj.com\/?s={search_term_string}\"},\"query-input\":{\"@type\":\"PropertyValueSpecification\",\"valueRequired\":true,\"valueName\":\"search_term_string\"}}],\"inLanguage\":\"pl-PL\"}]}<\/script>\n<!-- \/ Yoast SEO plugin. -->","yoast_head_json":{"title":"Zastrze\u017cenie - Portal","robots":{"index":"index","follow":"follow","max-snippet":"max-snippet:-1","max-image-preview":"max-image-preview:large","max-video-preview":"max-video-preview:-1"},"canonical":"https:\/\/portalhj.com\/pl\/zastrzezenie\/","og_locale":"pl_PL","og_type":"article","og_title":"Disclaimer - Portal","og_description":"Aten\u00e7\u00e3o: Saiba que o Portal Hoje n\u00e3o pede, em nenhuma circunst\u00e2ncia, dados pessoas ou quantias de dinheiro. Isso porque, n\u00e3o trabalhamos com produtos financeiros de nenhum g\u00eanero. Caso isso aconte\u00e7a com voc\u00ea, por favor, nos avise. Observa\u00e7\u00f5es: O Portal Hoje preza para que o conte\u00fado seja sempre original e atualizado. Contudo, podem ocorrer diverg\u00eancias com [&hellip;]","og_url":"https:\/\/portalhj.com\/pl\/zastrzezenie\/","og_site_name":"Portal","twitter_card":"summary_large_image","twitter_misc":{"Szacowany czas czytania":"1 minuta"},"schema":{"@context":"https:\/\/schema.org","@graph":[{"@type":"WebPage","@id":"https:\/\/portalhj.com\/disclaimer\/","url":"https:\/\/portalhj.com\/disclaimer\/","name":"Zastrze\u017cenie - Portal","isPartOf":{"@id":"https:\/\/portalhj.com\/#website"},"datePublished":"2022-10-27T17:47:59+00:00","breadcrumb":{"@id":"https:\/\/portalhj.com\/disclaimer\/#breadcrumb"},"inLanguage":"pl-PL","potentialAction":[{"@type":"ReadAction","target":["https:\/\/portalhj.com\/disclaimer\/"]}]},{"@type":"BreadcrumbList","@id":"https:\/\/portalhj.com\/disclaimer\/#breadcrumb","itemListElement":[{"@type":"ListItem","position":1,"name":"In\u00edcio","item":"https:\/\/portalhj.com\/"},{"@type":"ListItem","position":2,"name":"Disclaimer"}]},{"@type":"WebSite","@id":"https:\/\/portalhj.com\/#website","url":"https:\/\/portalhj.com\/","name":"Portal","description":"Portalu Informacyjnego!","potentialAction":[{"@type":"SearchAction","target":{"@type":"EntryPoint","urlTemplate":"https:\/\/portalhj.com\/?s={search_term_string}"},"query-input":{"@type":"PropertyValueSpecification","valueRequired":true,"valueName":"search_term_string"}}],"inLanguage":"pl-PL"}]}},"_links":{"self":[{"href":"https:\/\/portalhj.com\/pl\/wp-json\/wp\/v2\/pages\/2602","targetHints":{"allow":["GET"]}}],"collection":[{"href":"https:\/\/portalhj.com\/pl\/wp-json\/wp\/v2\/pages"}],"about":[{"href":"https:\/\/portalhj.com\/pl\/wp-json\/wp\/v2\/types\/page"}],"author":[{"embeddable":true,"href":"https:\/\/portalhj.com\/pl\/wp-json\/wp\/v2\/users\/1"}],"replies":[{"embeddable":true,"href":"https:\/\/portalhj.com\/pl\/wp-json\/wp\/v2\/comments?post=2602"}],"version-history":[{"count":0,"href":"https:\/\/portalhj.com\/pl\/wp-json\/wp\/v2\/pages\/2602\/revisions"}],"wp:attachment":[{"href":"https:\/\/portalhj.com\/pl\/wp-json\/wp\/v2\/media?parent=2602"}],"curies":[{"name":"wp","href":"https:\/\/api.w.org\/{rel}","templated":true}]}}