{"id":328,"date":"2022-08-17T02:32:01","date_gmt":"2022-08-17T02:32:01","guid":{"rendered":"https:\/\/portalhj.com\/?page_id=328"},"modified":"2022-10-27T15:22:13","modified_gmt":"2022-10-27T15:22:13","slug":"termini-di-utilizzo","status":"publish","type":"page","link":"https:\/\/portalhj.com\/it\/termini-di-utilizzo\/","title":{"rendered":"Termini di utilizzo"},"content":{"rendered":"<p>Se continui a navigare e utilizzare questo sito web, accetti di rispettare e di essere vincolato dai seguenti termini e condizioni d&#039;uso che, insieme alla nostra politica sulla privacy, regolano il rapporto di Portal Hoje con te.<\/p>\n<p>Se non sei d&#039;accordo con qualsiasi parte di questi termini e condizioni, non utilizzare il nostro sito web.<\/p>\n<p>L&#039;utilizzo di questo sito web \u00e8 soggetto ai seguenti termini di utilizzo:<\/p>\n<ul>\n<li>Il contenuto delle pagine di questo sito Web \u00e8 solo per tua informazione generale e per il tuo utilizzo. E &#039;soggetto a modifiche senza preavviso.<\/li>\n<li>N\u00e9 noi n\u00e9 terze parti forniamo alcuna garanzia circa l&#039;accuratezza, la tempestivit\u00e0, le prestazioni, la completezza o l&#039;idoneit\u00e0 delle informazioni e dei materiali trovati o offerti su questo sito Web per qualsiasi scopo particolare.<\/li>\n<li>L&#039;utilizzo di qualsiasi informazione o materiale presente su questo sito Web \u00e8 interamente a proprio rischio, per il quale non saremo responsabili.<\/li>\n<li>Di tanto in tanto questo sito web pu\u00f2 includere anche collegamenti ad altri siti web. Questi collegamenti vengono forniti per comodit\u00e0 dell&#039;utente per fornire ulteriori informazioni. Non abbiamo alcuna responsabilit\u00e0 per il contenuto dei siti Web collegati.<\/li>\n<\/ul>","protected":false},"excerpt":{"rendered":"<p>Se voc\u00ea continuar navegando e usando este site, concorda em cumprir e ficar vinculado aos seguintes termos e condi\u00e7\u00f5es de uso, que, juntamente com nossa pol\u00edtica de privacidade, regem o relacionamento do Portal Hoje com voc\u00ea. Se voc\u00ea discordar de qualquer parte destes termos e condi\u00e7\u00f5es, n\u00e3o use nosso site. O uso deste site est\u00e1 [&hellip;]<\/p>","protected":false},"author":1,"featured_media":0,"parent":0,"menu_order":0,"comment_status":"closed","ping_status":"closed","template":"","meta":{"footnotes":""},"class_list":["post-328","page","type-page","status-publish"],"yoast_head":"<!-- This site is optimized with the Yoast SEO plugin v26.4 - https:\/\/yoast.com\/wordpress\/plugins\/seo\/ -->\n<title>Termos de Uso - Portal<\/title>\n<meta name=\"robots\" content=\"index, follow, max-snippet:-1, max-image-preview:large, max-video-preview:-1\" \/>\n<link rel=\"canonical\" href=\"https:\/\/portalhj.com\/it\/termini-di-utilizzo\/\" \/>\n<meta property=\"og:locale\" content=\"it_IT\" \/>\n<meta property=\"og:type\" content=\"article\" \/>\n<meta property=\"og:title\" content=\"Termos de Uso - Portal\" \/>\n<meta property=\"og:description\" content=\"Se voc\u00ea continuar navegando e usando este site, concorda em cumprir e ficar vinculado aos seguintes termos e condi\u00e7\u00f5es de uso, que, juntamente com nossa pol\u00edtica de privacidade, regem o relacionamento do Portal Hoje com voc\u00ea. Se voc\u00ea discordar de qualquer parte destes termos e condi\u00e7\u00f5es, n\u00e3o use nosso site. O uso deste site est\u00e1 [&hellip;]\" \/>\n<meta property=\"og:url\" content=\"https:\/\/portalhj.com\/it\/termini-di-utilizzo\/\" \/>\n<meta property=\"og:site_name\" content=\"Portal\" \/>\n<meta property=\"article:modified_time\" content=\"2022-10-27T15:22:13+00:00\" \/>\n<meta name=\"twitter:card\" content=\"summary_large_image\" \/>\n<meta name=\"twitter:label1\" content=\"Tempo di lettura stimato\" \/>\n\t<meta name=\"twitter:data1\" content=\"1 minuto\" \/>\n<script type=\"application\/ld+json\" class=\"yoast-schema-graph\">{\"@context\":\"https:\/\/schema.org\",\"@graph\":[{\"@type\":\"WebPage\",\"@id\":\"https:\/\/portalhj.com\/termos-de-uso\/\",\"url\":\"https:\/\/portalhj.com\/termos-de-uso\/\",\"name\":\"Termos de Uso - Portal\",\"isPartOf\":{\"@id\":\"https:\/\/portalhj.com\/#website\"},\"datePublished\":\"2022-08-17T02:32:01+00:00\",\"dateModified\":\"2022-10-27T15:22:13+00:00\",\"breadcrumb\":{\"@id\":\"https:\/\/portalhj.com\/termos-de-uso\/#breadcrumb\"},\"inLanguage\":\"it-IT\",\"potentialAction\":[{\"@type\":\"ReadAction\",\"target\":[\"https:\/\/portalhj.com\/termos-de-uso\/\"]}]},{\"@type\":\"BreadcrumbList\",\"@id\":\"https:\/\/portalhj.com\/termos-de-uso\/#breadcrumb\",\"itemListElement\":[{\"@type\":\"ListItem\",\"position\":1,\"name\":\"In\u00edcio\",\"item\":\"https:\/\/portalhj.com\/\"},{\"@type\":\"ListItem\",\"position\":2,\"name\":\"Termos de Uso\"}]},{\"@type\":\"WebSite\",\"@id\":\"https:\/\/portalhj.com\/#website\",\"url\":\"https:\/\/portalhj.com\/\",\"name\":\"Portal\",\"description\":\"Portal Informa\u00e7\u00e3o!\",\"potentialAction\":[{\"@type\":\"SearchAction\",\"target\":{\"@type\":\"EntryPoint\",\"urlTemplate\":\"https:\/\/portalhj.com\/?s={search_term_string}\"},\"query-input\":{\"@type\":\"PropertyValueSpecification\",\"valueRequired\":true,\"valueName\":\"search_term_string\"}}],\"inLanguage\":\"it-IT\"}]}<\/script>\n<!-- \/ Yoast SEO plugin. -->","yoast_head_json":{"title":"Condizioni d&#039;uso - Portale","robots":{"index":"index","follow":"follow","max-snippet":"max-snippet:-1","max-image-preview":"max-image-preview:large","max-video-preview":"max-video-preview:-1"},"canonical":"https:\/\/portalhj.com\/it\/termini-di-utilizzo\/","og_locale":"it_IT","og_type":"article","og_title":"Termos de Uso - Portal","og_description":"Se voc\u00ea continuar navegando e usando este site, concorda em cumprir e ficar vinculado aos seguintes termos e condi\u00e7\u00f5es de uso, que, juntamente com nossa pol\u00edtica de privacidade, regem o relacionamento do Portal Hoje com voc\u00ea. Se voc\u00ea discordar de qualquer parte destes termos e condi\u00e7\u00f5es, n\u00e3o use nosso site. O uso deste site est\u00e1 [&hellip;]","og_url":"https:\/\/portalhj.com\/it\/termini-di-utilizzo\/","og_site_name":"Portal","article_modified_time":"2022-10-27T15:22:13+00:00","twitter_card":"summary_large_image","twitter_misc":{"Tempo di lettura stimato":"1 minuto"},"schema":{"@context":"https:\/\/schema.org","@graph":[{"@type":"WebPage","@id":"https:\/\/portalhj.com\/termos-de-uso\/","url":"https:\/\/portalhj.com\/termos-de-uso\/","name":"Condizioni d&#039;uso - Portale","isPartOf":{"@id":"https:\/\/portalhj.com\/#website"},"datePublished":"2022-08-17T02:32:01+00:00","dateModified":"2022-10-27T15:22:13+00:00","breadcrumb":{"@id":"https:\/\/portalhj.com\/termos-de-uso\/#breadcrumb"},"inLanguage":"it-IT","potentialAction":[{"@type":"ReadAction","target":["https:\/\/portalhj.com\/termos-de-uso\/"]}]},{"@type":"BreadcrumbList","@id":"https:\/\/portalhj.com\/termos-de-uso\/#breadcrumb","itemListElement":[{"@type":"ListItem","position":1,"name":"In\u00edcio","item":"https:\/\/portalhj.com\/"},{"@type":"ListItem","position":2,"name":"Termos de Uso"}]},{"@type":"WebSite","@id":"https:\/\/portalhj.com\/#website","url":"https:\/\/portalhj.com\/","name":"Portale","description":"Portale informativo!","potentialAction":[{"@type":"SearchAction","target":{"@type":"EntryPoint","urlTemplate":"https:\/\/portalhj.com\/?s={search_term_string}"},"query-input":{"@type":"PropertyValueSpecification","valueRequired":true,"valueName":"search_term_string"}}],"inLanguage":"it-IT"}]}},"_links":{"self":[{"href":"https:\/\/portalhj.com\/it\/wp-json\/wp\/v2\/pages\/328","targetHints":{"allow":["GET"]}}],"collection":[{"href":"https:\/\/portalhj.com\/it\/wp-json\/wp\/v2\/pages"}],"about":[{"href":"https:\/\/portalhj.com\/it\/wp-json\/wp\/v2\/types\/page"}],"author":[{"embeddable":true,"href":"https:\/\/portalhj.com\/it\/wp-json\/wp\/v2\/users\/1"}],"replies":[{"embeddable":true,"href":"https:\/\/portalhj.com\/it\/wp-json\/wp\/v2\/comments?post=328"}],"version-history":[{"count":0,"href":"https:\/\/portalhj.com\/it\/wp-json\/wp\/v2\/pages\/328\/revisions"}],"wp:attachment":[{"href":"https:\/\/portalhj.com\/it\/wp-json\/wp\/v2\/media?parent=328"}],"curies":[{"name":"wp","href":"https:\/\/api.w.org\/{rel}","templated":true}]}}