{"id":326,"date":"2022-08-17T02:29:43","date_gmt":"2022-08-17T02:29:43","guid":{"rendered":"https:\/\/portalhj.com\/?page_id=326"},"modified":"2023-06-28T02:36:03","modified_gmt":"2023-06-28T02:36:03","slug":"politica-sulla-riservatezza","status":"publish","type":"page","link":"https:\/\/portalhj.com\/it\/politica-sulla-riservatezza\/","title":{"rendered":"politica sulla riservatezza"},"content":{"rendered":"<p>Portal Hoje ha la massima responsabilit\u00e0 nella cura dei tuoi dati. In questa pagina, quindi, puoi trovare tutto quello che c&#039;\u00e8 da sapere sulla privacy e cookie policy.<\/p>\n<p>\u00c8 importante leggere attentamente tutti i punti menzionati in questa pagina. Se non sei d&#039;accordo con qualsiasi punto, non utilizzo questo sito.<\/p>\n<p>Non utilizzeremo n\u00e9 condivideremo le tue informazioni con nessuno ad eccezione di quanto descritto nella presente Informativa sulla privacy.<\/p>\n<h3>Pubblicit\u00e0 personalizzata<\/h3>\n<p>Gli utenti possono disattivare la pubblicit\u00e0 personalizzata visitando il <a href=\"https:\/\/adssettings.google.com\/authenticated\">Impostazioni degli annunci<\/a>. In alternativa, puoi indirizzare gli utenti ad accedere al sito <a href=\"https:\/\/optout.aboutads.info\/?c=2&amp;lang=ES\">www.aboutads.info<\/a> disabilitare l&#039;uso dei cookie pubblicitari personalizzati di terze parti.<\/p>\n<h3>Raccolta e utilizzo delle informazioni<\/h3>\n<p>Durante l&#039;utilizzo del sito web, ti potrebbe essere chiesto di inserire alcune informazioni personali su di te. Questi potrebbero essere il tuo nome, numero di telefono e indirizzo. Non verranno utilizzati per altro se non per contattarti o per identificare le tue preferenze di utilizzo durante la navigazione nel sito.<\/p>\n<h3>Biscotti<\/h3>\n<p>I cookie sono file che contengono piccoli insiemi di dati (un nome utente e una password, ad esempio) scambiati tra il computer di un utente e un server web per identificare determinati utenti e migliorare la loro esperienza di navigazione.<\/p>\n<p>Ad esempio, i cookie consentono ai siti Web di riconoscere gli utenti e ricordare le loro informazioni di accesso e preferenze.<\/p>\n<p>I cookie vengono generati quando gli utenti visitano un nuovo sito web.<\/p>\n<p>Se scegli di rifiutare i nostri cookie, potresti non essere in grado di utilizzare alcune parti del nostro sito web.<\/p>\n<h3>Collegamenti ad altri siti web<\/h3>\n<p>In tutto il contenuto \u00e8 possibile trovare collegamenti ad altri siti Web. Si tratta di siti Web di terze parti che hanno contenuti complementari a ci\u00f2 che stai leggendo.<\/p>\n<p>Quando fai clic su uno di questi collegamenti, potresti essere reindirizzato a un altro sito Web. Non siamo responsabili per l&#039;utilizzo dei dati provenienti da questo sito Web di terze parti.<\/p>\n<p>Pertanto, se desideri la massima sicurezza, assicurati di leggere la Privacy Policy di questi siti.<\/p>\n<h3>Modifiche alla presente Informativa sulla privacy<\/h3>\n<p>\u00c8 importante che tu sappia che la presente Informativa sulla privacy pu\u00f2 essere modificata in qualsiasi momento. Pertanto, \u00e8 consigliabile visitare questa pagina pi\u00f9 spesso per avere la certezza che tutto sia sempre uguale.<\/p>\n<p>Se hai domande o suggerimenti sulla nostra Informativa sulla privacy, non esitare a contattarci.<\/p>","protected":false},"excerpt":{"rendered":"<p>O Portal Hoje tem m\u00e1ximo responsabilidade em cuidar dos seus dados. Por isso, nessa p\u00e1gina, voc\u00ea poder\u00e1 encontrar tudo o que precisa saber sobre a pol\u00edtica de privacidade e cookies. \u00c9 importante que voc\u00ea leia com aten\u00e7\u00e3o todos os pontos citados nessa p\u00e1gina. Caso voc\u00ea n\u00e3o esteja de acordo com algum ponto, n\u00e3o fa\u00e7o uso [&hellip;]<\/p>","protected":false},"author":1,"featured_media":0,"parent":0,"menu_order":0,"comment_status":"closed","ping_status":"closed","template":"","meta":{"footnotes":""},"class_list":["post-326","page","type-page","status-publish"],"yoast_head":"<!-- This site is optimized with the Yoast SEO plugin v26.4 - https:\/\/yoast.com\/wordpress\/plugins\/seo\/ -->\n<title>Pol\u00edtica de Privacidade - Portal<\/title>\n<meta name=\"robots\" content=\"index, follow, max-snippet:-1, max-image-preview:large, max-video-preview:-1\" \/>\n<link rel=\"canonical\" href=\"https:\/\/portalhj.com\/it\/politica-sulla-riservatezza\/\" \/>\n<meta property=\"og:locale\" content=\"it_IT\" \/>\n<meta property=\"og:type\" content=\"article\" \/>\n<meta property=\"og:title\" content=\"Pol\u00edtica de Privacidade - Portal\" \/>\n<meta property=\"og:description\" content=\"O Portal Hoje tem m\u00e1ximo responsabilidade em cuidar dos seus dados. Por isso, nessa p\u00e1gina, voc\u00ea poder\u00e1 encontrar tudo o que precisa saber sobre a pol\u00edtica de privacidade e cookies. \u00c9 importante que voc\u00ea leia com aten\u00e7\u00e3o todos os pontos citados nessa p\u00e1gina. Caso voc\u00ea n\u00e3o esteja de acordo com algum ponto, n\u00e3o fa\u00e7o uso [&hellip;]\" \/>\n<meta property=\"og:url\" content=\"https:\/\/portalhj.com\/it\/politica-sulla-riservatezza\/\" \/>\n<meta property=\"og:site_name\" content=\"Portal\" \/>\n<meta property=\"article:modified_time\" content=\"2023-06-28T02:36:03+00:00\" \/>\n<meta name=\"twitter:card\" content=\"summary_large_image\" \/>\n<meta name=\"twitter:label1\" content=\"Tempo di lettura stimato\" \/>\n\t<meta name=\"twitter:data1\" content=\"3 minuti\" \/>\n<script type=\"application\/ld+json\" class=\"yoast-schema-graph\">{\"@context\":\"https:\/\/schema.org\",\"@graph\":[{\"@type\":\"WebPage\",\"@id\":\"https:\/\/portalhj.com\/politica-de-privacidade\/\",\"url\":\"https:\/\/portalhj.com\/politica-de-privacidade\/\",\"name\":\"Pol\u00edtica de Privacidade - Portal\",\"isPartOf\":{\"@id\":\"https:\/\/portalhj.com\/#website\"},\"datePublished\":\"2022-08-17T02:29:43+00:00\",\"dateModified\":\"2023-06-28T02:36:03+00:00\",\"breadcrumb\":{\"@id\":\"https:\/\/portalhj.com\/politica-de-privacidade\/#breadcrumb\"},\"inLanguage\":\"it-IT\",\"potentialAction\":[{\"@type\":\"ReadAction\",\"target\":[\"https:\/\/portalhj.com\/politica-de-privacidade\/\"]}]},{\"@type\":\"BreadcrumbList\",\"@id\":\"https:\/\/portalhj.com\/politica-de-privacidade\/#breadcrumb\",\"itemListElement\":[{\"@type\":\"ListItem\",\"position\":1,\"name\":\"In\u00edcio\",\"item\":\"https:\/\/portalhj.com\/\"},{\"@type\":\"ListItem\",\"position\":2,\"name\":\"Pol\u00edtica de Privacidade\"}]},{\"@type\":\"WebSite\",\"@id\":\"https:\/\/portalhj.com\/#website\",\"url\":\"https:\/\/portalhj.com\/\",\"name\":\"Portal\",\"description\":\"Portal Informa\u00e7\u00e3o!\",\"potentialAction\":[{\"@type\":\"SearchAction\",\"target\":{\"@type\":\"EntryPoint\",\"urlTemplate\":\"https:\/\/portalhj.com\/?s={search_term_string}\"},\"query-input\":{\"@type\":\"PropertyValueSpecification\",\"valueRequired\":true,\"valueName\":\"search_term_string\"}}],\"inLanguage\":\"it-IT\"}]}<\/script>\n<!-- \/ Yoast SEO plugin. -->","yoast_head_json":{"title":"Informativa sulla privacy - Portale","robots":{"index":"index","follow":"follow","max-snippet":"max-snippet:-1","max-image-preview":"max-image-preview:large","max-video-preview":"max-video-preview:-1"},"canonical":"https:\/\/portalhj.com\/it\/politica-sulla-riservatezza\/","og_locale":"it_IT","og_type":"article","og_title":"Pol\u00edtica de Privacidade - Portal","og_description":"O Portal Hoje tem m\u00e1ximo responsabilidade em cuidar dos seus dados. Por isso, nessa p\u00e1gina, voc\u00ea poder\u00e1 encontrar tudo o que precisa saber sobre a pol\u00edtica de privacidade e cookies. \u00c9 importante que voc\u00ea leia com aten\u00e7\u00e3o todos os pontos citados nessa p\u00e1gina. Caso voc\u00ea n\u00e3o esteja de acordo com algum ponto, n\u00e3o fa\u00e7o uso [&hellip;]","og_url":"https:\/\/portalhj.com\/it\/politica-sulla-riservatezza\/","og_site_name":"Portal","article_modified_time":"2023-06-28T02:36:03+00:00","twitter_card":"summary_large_image","twitter_misc":{"Tempo di lettura stimato":"3 minuti"},"schema":{"@context":"https:\/\/schema.org","@graph":[{"@type":"WebPage","@id":"https:\/\/portalhj.com\/politica-de-privacidade\/","url":"https:\/\/portalhj.com\/politica-de-privacidade\/","name":"Informativa sulla privacy - Portale","isPartOf":{"@id":"https:\/\/portalhj.com\/#website"},"datePublished":"2022-08-17T02:29:43+00:00","dateModified":"2023-06-28T02:36:03+00:00","breadcrumb":{"@id":"https:\/\/portalhj.com\/politica-de-privacidade\/#breadcrumb"},"inLanguage":"it-IT","potentialAction":[{"@type":"ReadAction","target":["https:\/\/portalhj.com\/politica-de-privacidade\/"]}]},{"@type":"BreadcrumbList","@id":"https:\/\/portalhj.com\/politica-de-privacidade\/#breadcrumb","itemListElement":[{"@type":"ListItem","position":1,"name":"In\u00edcio","item":"https:\/\/portalhj.com\/"},{"@type":"ListItem","position":2,"name":"Pol\u00edtica de Privacidade"}]},{"@type":"WebSite","@id":"https:\/\/portalhj.com\/#website","url":"https:\/\/portalhj.com\/","name":"Portale","description":"Portale informativo!","potentialAction":[{"@type":"SearchAction","target":{"@type":"EntryPoint","urlTemplate":"https:\/\/portalhj.com\/?s={search_term_string}"},"query-input":{"@type":"PropertyValueSpecification","valueRequired":true,"valueName":"search_term_string"}}],"inLanguage":"it-IT"}]}},"_links":{"self":[{"href":"https:\/\/portalhj.com\/it\/wp-json\/wp\/v2\/pages\/326","targetHints":{"allow":["GET"]}}],"collection":[{"href":"https:\/\/portalhj.com\/it\/wp-json\/wp\/v2\/pages"}],"about":[{"href":"https:\/\/portalhj.com\/it\/wp-json\/wp\/v2\/types\/page"}],"author":[{"embeddable":true,"href":"https:\/\/portalhj.com\/it\/wp-json\/wp\/v2\/users\/1"}],"replies":[{"embeddable":true,"href":"https:\/\/portalhj.com\/it\/wp-json\/wp\/v2\/comments?post=326"}],"version-history":[{"count":1,"href":"https:\/\/portalhj.com\/it\/wp-json\/wp\/v2\/pages\/326\/revisions"}],"predecessor-version":[{"id":3355,"href":"https:\/\/portalhj.com\/it\/wp-json\/wp\/v2\/pages\/326\/revisions\/3355"}],"wp:attachment":[{"href":"https:\/\/portalhj.com\/it\/wp-json\/wp\/v2\/media?parent=326"}],"curies":[{"name":"wp","href":"https:\/\/api.w.org\/{rel}","templated":true}]}}