{"id":328,"date":"2022-08-17T02:32:01","date_gmt":"2022-08-17T02:32:01","guid":{"rendered":"https:\/\/portalhj.com\/?page_id=328"},"modified":"2022-10-27T15:22:13","modified_gmt":"2022-10-27T15:22:13","slug":"syarat-penggunaan","status":"publish","type":"page","link":"https:\/\/portalhj.com\/id\/syarat-penggunaan\/","title":{"rendered":"Syarat Penggunaan"},"content":{"rendered":"<p>Jika Anda terus menelusuri dan menggunakan situs web ini, Anda setuju untuk mematuhi dan terikat oleh syarat dan ketentuan penggunaan berikut, yang, bersama dengan kebijakan privasi kami, mengatur hubungan Portal Hoje dengan Anda.<\/p>\n<p>Jika Anda tidak setuju dengan bagian mana pun dari syarat dan ketentuan ini, jangan gunakan situs web kami.<\/p>\n<p>Penggunaan situs web ini tunduk pada ketentuan penggunaan berikut:<\/p>\n<ul>\n<li>Isi halaman situs web ini adalah untuk informasi umum dan penggunaan saja. Hal ini dapat berubah tanpa pemberitahuan sebelumnya.<\/li>\n<li>Baik kami maupun pihak ketiga mana pun tidak memberikan garansi atau garansi apa pun mengenai keakuratan, ketepatan waktu, kinerja, kelengkapan atau kesesuaian informasi dan materi yang ditemukan atau ditawarkan di situs web ini untuk tujuan tertentu.<\/li>\n<li>Penggunaan Anda atas informasi atau materi apa pun di situs web ini sepenuhnya merupakan risiko Anda sendiri, dan kami tidak bertanggung jawab atas hal tersebut.<\/li>\n<li>Dari waktu ke waktu situs web ini mungkin juga menyertakan tautan ke situs web lain. Tautan ini disediakan demi kenyamanan Anda untuk memberikan informasi lebih lanjut. Kami tidak bertanggung jawab atas konten situs web yang ditautkan.<\/li>\n<\/ul>","protected":false},"excerpt":{"rendered":"<p>Se voc\u00ea continuar navegando e usando este site, concorda em cumprir e ficar vinculado aos seguintes termos e condi\u00e7\u00f5es de uso, que, juntamente com nossa pol\u00edtica de privacidade, regem o relacionamento do Portal Hoje com voc\u00ea. Se voc\u00ea discordar de qualquer parte destes termos e condi\u00e7\u00f5es, n\u00e3o use nosso site. O uso deste site est\u00e1 [&hellip;]<\/p>","protected":false},"author":1,"featured_media":0,"parent":0,"menu_order":0,"comment_status":"closed","ping_status":"closed","template":"","meta":{"footnotes":""},"class_list":["post-328","page","type-page","status-publish"],"yoast_head":"<!-- This site is optimized with the Yoast SEO plugin v26.4 - https:\/\/yoast.com\/wordpress\/plugins\/seo\/ -->\n<title>Termos de Uso - Portal<\/title>\n<meta name=\"robots\" content=\"index, follow, max-snippet:-1, max-image-preview:large, max-video-preview:-1\" \/>\n<link rel=\"canonical\" href=\"https:\/\/portalhj.com\/id\/syarat-penggunaan\/\" \/>\n<meta property=\"og:locale\" content=\"id_ID\" \/>\n<meta property=\"og:type\" content=\"article\" \/>\n<meta property=\"og:title\" content=\"Termos de Uso - Portal\" \/>\n<meta property=\"og:description\" content=\"Se voc\u00ea continuar navegando e usando este site, concorda em cumprir e ficar vinculado aos seguintes termos e condi\u00e7\u00f5es de uso, que, juntamente com nossa pol\u00edtica de privacidade, regem o relacionamento do Portal Hoje com voc\u00ea. Se voc\u00ea discordar de qualquer parte destes termos e condi\u00e7\u00f5es, n\u00e3o use nosso site. O uso deste site est\u00e1 [&hellip;]\" \/>\n<meta property=\"og:url\" content=\"https:\/\/portalhj.com\/id\/syarat-penggunaan\/\" \/>\n<meta property=\"og:site_name\" content=\"Portal\" \/>\n<meta property=\"article:modified_time\" content=\"2022-10-27T15:22:13+00:00\" \/>\n<meta name=\"twitter:card\" content=\"summary_large_image\" \/>\n<meta name=\"twitter:label1\" content=\"Estimasi waktu membaca\" \/>\n\t<meta name=\"twitter:data1\" content=\"1 menit\" \/>\n<script type=\"application\/ld+json\" class=\"yoast-schema-graph\">{\"@context\":\"https:\/\/schema.org\",\"@graph\":[{\"@type\":\"WebPage\",\"@id\":\"https:\/\/portalhj.com\/termos-de-uso\/\",\"url\":\"https:\/\/portalhj.com\/termos-de-uso\/\",\"name\":\"Termos de Uso - Portal\",\"isPartOf\":{\"@id\":\"https:\/\/portalhj.com\/#website\"},\"datePublished\":\"2022-08-17T02:32:01+00:00\",\"dateModified\":\"2022-10-27T15:22:13+00:00\",\"breadcrumb\":{\"@id\":\"https:\/\/portalhj.com\/termos-de-uso\/#breadcrumb\"},\"inLanguage\":\"id\",\"potentialAction\":[{\"@type\":\"ReadAction\",\"target\":[\"https:\/\/portalhj.com\/termos-de-uso\/\"]}]},{\"@type\":\"BreadcrumbList\",\"@id\":\"https:\/\/portalhj.com\/termos-de-uso\/#breadcrumb\",\"itemListElement\":[{\"@type\":\"ListItem\",\"position\":1,\"name\":\"In\u00edcio\",\"item\":\"https:\/\/portalhj.com\/\"},{\"@type\":\"ListItem\",\"position\":2,\"name\":\"Termos de Uso\"}]},{\"@type\":\"WebSite\",\"@id\":\"https:\/\/portalhj.com\/#website\",\"url\":\"https:\/\/portalhj.com\/\",\"name\":\"Portal\",\"description\":\"Portal Informa\u00e7\u00e3o!\",\"potentialAction\":[{\"@type\":\"SearchAction\",\"target\":{\"@type\":\"EntryPoint\",\"urlTemplate\":\"https:\/\/portalhj.com\/?s={search_term_string}\"},\"query-input\":{\"@type\":\"PropertyValueSpecification\",\"valueRequired\":true,\"valueName\":\"search_term_string\"}}],\"inLanguage\":\"id\"}]}<\/script>\n<!-- \/ Yoast SEO plugin. -->","yoast_head_json":{"title":"Ketentuan Penggunaan - Portal","robots":{"index":"index","follow":"follow","max-snippet":"max-snippet:-1","max-image-preview":"max-image-preview:large","max-video-preview":"max-video-preview:-1"},"canonical":"https:\/\/portalhj.com\/id\/syarat-penggunaan\/","og_locale":"id_ID","og_type":"article","og_title":"Termos de Uso - Portal","og_description":"Se voc\u00ea continuar navegando e usando este site, concorda em cumprir e ficar vinculado aos seguintes termos e condi\u00e7\u00f5es de uso, que, juntamente com nossa pol\u00edtica de privacidade, regem o relacionamento do Portal Hoje com voc\u00ea. Se voc\u00ea discordar de qualquer parte destes termos e condi\u00e7\u00f5es, n\u00e3o use nosso site. O uso deste site est\u00e1 [&hellip;]","og_url":"https:\/\/portalhj.com\/id\/syarat-penggunaan\/","og_site_name":"Portal","article_modified_time":"2022-10-27T15:22:13+00:00","twitter_card":"summary_large_image","twitter_misc":{"Estimasi waktu membaca":"1 menit"},"schema":{"@context":"https:\/\/schema.org","@graph":[{"@type":"WebPage","@id":"https:\/\/portalhj.com\/termos-de-uso\/","url":"https:\/\/portalhj.com\/termos-de-uso\/","name":"Ketentuan Penggunaan - Portal","isPartOf":{"@id":"https:\/\/portalhj.com\/#website"},"datePublished":"2022-08-17T02:32:01+00:00","dateModified":"2022-10-27T15:22:13+00:00","breadcrumb":{"@id":"https:\/\/portalhj.com\/termos-de-uso\/#breadcrumb"},"inLanguage":"id","potentialAction":[{"@type":"ReadAction","target":["https:\/\/portalhj.com\/termos-de-uso\/"]}]},{"@type":"BreadcrumbList","@id":"https:\/\/portalhj.com\/termos-de-uso\/#breadcrumb","itemListElement":[{"@type":"ListItem","position":1,"name":"In\u00edcio","item":"https:\/\/portalhj.com\/"},{"@type":"ListItem","position":2,"name":"Termos de Uso"}]},{"@type":"WebSite","@id":"https:\/\/portalhj.com\/#website","url":"https:\/\/portalhj.com\/","name":"Pintu gerbang","description":"Portal Informasi!","potentialAction":[{"@type":"SearchAction","target":{"@type":"EntryPoint","urlTemplate":"https:\/\/portalhj.com\/?s={search_term_string}"},"query-input":{"@type":"PropertyValueSpecification","valueRequired":true,"valueName":"search_term_string"}}],"inLanguage":"id"}]}},"_links":{"self":[{"href":"https:\/\/portalhj.com\/id\/wp-json\/wp\/v2\/pages\/328","targetHints":{"allow":["GET"]}}],"collection":[{"href":"https:\/\/portalhj.com\/id\/wp-json\/wp\/v2\/pages"}],"about":[{"href":"https:\/\/portalhj.com\/id\/wp-json\/wp\/v2\/types\/page"}],"author":[{"embeddable":true,"href":"https:\/\/portalhj.com\/id\/wp-json\/wp\/v2\/users\/1"}],"replies":[{"embeddable":true,"href":"https:\/\/portalhj.com\/id\/wp-json\/wp\/v2\/comments?post=328"}],"version-history":[{"count":0,"href":"https:\/\/portalhj.com\/id\/wp-json\/wp\/v2\/pages\/328\/revisions"}],"wp:attachment":[{"href":"https:\/\/portalhj.com\/id\/wp-json\/wp\/v2\/media?parent=328"}],"curies":[{"name":"wp","href":"https:\/\/api.w.org\/{rel}","templated":true}]}}