{"id":326,"date":"2022-08-17T02:29:43","date_gmt":"2022-08-17T02:29:43","guid":{"rendered":"https:\/\/portalhj.com\/?page_id=326"},"modified":"2023-06-28T02:36:03","modified_gmt":"2023-06-28T02:36:03","slug":"kebijakan-pribadi","status":"publish","type":"page","link":"https:\/\/portalhj.com\/id\/kebijakan-pribadi\/","title":{"rendered":"Kebijakan pribadi"},"content":{"rendered":"<p>Portal Hoje memiliki tanggung jawab maksimal untuk menjaga data Anda. Oleh karena itu, di halaman ini, Anda dapat menemukan semua yang perlu Anda ketahui tentang kebijakan privasi dan cookie.<\/p>\n<p>Penting bagi Anda untuk membaca dengan cermat semua poin yang disebutkan di halaman ini. Jika Anda tidak setuju dengan poin apa pun, saya tidak menggunakan situs ini.<\/p>\n<p>Kami tidak akan menggunakan atau membagikan informasi Anda kepada siapa pun kecuali sebagaimana dijelaskan dalam Kebijakan Privasi ini.<\/p>\n<h3>Periklanan yang Dipersonalisasi<\/h3>\n<p>Pengguna dapat memilih untuk tidak menerima iklan hasil personalisasi dengan mengunjungi <a href=\"https:\/\/adssettings.google.com\/authenticated\">Pengaturan Iklan<\/a>. Alternatifnya, Anda dapat mengarahkan pengguna untuk mengakses situs tersebut <a href=\"https:\/\/optout.aboutads.info\/?c=2&amp;lang=ES\">www.aboutads.info<\/a> untuk menonaktifkan penggunaan cookie iklan hasil personalisasi pihak ketiga.<\/p>\n<h3>Pengumpulan dan Penggunaan Informasi<\/h3>\n<p>Saat menggunakan situs web, Anda mungkin diminta untuk mengisi beberapa informasi pribadi tentang diri Anda. Ini bisa berupa nama, nomor telepon, dan alamat Anda. Mereka tidak akan digunakan untuk tujuan apa pun selain untuk menghubungi Anda atau untuk mengidentifikasi preferensi penggunaan Anda saat menjelajahi situs.<\/p>\n<h3>Kue<\/h3>\n<p>Cookies adalah file yang berisi sekumpulan kecil data (nama pengguna dan kata sandi, misalnya) yang dipertukarkan antara komputer pengguna dan server web untuk mengidentifikasi pengguna tertentu dan meningkatkan pengalaman penelusuran mereka.<\/p>\n<p>Misalnya, cookie memungkinkan situs web mengenali pengguna dan mengingat informasi login dan preferensi mereka.<\/p>\n<p>Cookie dihasilkan ketika pengguna mengunjungi situs web baru.<\/p>\n<p>Jika Anda memilih untuk menolak cookie kami, Anda mungkin tidak dapat menggunakan beberapa bagian situs web kami.<\/p>\n<h3>Tautan ke situs web lain<\/h3>\n<p>Di seluruh konten, Anda mungkin menemukan tautan ke situs web lain. Ini adalah situs web pihak ketiga yang memiliki konten pelengkap terhadap apa yang Anda baca.<\/p>\n<p>Saat Anda mengeklik salah satu tautan ini, Anda mungkin diarahkan ke situs web lain. Kami tidak bertanggung jawab atas penggunaan data dari situs web pihak ketiga ini.<\/p>\n<p>Oleh karena itu, jika Anda menginginkan keamanan maksimal, pastikan untuk membaca Kebijakan Privasi situs-situs tersebut.<\/p>\n<h3>Perubahan pada Kebijakan Privasi ini<\/h3>\n<p>Penting bagi Anda untuk mengetahui bahwa Kebijakan Privasi ini dapat berubah sewaktu-waktu. Oleh karena itu, disarankan agar Anda lebih sering mengunjungi halaman ini untuk memastikan bahwa semuanya masih sama.<\/p>\n<p>Jika Anda memiliki pertanyaan atau saran tentang Kebijakan Privasi kami, jangan ragu untuk menghubungi kami.<\/p>","protected":false},"excerpt":{"rendered":"<p>O Portal Hoje tem m\u00e1ximo responsabilidade em cuidar dos seus dados. Por isso, nessa p\u00e1gina, voc\u00ea poder\u00e1 encontrar tudo o que precisa saber sobre a pol\u00edtica de privacidade e cookies. \u00c9 importante que voc\u00ea leia com aten\u00e7\u00e3o todos os pontos citados nessa p\u00e1gina. Caso voc\u00ea n\u00e3o esteja de acordo com algum ponto, n\u00e3o fa\u00e7o uso [&hellip;]<\/p>","protected":false},"author":1,"featured_media":0,"parent":0,"menu_order":0,"comment_status":"closed","ping_status":"closed","template":"","meta":{"footnotes":""},"class_list":["post-326","page","type-page","status-publish"],"yoast_head":"<!-- This site is optimized with the Yoast SEO plugin v26.4 - https:\/\/yoast.com\/wordpress\/plugins\/seo\/ -->\n<title>Pol\u00edtica de Privacidade - Portal<\/title>\n<meta name=\"robots\" content=\"index, follow, max-snippet:-1, max-image-preview:large, max-video-preview:-1\" \/>\n<link rel=\"canonical\" href=\"https:\/\/portalhj.com\/id\/kebijakan-pribadi\/\" \/>\n<meta property=\"og:locale\" content=\"id_ID\" \/>\n<meta property=\"og:type\" content=\"article\" \/>\n<meta property=\"og:title\" content=\"Pol\u00edtica de Privacidade - Portal\" \/>\n<meta property=\"og:description\" content=\"O Portal Hoje tem m\u00e1ximo responsabilidade em cuidar dos seus dados. Por isso, nessa p\u00e1gina, voc\u00ea poder\u00e1 encontrar tudo o que precisa saber sobre a pol\u00edtica de privacidade e cookies. \u00c9 importante que voc\u00ea leia com aten\u00e7\u00e3o todos os pontos citados nessa p\u00e1gina. Caso voc\u00ea n\u00e3o esteja de acordo com algum ponto, n\u00e3o fa\u00e7o uso [&hellip;]\" \/>\n<meta property=\"og:url\" content=\"https:\/\/portalhj.com\/id\/kebijakan-pribadi\/\" \/>\n<meta property=\"og:site_name\" content=\"Portal\" \/>\n<meta property=\"article:modified_time\" content=\"2023-06-28T02:36:03+00:00\" \/>\n<meta name=\"twitter:card\" content=\"summary_large_image\" \/>\n<meta name=\"twitter:label1\" content=\"Estimasi waktu membaca\" \/>\n\t<meta name=\"twitter:data1\" content=\"3 menit\" \/>\n<script type=\"application\/ld+json\" class=\"yoast-schema-graph\">{\"@context\":\"https:\/\/schema.org\",\"@graph\":[{\"@type\":\"WebPage\",\"@id\":\"https:\/\/portalhj.com\/politica-de-privacidade\/\",\"url\":\"https:\/\/portalhj.com\/politica-de-privacidade\/\",\"name\":\"Pol\u00edtica de Privacidade - Portal\",\"isPartOf\":{\"@id\":\"https:\/\/portalhj.com\/#website\"},\"datePublished\":\"2022-08-17T02:29:43+00:00\",\"dateModified\":\"2023-06-28T02:36:03+00:00\",\"breadcrumb\":{\"@id\":\"https:\/\/portalhj.com\/politica-de-privacidade\/#breadcrumb\"},\"inLanguage\":\"id\",\"potentialAction\":[{\"@type\":\"ReadAction\",\"target\":[\"https:\/\/portalhj.com\/politica-de-privacidade\/\"]}]},{\"@type\":\"BreadcrumbList\",\"@id\":\"https:\/\/portalhj.com\/politica-de-privacidade\/#breadcrumb\",\"itemListElement\":[{\"@type\":\"ListItem\",\"position\":1,\"name\":\"In\u00edcio\",\"item\":\"https:\/\/portalhj.com\/\"},{\"@type\":\"ListItem\",\"position\":2,\"name\":\"Pol\u00edtica de Privacidade\"}]},{\"@type\":\"WebSite\",\"@id\":\"https:\/\/portalhj.com\/#website\",\"url\":\"https:\/\/portalhj.com\/\",\"name\":\"Portal\",\"description\":\"Portal Informa\u00e7\u00e3o!\",\"potentialAction\":[{\"@type\":\"SearchAction\",\"target\":{\"@type\":\"EntryPoint\",\"urlTemplate\":\"https:\/\/portalhj.com\/?s={search_term_string}\"},\"query-input\":{\"@type\":\"PropertyValueSpecification\",\"valueRequired\":true,\"valueName\":\"search_term_string\"}}],\"inLanguage\":\"id\"}]}<\/script>\n<!-- \/ Yoast SEO plugin. -->","yoast_head_json":{"title":"Kebijakan Privasi - Portal","robots":{"index":"index","follow":"follow","max-snippet":"max-snippet:-1","max-image-preview":"max-image-preview:large","max-video-preview":"max-video-preview:-1"},"canonical":"https:\/\/portalhj.com\/id\/kebijakan-pribadi\/","og_locale":"id_ID","og_type":"article","og_title":"Pol\u00edtica de Privacidade - Portal","og_description":"O Portal Hoje tem m\u00e1ximo responsabilidade em cuidar dos seus dados. Por isso, nessa p\u00e1gina, voc\u00ea poder\u00e1 encontrar tudo o que precisa saber sobre a pol\u00edtica de privacidade e cookies. \u00c9 importante que voc\u00ea leia com aten\u00e7\u00e3o todos os pontos citados nessa p\u00e1gina. Caso voc\u00ea n\u00e3o esteja de acordo com algum ponto, n\u00e3o fa\u00e7o uso [&hellip;]","og_url":"https:\/\/portalhj.com\/id\/kebijakan-pribadi\/","og_site_name":"Portal","article_modified_time":"2023-06-28T02:36:03+00:00","twitter_card":"summary_large_image","twitter_misc":{"Estimasi waktu membaca":"3 menit"},"schema":{"@context":"https:\/\/schema.org","@graph":[{"@type":"WebPage","@id":"https:\/\/portalhj.com\/politica-de-privacidade\/","url":"https:\/\/portalhj.com\/politica-de-privacidade\/","name":"Kebijakan Privasi - Portal","isPartOf":{"@id":"https:\/\/portalhj.com\/#website"},"datePublished":"2022-08-17T02:29:43+00:00","dateModified":"2023-06-28T02:36:03+00:00","breadcrumb":{"@id":"https:\/\/portalhj.com\/politica-de-privacidade\/#breadcrumb"},"inLanguage":"id","potentialAction":[{"@type":"ReadAction","target":["https:\/\/portalhj.com\/politica-de-privacidade\/"]}]},{"@type":"BreadcrumbList","@id":"https:\/\/portalhj.com\/politica-de-privacidade\/#breadcrumb","itemListElement":[{"@type":"ListItem","position":1,"name":"In\u00edcio","item":"https:\/\/portalhj.com\/"},{"@type":"ListItem","position":2,"name":"Pol\u00edtica de Privacidade"}]},{"@type":"WebSite","@id":"https:\/\/portalhj.com\/#website","url":"https:\/\/portalhj.com\/","name":"Pintu gerbang","description":"Portal Informasi!","potentialAction":[{"@type":"SearchAction","target":{"@type":"EntryPoint","urlTemplate":"https:\/\/portalhj.com\/?s={search_term_string}"},"query-input":{"@type":"PropertyValueSpecification","valueRequired":true,"valueName":"search_term_string"}}],"inLanguage":"id"}]}},"_links":{"self":[{"href":"https:\/\/portalhj.com\/id\/wp-json\/wp\/v2\/pages\/326","targetHints":{"allow":["GET"]}}],"collection":[{"href":"https:\/\/portalhj.com\/id\/wp-json\/wp\/v2\/pages"}],"about":[{"href":"https:\/\/portalhj.com\/id\/wp-json\/wp\/v2\/types\/page"}],"author":[{"embeddable":true,"href":"https:\/\/portalhj.com\/id\/wp-json\/wp\/v2\/users\/1"}],"replies":[{"embeddable":true,"href":"https:\/\/portalhj.com\/id\/wp-json\/wp\/v2\/comments?post=326"}],"version-history":[{"count":1,"href":"https:\/\/portalhj.com\/id\/wp-json\/wp\/v2\/pages\/326\/revisions"}],"predecessor-version":[{"id":3355,"href":"https:\/\/portalhj.com\/id\/wp-json\/wp\/v2\/pages\/326\/revisions\/3355"}],"wp:attachment":[{"href":"https:\/\/portalhj.com\/id\/wp-json\/wp\/v2\/media?parent=326"}],"curies":[{"name":"wp","href":"https:\/\/api.w.org\/{rel}","templated":true}]}}