{"id":2602,"date":"2022-10-27T17:47:59","date_gmt":"2022-10-27T17:47:59","guid":{"rendered":"https:\/\/portalhj.com\/?page_id=2602"},"modified":"2022-10-27T17:47:59","modified_gmt":"2022-10-27T17:47:59","slug":"penafian","status":"publish","type":"page","link":"https:\/\/portalhj.com\/id\/penafian\/","title":{"rendered":"Penafian"},"content":{"rendered":"<p><strong>Perhatian:<\/strong> Harap dicatat bahwa Portal Hoje, dalam keadaan apa pun, tidak meminta data pribadi atau jumlah uang. Ini karena kami tidak bekerja dengan produk keuangan apa pun. Jika ini terjadi pada Anda, harap beri tahu kami.<\/p>\n<p><strong>Komentar:<\/strong> Portal Hoje menghargai konten yang selalu orisinal dan terkini. Namun, perbedaan mungkin terjadi dengan konten lain di internet dan hal ini wajar. Karena ini adalah teks informatif, beberapa editor lain mungkin berpikir berbeda.<\/p>\n<p>Kami tidak bertanggung jawab atas informasi dalam situs web kami. Oleh karena itu, lihat halaman Kebijakan Privasi dan Ketentuan Penggunaan untuk menggunakan situs ini dengan benar.<\/p>\n<p><strong>Mitra:<\/strong> Cara Portal Hoje menghasilkan pendapatan adalah melalui iklan. Dengan kata lain, iklan ditampilkan dan kami mendapat bagian keuntungan. Kami tidak bertanggung jawab atas iklan yang ditampilkan.<\/p>\n<p><strong>Pertimbangan:<\/strong> Portal Hoje adalah situs web yang selalu menawarkan konten berkualitas kepada pengguna. Jika Anda membutuhkan informasi terupdate, kami selalu menyarankan untuk mengecek situs resminya agar tidak ada kejanggalan.<\/p>","protected":false},"excerpt":{"rendered":"<p>Aten\u00e7\u00e3o: Saiba que o Portal Hoje n\u00e3o pede, em nenhuma circunst\u00e2ncia, dados pessoas ou quantias de dinheiro. Isso porque, n\u00e3o trabalhamos com produtos financeiros de nenhum g\u00eanero. Caso isso aconte\u00e7a com voc\u00ea, por favor, nos avise. Observa\u00e7\u00f5es: O Portal Hoje preza para que o conte\u00fado seja sempre original e atualizado. Contudo, podem ocorrer diverg\u00eancias com [&hellip;]<\/p>","protected":false},"author":1,"featured_media":0,"parent":0,"menu_order":0,"comment_status":"closed","ping_status":"closed","template":"","meta":{"footnotes":""},"class_list":["post-2602","page","type-page","status-publish"],"yoast_head":"<!-- This site is optimized with the Yoast SEO plugin v26.4 - https:\/\/yoast.com\/wordpress\/plugins\/seo\/ -->\n<title>Disclaimer - Portal<\/title>\n<meta name=\"robots\" content=\"index, follow, max-snippet:-1, max-image-preview:large, max-video-preview:-1\" \/>\n<link rel=\"canonical\" href=\"https:\/\/portalhj.com\/id\/penafian\/\" \/>\n<meta property=\"og:locale\" content=\"id_ID\" \/>\n<meta property=\"og:type\" content=\"article\" \/>\n<meta property=\"og:title\" content=\"Disclaimer - Portal\" \/>\n<meta property=\"og:description\" content=\"Aten\u00e7\u00e3o: Saiba que o Portal Hoje n\u00e3o pede, em nenhuma circunst\u00e2ncia, dados pessoas ou quantias de dinheiro. Isso porque, n\u00e3o trabalhamos com produtos financeiros de nenhum g\u00eanero. Caso isso aconte\u00e7a com voc\u00ea, por favor, nos avise. Observa\u00e7\u00f5es: O Portal Hoje preza para que o conte\u00fado seja sempre original e atualizado. Contudo, podem ocorrer diverg\u00eancias com [&hellip;]\" \/>\n<meta property=\"og:url\" content=\"https:\/\/portalhj.com\/id\/penafian\/\" \/>\n<meta property=\"og:site_name\" content=\"Portal\" \/>\n<meta name=\"twitter:card\" content=\"summary_large_image\" \/>\n<meta name=\"twitter:label1\" content=\"Estimasi waktu membaca\" \/>\n\t<meta name=\"twitter:data1\" content=\"1 menit\" \/>\n<script type=\"application\/ld+json\" class=\"yoast-schema-graph\">{\"@context\":\"https:\/\/schema.org\",\"@graph\":[{\"@type\":\"WebPage\",\"@id\":\"https:\/\/portalhj.com\/disclaimer\/\",\"url\":\"https:\/\/portalhj.com\/disclaimer\/\",\"name\":\"Disclaimer - Portal\",\"isPartOf\":{\"@id\":\"https:\/\/portalhj.com\/#website\"},\"datePublished\":\"2022-10-27T17:47:59+00:00\",\"breadcrumb\":{\"@id\":\"https:\/\/portalhj.com\/disclaimer\/#breadcrumb\"},\"inLanguage\":\"id\",\"potentialAction\":[{\"@type\":\"ReadAction\",\"target\":[\"https:\/\/portalhj.com\/disclaimer\/\"]}]},{\"@type\":\"BreadcrumbList\",\"@id\":\"https:\/\/portalhj.com\/disclaimer\/#breadcrumb\",\"itemListElement\":[{\"@type\":\"ListItem\",\"position\":1,\"name\":\"In\u00edcio\",\"item\":\"https:\/\/portalhj.com\/\"},{\"@type\":\"ListItem\",\"position\":2,\"name\":\"Disclaimer\"}]},{\"@type\":\"WebSite\",\"@id\":\"https:\/\/portalhj.com\/#website\",\"url\":\"https:\/\/portalhj.com\/\",\"name\":\"Portal\",\"description\":\"Portal Informa\u00e7\u00e3o!\",\"potentialAction\":[{\"@type\":\"SearchAction\",\"target\":{\"@type\":\"EntryPoint\",\"urlTemplate\":\"https:\/\/portalhj.com\/?s={search_term_string}\"},\"query-input\":{\"@type\":\"PropertyValueSpecification\",\"valueRequired\":true,\"valueName\":\"search_term_string\"}}],\"inLanguage\":\"id\"}]}<\/script>\n<!-- \/ Yoast SEO plugin. -->","yoast_head_json":{"title":"Penafian - Portal","robots":{"index":"index","follow":"follow","max-snippet":"max-snippet:-1","max-image-preview":"max-image-preview:large","max-video-preview":"max-video-preview:-1"},"canonical":"https:\/\/portalhj.com\/id\/penafian\/","og_locale":"id_ID","og_type":"article","og_title":"Disclaimer - Portal","og_description":"Aten\u00e7\u00e3o: Saiba que o Portal Hoje n\u00e3o pede, em nenhuma circunst\u00e2ncia, dados pessoas ou quantias de dinheiro. Isso porque, n\u00e3o trabalhamos com produtos financeiros de nenhum g\u00eanero. Caso isso aconte\u00e7a com voc\u00ea, por favor, nos avise. Observa\u00e7\u00f5es: O Portal Hoje preza para que o conte\u00fado seja sempre original e atualizado. Contudo, podem ocorrer diverg\u00eancias com [&hellip;]","og_url":"https:\/\/portalhj.com\/id\/penafian\/","og_site_name":"Portal","twitter_card":"summary_large_image","twitter_misc":{"Estimasi waktu membaca":"1 menit"},"schema":{"@context":"https:\/\/schema.org","@graph":[{"@type":"WebPage","@id":"https:\/\/portalhj.com\/disclaimer\/","url":"https:\/\/portalhj.com\/disclaimer\/","name":"Penafian - Portal","isPartOf":{"@id":"https:\/\/portalhj.com\/#website"},"datePublished":"2022-10-27T17:47:59+00:00","breadcrumb":{"@id":"https:\/\/portalhj.com\/disclaimer\/#breadcrumb"},"inLanguage":"id","potentialAction":[{"@type":"ReadAction","target":["https:\/\/portalhj.com\/disclaimer\/"]}]},{"@type":"BreadcrumbList","@id":"https:\/\/portalhj.com\/disclaimer\/#breadcrumb","itemListElement":[{"@type":"ListItem","position":1,"name":"In\u00edcio","item":"https:\/\/portalhj.com\/"},{"@type":"ListItem","position":2,"name":"Disclaimer"}]},{"@type":"WebSite","@id":"https:\/\/portalhj.com\/#website","url":"https:\/\/portalhj.com\/","name":"Pintu gerbang","description":"Portal Informasi!","potentialAction":[{"@type":"SearchAction","target":{"@type":"EntryPoint","urlTemplate":"https:\/\/portalhj.com\/?s={search_term_string}"},"query-input":{"@type":"PropertyValueSpecification","valueRequired":true,"valueName":"search_term_string"}}],"inLanguage":"id"}]}},"_links":{"self":[{"href":"https:\/\/portalhj.com\/id\/wp-json\/wp\/v2\/pages\/2602","targetHints":{"allow":["GET"]}}],"collection":[{"href":"https:\/\/portalhj.com\/id\/wp-json\/wp\/v2\/pages"}],"about":[{"href":"https:\/\/portalhj.com\/id\/wp-json\/wp\/v2\/types\/page"}],"author":[{"embeddable":true,"href":"https:\/\/portalhj.com\/id\/wp-json\/wp\/v2\/users\/1"}],"replies":[{"embeddable":true,"href":"https:\/\/portalhj.com\/id\/wp-json\/wp\/v2\/comments?post=2602"}],"version-history":[{"count":0,"href":"https:\/\/portalhj.com\/id\/wp-json\/wp\/v2\/pages\/2602\/revisions"}],"wp:attachment":[{"href":"https:\/\/portalhj.com\/id\/wp-json\/wp\/v2\/media?parent=2602"}],"curies":[{"name":"wp","href":"https:\/\/api.w.org\/{rel}","templated":true}]}}