{"id":330,"date":"2022-08-17T02:32:49","date_gmt":"2022-08-17T02:32:49","guid":{"rendered":"https:\/\/portalhj.com\/?page_id=330"},"modified":"2022-10-27T15:21:49","modified_gmt":"2022-10-27T15:21:49","slug":"quienes-somos","status":"publish","type":"page","link":"https:\/\/portalhj.com\/es\/quienes-somos\/","title":{"rendered":"Quienes somos"},"content":{"rendered":"<p>El principal objetivo de Portal Hoje es acercar informaci\u00f3n de calidad al p\u00fablico en general.<\/p>\n<p>Con varias categor\u00edas dentro de nuestro sitio web, estamos enfocados en hacer buen uso de la tecnolog\u00eda para llevar el conocimiento a todo el territorio brasile\u00f1o.<\/p>\n<p>Hoy en d\u00eda la tecnolog\u00eda est\u00e1 en todas partes, especialmente en los dispositivos m\u00f3viles. Por eso, nuestra web est\u00e1 adaptada para que puedas utilizarla y adquirir conocimientos est\u00e9s donde est\u00e9s.<\/p>\n<p>Adem\u00e1s, siempre estamos buscando informaci\u00f3n veraz. Por eso, combatimos constantemente las famosas \u201cFake News\u201d.<\/p>\n<p>Todos los d\u00edas podr\u00e1s encontrar nuevos art\u00edculos escritos por escritores de calidad que tienen conocimientos sobre el tema en cuesti\u00f3n.<\/p>","protected":false},"excerpt":{"rendered":"<p>O Portal Hoje tem como principal objetivo trazer informa\u00e7\u00f5es de qualidade para o p\u00fablico em geral. Com v\u00e1rias categorias dentro de nosso site, estamos focados em fazer um bom uso da tecnologia para levar conhecimento para todo o territ\u00f3rio brasileiro. Hoje a tecnologia est\u00e1 em todo lugar, principalmente nos dispositivos m\u00f3veis. Por isso, o nosso [&hellip;]<\/p>","protected":false},"author":1,"featured_media":0,"parent":0,"menu_order":0,"comment_status":"closed","ping_status":"closed","template":"","meta":{"footnotes":""},"class_list":["post-330","page","type-page","status-publish"],"yoast_head":"<!-- This site is optimized with the Yoast SEO plugin v26.4 - https:\/\/yoast.com\/wordpress\/plugins\/seo\/ -->\n<title>Quem Somos - Portal<\/title>\n<meta name=\"robots\" content=\"index, follow, max-snippet:-1, max-image-preview:large, max-video-preview:-1\" \/>\n<link rel=\"canonical\" href=\"https:\/\/portalhj.com\/es\/quienes-somos\/\" \/>\n<meta property=\"og:locale\" content=\"es_ES\" \/>\n<meta property=\"og:type\" content=\"article\" \/>\n<meta property=\"og:title\" content=\"Quem Somos - Portal\" \/>\n<meta property=\"og:description\" content=\"O Portal Hoje tem como principal objetivo trazer informa\u00e7\u00f5es de qualidade para o p\u00fablico em geral. Com v\u00e1rias categorias dentro de nosso site, estamos focados em fazer um bom uso da tecnologia para levar conhecimento para todo o territ\u00f3rio brasileiro. Hoje a tecnologia est\u00e1 em todo lugar, principalmente nos dispositivos m\u00f3veis. Por isso, o nosso [&hellip;]\" \/>\n<meta property=\"og:url\" content=\"https:\/\/portalhj.com\/es\/quienes-somos\/\" \/>\n<meta property=\"og:site_name\" content=\"Portal\" \/>\n<meta property=\"article:modified_time\" content=\"2022-10-27T15:21:49+00:00\" \/>\n<meta name=\"twitter:card\" content=\"summary_large_image\" \/>\n<meta name=\"twitter:label1\" content=\"Tiempo de lectura\" \/>\n\t<meta name=\"twitter:data1\" content=\"1 minuto\" \/>\n<script type=\"application\/ld+json\" class=\"yoast-schema-graph\">{\"@context\":\"https:\/\/schema.org\",\"@graph\":[{\"@type\":\"WebPage\",\"@id\":\"https:\/\/portalhj.com\/quem-somos\/\",\"url\":\"https:\/\/portalhj.com\/quem-somos\/\",\"name\":\"Quem Somos - Portal\",\"isPartOf\":{\"@id\":\"https:\/\/portalhj.com\/#website\"},\"datePublished\":\"2022-08-17T02:32:49+00:00\",\"dateModified\":\"2022-10-27T15:21:49+00:00\",\"breadcrumb\":{\"@id\":\"https:\/\/portalhj.com\/quem-somos\/#breadcrumb\"},\"inLanguage\":\"es\",\"potentialAction\":[{\"@type\":\"ReadAction\",\"target\":[\"https:\/\/portalhj.com\/quem-somos\/\"]}]},{\"@type\":\"BreadcrumbList\",\"@id\":\"https:\/\/portalhj.com\/quem-somos\/#breadcrumb\",\"itemListElement\":[{\"@type\":\"ListItem\",\"position\":1,\"name\":\"In\u00edcio\",\"item\":\"https:\/\/portalhj.com\/\"},{\"@type\":\"ListItem\",\"position\":2,\"name\":\"Quem Somos\"}]},{\"@type\":\"WebSite\",\"@id\":\"https:\/\/portalhj.com\/#website\",\"url\":\"https:\/\/portalhj.com\/\",\"name\":\"Portal\",\"description\":\"Portal Informa\u00e7\u00e3o!\",\"potentialAction\":[{\"@type\":\"SearchAction\",\"target\":{\"@type\":\"EntryPoint\",\"urlTemplate\":\"https:\/\/portalhj.com\/?s={search_term_string}\"},\"query-input\":{\"@type\":\"PropertyValueSpecification\",\"valueRequired\":true,\"valueName\":\"search_term_string\"}}],\"inLanguage\":\"es\"}]}<\/script>\n<!-- \/ Yoast SEO plugin. -->","yoast_head_json":{"title":"Quienes somos - Portal","robots":{"index":"index","follow":"follow","max-snippet":"max-snippet:-1","max-image-preview":"max-image-preview:large","max-video-preview":"max-video-preview:-1"},"canonical":"https:\/\/portalhj.com\/es\/quienes-somos\/","og_locale":"es_ES","og_type":"article","og_title":"Quem Somos - Portal","og_description":"O Portal Hoje tem como principal objetivo trazer informa\u00e7\u00f5es de qualidade para o p\u00fablico em geral. Com v\u00e1rias categorias dentro de nosso site, estamos focados em fazer um bom uso da tecnologia para levar conhecimento para todo o territ\u00f3rio brasileiro. Hoje a tecnologia est\u00e1 em todo lugar, principalmente nos dispositivos m\u00f3veis. Por isso, o nosso [&hellip;]","og_url":"https:\/\/portalhj.com\/es\/quienes-somos\/","og_site_name":"Portal","article_modified_time":"2022-10-27T15:21:49+00:00","twitter_card":"summary_large_image","twitter_misc":{"Tiempo de lectura":"1 minuto"},"schema":{"@context":"https:\/\/schema.org","@graph":[{"@type":"WebPage","@id":"https:\/\/portalhj.com\/quem-somos\/","url":"https:\/\/portalhj.com\/quem-somos\/","name":"Quienes somos - Portal","isPartOf":{"@id":"https:\/\/portalhj.com\/#website"},"datePublished":"2022-08-17T02:32:49+00:00","dateModified":"2022-10-27T15:21:49+00:00","breadcrumb":{"@id":"https:\/\/portalhj.com\/quem-somos\/#breadcrumb"},"inLanguage":"es","potentialAction":[{"@type":"ReadAction","target":["https:\/\/portalhj.com\/quem-somos\/"]}]},{"@type":"BreadcrumbList","@id":"https:\/\/portalhj.com\/quem-somos\/#breadcrumb","itemListElement":[{"@type":"ListItem","position":1,"name":"In\u00edcio","item":"https:\/\/portalhj.com\/"},{"@type":"ListItem","position":2,"name":"Quem Somos"}]},{"@type":"WebSite","@id":"https:\/\/portalhj.com\/#website","url":"https:\/\/portalhj.com\/","name":"Portal","description":"\u00a1Portal de informaci\u00f3n!","potentialAction":[{"@type":"SearchAction","target":{"@type":"EntryPoint","urlTemplate":"https:\/\/portalhj.com\/?s={search_term_string}"},"query-input":{"@type":"PropertyValueSpecification","valueRequired":true,"valueName":"search_term_string"}}],"inLanguage":"es"}]}},"_links":{"self":[{"href":"https:\/\/portalhj.com\/es\/wp-json\/wp\/v2\/pages\/330","targetHints":{"allow":["GET"]}}],"collection":[{"href":"https:\/\/portalhj.com\/es\/wp-json\/wp\/v2\/pages"}],"about":[{"href":"https:\/\/portalhj.com\/es\/wp-json\/wp\/v2\/types\/page"}],"author":[{"embeddable":true,"href":"https:\/\/portalhj.com\/es\/wp-json\/wp\/v2\/users\/1"}],"replies":[{"embeddable":true,"href":"https:\/\/portalhj.com\/es\/wp-json\/wp\/v2\/comments?post=330"}],"version-history":[{"count":0,"href":"https:\/\/portalhj.com\/es\/wp-json\/wp\/v2\/pages\/330\/revisions"}],"wp:attachment":[{"href":"https:\/\/portalhj.com\/es\/wp-json\/wp\/v2\/media?parent=330"}],"curies":[{"name":"wp","href":"https:\/\/api.w.org\/{rel}","templated":true}]}}