{"id":326,"date":"2022-08-17T02:29:43","date_gmt":"2022-08-17T02:29:43","guid":{"rendered":"https:\/\/portalhj.com\/?page_id=326"},"modified":"2023-06-28T02:36:03","modified_gmt":"2023-06-28T02:36:03","slug":"politica-de-privacidad","status":"publish","type":"page","link":"https:\/\/portalhj.com\/es\/politica-de-privacidad\/","title":{"rendered":"Pol\u00edtica de privacidad"},"content":{"rendered":"<p>Portal Hoje tiene la m\u00e1xima responsabilidad en el cuidado de sus datos. Por ello, en esta p\u00e1gina podr\u00e1s encontrar todo lo que necesitas saber sobre la pol\u00edtica de privacidad y de cookies.<\/p>\n<p>Es importante que leas atentamente todos los puntos mencionados en esta p\u00e1gina. Si no est\u00e1 de acuerdo con alg\u00fan punto, no uso este sitio.<\/p>\n<p>No usaremos ni compartiremos su informaci\u00f3n con nadie excepto como se describe en esta Pol\u00edtica de Privacidad.<\/p>\n<h3>Publicidad personalizada<\/h3>\n<p>Los usuarios pueden optar por no recibir publicidad personalizada visitando el <a href=\"https:\/\/adssettings.google.com\/authenticated\">Configuraci\u00f3n de anuncios<\/a>. Alternativamente, puede dirigir a los usuarios para que accedan al sitio. <a href=\"https:\/\/optout.aboutads.info\/?c=2&amp;lang=ES\">www.aboutads.info<\/a> deshabilitar el uso de cookies de publicidad personalizada de terceros.<\/p>\n<h3>Recopilaci\u00f3n y uso de informaci\u00f3n<\/h3>\n<p>Mientras utiliza el sitio web, es posible que se le solicite que proporcione cierta informaci\u00f3n personal sobre usted. Estos podr\u00edan ser su nombre, n\u00famero de tel\u00e9fono y direcci\u00f3n. No se utilizar\u00e1n para nada m\u00e1s que contactarlo o identificar sus preferencias de uso mientras navega por el sitio.<\/p>\n<h3>Galletas<\/h3>\n<p>Las cookies son archivos que contienen peque\u00f1os conjuntos de datos (un nombre de usuario y una contrase\u00f1a, por ejemplo) que se intercambian entre la computadora de un usuario y un servidor web para identificar a ciertos usuarios y mejorar su experiencia de navegaci\u00f3n.<\/p>\n<p>Por ejemplo, las cookies permiten a los sitios web reconocer a los usuarios y recordar su informaci\u00f3n de inicio de sesi\u00f3n y sus preferencias.<\/p>\n<p>Las cookies se generan cuando los usuarios visitan un nuevo sitio web.<\/p>\n<p>Si elige rechazar nuestras cookies, es posible que no pueda utilizar algunas partes de nuestro sitio web.<\/p>\n<h3>Enlaces a otros sitios web<\/h3>\n<p>A lo largo del contenido, podr\u00e1 encontrar enlaces a otros sitios web. Se trata de sitios web de terceros que tienen contenido complementario a lo que est\u00e1s leyendo.<\/p>\n<p>Cuando hace clic en uno de estos enlaces, es posible que sea redirigido a otro sitio web. No somos responsables del uso de datos de este sitio web de terceros.<\/p>\n<p>Por tanto, si quieres la m\u00e1xima seguridad, no dejes de leer la Pol\u00edtica de Privacidad de estos sitios.<\/p>\n<h3>Cambios a esta Pol\u00edtica de Privacidad<\/h3>\n<p>Es importante que sepas que esta Pol\u00edtica de Privacidad puede modificarse en cualquier momento. Por ello, es recomendable que visites esta p\u00e1gina con m\u00e1s frecuencia para comprobar que todo sigue igual.<\/p>\n<p>Si tiene alguna pregunta o sugerencia sobre nuestra Pol\u00edtica de Privacidad, no dude en contactarnos.<\/p>","protected":false},"excerpt":{"rendered":"<p>O Portal Hoje tem m\u00e1ximo responsabilidade em cuidar dos seus dados. Por isso, nessa p\u00e1gina, voc\u00ea poder\u00e1 encontrar tudo o que precisa saber sobre a pol\u00edtica de privacidade e cookies. \u00c9 importante que voc\u00ea leia com aten\u00e7\u00e3o todos os pontos citados nessa p\u00e1gina. Caso voc\u00ea n\u00e3o esteja de acordo com algum ponto, n\u00e3o fa\u00e7o uso [&hellip;]<\/p>","protected":false},"author":1,"featured_media":0,"parent":0,"menu_order":0,"comment_status":"closed","ping_status":"closed","template":"","meta":{"footnotes":""},"class_list":["post-326","page","type-page","status-publish"],"yoast_head":"<!-- This site is optimized with the Yoast SEO plugin v26.4 - https:\/\/yoast.com\/wordpress\/plugins\/seo\/ -->\n<title>Pol\u00edtica de Privacidade - Portal<\/title>\n<meta name=\"robots\" content=\"index, follow, max-snippet:-1, max-image-preview:large, max-video-preview:-1\" \/>\n<link rel=\"canonical\" href=\"https:\/\/portalhj.com\/es\/politica-de-privacidad\/\" \/>\n<meta property=\"og:locale\" content=\"es_ES\" \/>\n<meta property=\"og:type\" content=\"article\" \/>\n<meta property=\"og:title\" content=\"Pol\u00edtica de Privacidade - Portal\" \/>\n<meta property=\"og:description\" content=\"O Portal Hoje tem m\u00e1ximo responsabilidade em cuidar dos seus dados. Por isso, nessa p\u00e1gina, voc\u00ea poder\u00e1 encontrar tudo o que precisa saber sobre a pol\u00edtica de privacidade e cookies. \u00c9 importante que voc\u00ea leia com aten\u00e7\u00e3o todos os pontos citados nessa p\u00e1gina. Caso voc\u00ea n\u00e3o esteja de acordo com algum ponto, n\u00e3o fa\u00e7o uso [&hellip;]\" \/>\n<meta property=\"og:url\" content=\"https:\/\/portalhj.com\/es\/politica-de-privacidad\/\" \/>\n<meta property=\"og:site_name\" content=\"Portal\" \/>\n<meta property=\"article:modified_time\" content=\"2023-06-28T02:36:03+00:00\" \/>\n<meta name=\"twitter:card\" content=\"summary_large_image\" \/>\n<meta name=\"twitter:label1\" content=\"Tiempo de lectura\" \/>\n\t<meta name=\"twitter:data1\" content=\"3 minutos\" \/>\n<script type=\"application\/ld+json\" class=\"yoast-schema-graph\">{\"@context\":\"https:\/\/schema.org\",\"@graph\":[{\"@type\":\"WebPage\",\"@id\":\"https:\/\/portalhj.com\/politica-de-privacidade\/\",\"url\":\"https:\/\/portalhj.com\/politica-de-privacidade\/\",\"name\":\"Pol\u00edtica de Privacidade - Portal\",\"isPartOf\":{\"@id\":\"https:\/\/portalhj.com\/#website\"},\"datePublished\":\"2022-08-17T02:29:43+00:00\",\"dateModified\":\"2023-06-28T02:36:03+00:00\",\"breadcrumb\":{\"@id\":\"https:\/\/portalhj.com\/politica-de-privacidade\/#breadcrumb\"},\"inLanguage\":\"es\",\"potentialAction\":[{\"@type\":\"ReadAction\",\"target\":[\"https:\/\/portalhj.com\/politica-de-privacidade\/\"]}]},{\"@type\":\"BreadcrumbList\",\"@id\":\"https:\/\/portalhj.com\/politica-de-privacidade\/#breadcrumb\",\"itemListElement\":[{\"@type\":\"ListItem\",\"position\":1,\"name\":\"In\u00edcio\",\"item\":\"https:\/\/portalhj.com\/\"},{\"@type\":\"ListItem\",\"position\":2,\"name\":\"Pol\u00edtica de Privacidade\"}]},{\"@type\":\"WebSite\",\"@id\":\"https:\/\/portalhj.com\/#website\",\"url\":\"https:\/\/portalhj.com\/\",\"name\":\"Portal\",\"description\":\"Portal Informa\u00e7\u00e3o!\",\"potentialAction\":[{\"@type\":\"SearchAction\",\"target\":{\"@type\":\"EntryPoint\",\"urlTemplate\":\"https:\/\/portalhj.com\/?s={search_term_string}\"},\"query-input\":{\"@type\":\"PropertyValueSpecification\",\"valueRequired\":true,\"valueName\":\"search_term_string\"}}],\"inLanguage\":\"es\"}]}<\/script>\n<!-- \/ Yoast SEO plugin. -->","yoast_head_json":{"title":"Pol\u00edtica de Privacidad - Portal","robots":{"index":"index","follow":"follow","max-snippet":"max-snippet:-1","max-image-preview":"max-image-preview:large","max-video-preview":"max-video-preview:-1"},"canonical":"https:\/\/portalhj.com\/es\/politica-de-privacidad\/","og_locale":"es_ES","og_type":"article","og_title":"Pol\u00edtica de Privacidade - Portal","og_description":"O Portal Hoje tem m\u00e1ximo responsabilidade em cuidar dos seus dados. Por isso, nessa p\u00e1gina, voc\u00ea poder\u00e1 encontrar tudo o que precisa saber sobre a pol\u00edtica de privacidade e cookies. \u00c9 importante que voc\u00ea leia com aten\u00e7\u00e3o todos os pontos citados nessa p\u00e1gina. Caso voc\u00ea n\u00e3o esteja de acordo com algum ponto, n\u00e3o fa\u00e7o uso [&hellip;]","og_url":"https:\/\/portalhj.com\/es\/politica-de-privacidad\/","og_site_name":"Portal","article_modified_time":"2023-06-28T02:36:03+00:00","twitter_card":"summary_large_image","twitter_misc":{"Tiempo de lectura":"3 minutos"},"schema":{"@context":"https:\/\/schema.org","@graph":[{"@type":"WebPage","@id":"https:\/\/portalhj.com\/politica-de-privacidade\/","url":"https:\/\/portalhj.com\/politica-de-privacidade\/","name":"Pol\u00edtica de Privacidad - Portal","isPartOf":{"@id":"https:\/\/portalhj.com\/#website"},"datePublished":"2022-08-17T02:29:43+00:00","dateModified":"2023-06-28T02:36:03+00:00","breadcrumb":{"@id":"https:\/\/portalhj.com\/politica-de-privacidade\/#breadcrumb"},"inLanguage":"es","potentialAction":[{"@type":"ReadAction","target":["https:\/\/portalhj.com\/politica-de-privacidade\/"]}]},{"@type":"BreadcrumbList","@id":"https:\/\/portalhj.com\/politica-de-privacidade\/#breadcrumb","itemListElement":[{"@type":"ListItem","position":1,"name":"In\u00edcio","item":"https:\/\/portalhj.com\/"},{"@type":"ListItem","position":2,"name":"Pol\u00edtica de Privacidade"}]},{"@type":"WebSite","@id":"https:\/\/portalhj.com\/#website","url":"https:\/\/portalhj.com\/","name":"Portal","description":"\u00a1Portal de informaci\u00f3n!","potentialAction":[{"@type":"SearchAction","target":{"@type":"EntryPoint","urlTemplate":"https:\/\/portalhj.com\/?s={search_term_string}"},"query-input":{"@type":"PropertyValueSpecification","valueRequired":true,"valueName":"search_term_string"}}],"inLanguage":"es"}]}},"_links":{"self":[{"href":"https:\/\/portalhj.com\/es\/wp-json\/wp\/v2\/pages\/326","targetHints":{"allow":["GET"]}}],"collection":[{"href":"https:\/\/portalhj.com\/es\/wp-json\/wp\/v2\/pages"}],"about":[{"href":"https:\/\/portalhj.com\/es\/wp-json\/wp\/v2\/types\/page"}],"author":[{"embeddable":true,"href":"https:\/\/portalhj.com\/es\/wp-json\/wp\/v2\/users\/1"}],"replies":[{"embeddable":true,"href":"https:\/\/portalhj.com\/es\/wp-json\/wp\/v2\/comments?post=326"}],"version-history":[{"count":1,"href":"https:\/\/portalhj.com\/es\/wp-json\/wp\/v2\/pages\/326\/revisions"}],"predecessor-version":[{"id":3355,"href":"https:\/\/portalhj.com\/es\/wp-json\/wp\/v2\/pages\/326\/revisions\/3355"}],"wp:attachment":[{"href":"https:\/\/portalhj.com\/es\/wp-json\/wp\/v2\/media?parent=326"}],"curies":[{"name":"wp","href":"https:\/\/api.w.org\/{rel}","templated":true}]}}