{"id":330,"date":"2022-08-17T02:32:49","date_gmt":"2022-08-17T02:32:49","guid":{"rendered":"https:\/\/portalhj.com\/?page_id=330"},"modified":"2022-10-27T15:21:49","modified_gmt":"2022-10-27T15:21:49","slug":"kdo-jsme","status":"publish","type":"page","link":"https:\/\/portalhj.com\/cs\/kdo-jsme\/","title":{"rendered":"Kdo jsme"},"content":{"rendered":"<p>Hlavn\u00edm c\u00edlem Port\u00e1lu Hoje je p\u0159in\u00e1\u0161et kvalitn\u00ed informace \u0161irok\u00e9 ve\u0159ejnosti.<\/p>\n<p>S n\u011bkolika kategoriemi na na\u0161ich webov\u00fdch str\u00e1nk\u00e1ch se zam\u011b\u0159ujeme na dobr\u00e9 vyu\u017eit\u00ed technologi\u00ed, abychom p\u0159inesli znalosti na cel\u00e9 brazilsk\u00e9 \u00fazem\u00ed.<\/p>\n<p>Technologie je dnes v\u0161ude, zejm\u00e9na na mobiln\u00edch za\u0159\u00edzen\u00edch. Proto jsou na\u0161e webov\u00e9 str\u00e1nky p\u0159izp\u016fsobeny tak, abyste je mohli pou\u017e\u00edvat a z\u00edsk\u00e1vat znalosti, a\u0165 jste kdekoli.<\/p>\n<p>Nav\u00edc v\u017edy hled\u00e1me pravdiv\u00e9 informace. Proto neust\u00e1le bojujeme proti slavn\u00fdm \u201eFake News\u201c.<\/p>\n<p>Ka\u017ed\u00fd den m\u016f\u017eete naj\u00edt nov\u00e9 \u010dl\u00e1nky napsan\u00e9 kvalitn\u00edmi autory, kte\u0159\u00ed maj\u00ed znalosti o dan\u00e9m t\u00e9matu.<\/p>","protected":false},"excerpt":{"rendered":"<p>O Portal Hoje tem como principal objetivo trazer informa\u00e7\u00f5es de qualidade para o p\u00fablico em geral. Com v\u00e1rias categorias dentro de nosso site, estamos focados em fazer um bom uso da tecnologia para levar conhecimento para todo o territ\u00f3rio brasileiro. Hoje a tecnologia est\u00e1 em todo lugar, principalmente nos dispositivos m\u00f3veis. Por isso, o nosso [&hellip;]<\/p>","protected":false},"author":1,"featured_media":0,"parent":0,"menu_order":0,"comment_status":"closed","ping_status":"closed","template":"","meta":{"footnotes":""},"class_list":["post-330","page","type-page","status-publish"],"yoast_head":"<!-- This site is optimized with the Yoast SEO plugin v26.4 - https:\/\/yoast.com\/wordpress\/plugins\/seo\/ -->\n<title>Quem Somos - Portal<\/title>\n<meta name=\"robots\" content=\"index, follow, max-snippet:-1, max-image-preview:large, max-video-preview:-1\" \/>\n<link rel=\"canonical\" href=\"https:\/\/portalhj.com\/cs\/kdo-jsme\/\" \/>\n<meta property=\"og:locale\" content=\"cs_CZ\" \/>\n<meta property=\"og:type\" content=\"article\" \/>\n<meta property=\"og:title\" content=\"Quem Somos - Portal\" \/>\n<meta property=\"og:description\" content=\"O Portal Hoje tem como principal objetivo trazer informa\u00e7\u00f5es de qualidade para o p\u00fablico em geral. Com v\u00e1rias categorias dentro de nosso site, estamos focados em fazer um bom uso da tecnologia para levar conhecimento para todo o territ\u00f3rio brasileiro. Hoje a tecnologia est\u00e1 em todo lugar, principalmente nos dispositivos m\u00f3veis. Por isso, o nosso [&hellip;]\" \/>\n<meta property=\"og:url\" content=\"https:\/\/portalhj.com\/cs\/kdo-jsme\/\" \/>\n<meta property=\"og:site_name\" content=\"Portal\" \/>\n<meta property=\"article:modified_time\" content=\"2022-10-27T15:21:49+00:00\" \/>\n<meta name=\"twitter:card\" content=\"summary_large_image\" \/>\n<meta name=\"twitter:label1\" content=\"Odhadovan\u00e1 doba \u010dten\u00ed\" \/>\n\t<meta name=\"twitter:data1\" content=\"1 minuta\" \/>\n<script type=\"application\/ld+json\" class=\"yoast-schema-graph\">{\"@context\":\"https:\/\/schema.org\",\"@graph\":[{\"@type\":\"WebPage\",\"@id\":\"https:\/\/portalhj.com\/quem-somos\/\",\"url\":\"https:\/\/portalhj.com\/quem-somos\/\",\"name\":\"Quem Somos - Portal\",\"isPartOf\":{\"@id\":\"https:\/\/portalhj.com\/#website\"},\"datePublished\":\"2022-08-17T02:32:49+00:00\",\"dateModified\":\"2022-10-27T15:21:49+00:00\",\"breadcrumb\":{\"@id\":\"https:\/\/portalhj.com\/quem-somos\/#breadcrumb\"},\"inLanguage\":\"cs\",\"potentialAction\":[{\"@type\":\"ReadAction\",\"target\":[\"https:\/\/portalhj.com\/quem-somos\/\"]}]},{\"@type\":\"BreadcrumbList\",\"@id\":\"https:\/\/portalhj.com\/quem-somos\/#breadcrumb\",\"itemListElement\":[{\"@type\":\"ListItem\",\"position\":1,\"name\":\"In\u00edcio\",\"item\":\"https:\/\/portalhj.com\/\"},{\"@type\":\"ListItem\",\"position\":2,\"name\":\"Quem Somos\"}]},{\"@type\":\"WebSite\",\"@id\":\"https:\/\/portalhj.com\/#website\",\"url\":\"https:\/\/portalhj.com\/\",\"name\":\"Portal\",\"description\":\"Portal Informa\u00e7\u00e3o!\",\"potentialAction\":[{\"@type\":\"SearchAction\",\"target\":{\"@type\":\"EntryPoint\",\"urlTemplate\":\"https:\/\/portalhj.com\/?s={search_term_string}\"},\"query-input\":{\"@type\":\"PropertyValueSpecification\",\"valueRequired\":true,\"valueName\":\"search_term_string\"}}],\"inLanguage\":\"cs\"}]}<\/script>\n<!-- \/ Yoast SEO plugin. -->","yoast_head_json":{"title":"Kdo jsme - port\u00e1l","robots":{"index":"index","follow":"follow","max-snippet":"max-snippet:-1","max-image-preview":"max-image-preview:large","max-video-preview":"max-video-preview:-1"},"canonical":"https:\/\/portalhj.com\/cs\/kdo-jsme\/","og_locale":"cs_CZ","og_type":"article","og_title":"Quem Somos - Portal","og_description":"O Portal Hoje tem como principal objetivo trazer informa\u00e7\u00f5es de qualidade para o p\u00fablico em geral. Com v\u00e1rias categorias dentro de nosso site, estamos focados em fazer um bom uso da tecnologia para levar conhecimento para todo o territ\u00f3rio brasileiro. Hoje a tecnologia est\u00e1 em todo lugar, principalmente nos dispositivos m\u00f3veis. Por isso, o nosso [&hellip;]","og_url":"https:\/\/portalhj.com\/cs\/kdo-jsme\/","og_site_name":"Portal","article_modified_time":"2022-10-27T15:21:49+00:00","twitter_card":"summary_large_image","twitter_misc":{"Odhadovan\u00e1 doba \u010dten\u00ed":"1 minuta"},"schema":{"@context":"https:\/\/schema.org","@graph":[{"@type":"WebPage","@id":"https:\/\/portalhj.com\/quem-somos\/","url":"https:\/\/portalhj.com\/quem-somos\/","name":"Kdo jsme - port\u00e1l","isPartOf":{"@id":"https:\/\/portalhj.com\/#website"},"datePublished":"2022-08-17T02:32:49+00:00","dateModified":"2022-10-27T15:21:49+00:00","breadcrumb":{"@id":"https:\/\/portalhj.com\/quem-somos\/#breadcrumb"},"inLanguage":"cs","potentialAction":[{"@type":"ReadAction","target":["https:\/\/portalhj.com\/quem-somos\/"]}]},{"@type":"BreadcrumbList","@id":"https:\/\/portalhj.com\/quem-somos\/#breadcrumb","itemListElement":[{"@type":"ListItem","position":1,"name":"In\u00edcio","item":"https:\/\/portalhj.com\/"},{"@type":"ListItem","position":2,"name":"Quem Somos"}]},{"@type":"WebSite","@id":"https:\/\/portalhj.com\/#website","url":"https:\/\/portalhj.com\/","name":"Port\u00e1l","description":"Informa\u010dn\u00ed port\u00e1l!","potentialAction":[{"@type":"SearchAction","target":{"@type":"EntryPoint","urlTemplate":"https:\/\/portalhj.com\/?s={search_term_string}"},"query-input":{"@type":"PropertyValueSpecification","valueRequired":true,"valueName":"search_term_string"}}],"inLanguage":"cs"}]}},"_links":{"self":[{"href":"https:\/\/portalhj.com\/cs\/wp-json\/wp\/v2\/pages\/330","targetHints":{"allow":["GET"]}}],"collection":[{"href":"https:\/\/portalhj.com\/cs\/wp-json\/wp\/v2\/pages"}],"about":[{"href":"https:\/\/portalhj.com\/cs\/wp-json\/wp\/v2\/types\/page"}],"author":[{"embeddable":true,"href":"https:\/\/portalhj.com\/cs\/wp-json\/wp\/v2\/users\/1"}],"replies":[{"embeddable":true,"href":"https:\/\/portalhj.com\/cs\/wp-json\/wp\/v2\/comments?post=330"}],"version-history":[{"count":0,"href":"https:\/\/portalhj.com\/cs\/wp-json\/wp\/v2\/pages\/330\/revisions"}],"wp:attachment":[{"href":"https:\/\/portalhj.com\/cs\/wp-json\/wp\/v2\/media?parent=330"}],"curies":[{"name":"wp","href":"https:\/\/api.w.org\/{rel}","templated":true}]}}