{"id":328,"date":"2022-08-17T02:32:01","date_gmt":"2022-08-17T02:32:01","guid":{"rendered":"https:\/\/portalhj.com\/?page_id=328"},"modified":"2022-10-27T15:22:13","modified_gmt":"2022-10-27T15:22:13","slug":"podminky-pouziti","status":"publish","type":"page","link":"https:\/\/portalhj.com\/cs\/podminky-pouziti\/","title":{"rendered":"Podm\u00ednky pou\u017eit\u00ed"},"content":{"rendered":"<p>Pokud budete pokra\u010dovat v proch\u00e1zen\u00ed a pou\u017e\u00edv\u00e1n\u00ed tohoto webu, souhlas\u00edte s t\u00edm, \u017ee budete dodr\u017eovat a budete v\u00e1z\u00e1ni n\u00e1sleduj\u00edc\u00edmi podm\u00ednkami pou\u017e\u00edv\u00e1n\u00ed, kter\u00e9 spolu s na\u0161imi z\u00e1sadami ochrany osobn\u00edch \u00fadaj\u016f upravuj\u00ed vztah Portal Hoje s v\u00e1mi.<\/p>\n<p>Pokud nesouhlas\u00edte s jakoukoli \u010d\u00e1st\u00ed t\u011bchto podm\u00ednek, nepou\u017e\u00edvejte na\u0161e webov\u00e9 str\u00e1nky.<\/p>\n<p>Pou\u017e\u00edv\u00e1n\u00ed t\u00e9to webov\u00e9 str\u00e1nky podl\u00e9h\u00e1 n\u00e1sleduj\u00edc\u00edm podm\u00ednk\u00e1m pou\u017eit\u00ed:<\/p>\n<ul>\n<li>Obsah str\u00e1nek tohoto webu slou\u017e\u00ed pouze pro va\u0161i obecnou informaci a pou\u017eit\u00ed. M\u016f\u017ee se zm\u011bnit bez upozorn\u011bn\u00ed.<\/li>\n<li>Ani my, ani \u017e\u00e1dn\u00e9 t\u0159et\u00ed strany neposkytujeme \u017e\u00e1dnou z\u00e1ruku nebo z\u00e1ruku, pokud jde o p\u0159esnost, v\u010dasnost, v\u00fdkon, \u00faplnost nebo vhodnost informac\u00ed a materi\u00e1l\u016f nalezen\u00fdch nebo nab\u00edzen\u00fdch na t\u00e9to webov\u00e9 str\u00e1nce pro jak\u00fdkoli konkr\u00e9tn\u00ed \u00fa\u010del.<\/li>\n<li>Va\u0161e pou\u017eit\u00ed jak\u00fdchkoli informac\u00ed nebo materi\u00e1l\u016f na t\u00e9to webov\u00e9 str\u00e1nce je zcela na va\u0161e vlastn\u00ed riziko, za kter\u00e9 neneseme odpov\u011bdnost.<\/li>\n<li>\u010cas od \u010dasu m\u016f\u017ee tato webov\u00e1 str\u00e1nka obsahovat tak\u00e9 odkazy na jin\u00e9 webov\u00e9 str\u00e1nky. Tyto odkazy jsou poskytov\u00e1ny pro va\u0161e pohodl\u00ed a poskytuj\u00ed dal\u0161\u00ed informace. Neneseme \u017e\u00e1dnou odpov\u011bdnost za obsah odkazovan\u00fdch webov\u00fdch str\u00e1nek.<\/li>\n<\/ul>","protected":false},"excerpt":{"rendered":"<p>Se voc\u00ea continuar navegando e usando este site, concorda em cumprir e ficar vinculado aos seguintes termos e condi\u00e7\u00f5es de uso, que, juntamente com nossa pol\u00edtica de privacidade, regem o relacionamento do Portal Hoje com voc\u00ea. Se voc\u00ea discordar de qualquer parte destes termos e condi\u00e7\u00f5es, n\u00e3o use nosso site. O uso deste site est\u00e1 [&hellip;]<\/p>","protected":false},"author":1,"featured_media":0,"parent":0,"menu_order":0,"comment_status":"closed","ping_status":"closed","template":"","meta":{"footnotes":""},"class_list":["post-328","page","type-page","status-publish"],"yoast_head":"<!-- This site is optimized with the Yoast SEO plugin v26.4 - https:\/\/yoast.com\/wordpress\/plugins\/seo\/ -->\n<title>Termos de Uso - Portal<\/title>\n<meta name=\"robots\" content=\"index, follow, max-snippet:-1, max-image-preview:large, max-video-preview:-1\" \/>\n<link rel=\"canonical\" href=\"https:\/\/portalhj.com\/cs\/podminky-pouziti\/\" \/>\n<meta property=\"og:locale\" content=\"cs_CZ\" \/>\n<meta property=\"og:type\" content=\"article\" \/>\n<meta property=\"og:title\" content=\"Termos de Uso - Portal\" \/>\n<meta property=\"og:description\" content=\"Se voc\u00ea continuar navegando e usando este site, concorda em cumprir e ficar vinculado aos seguintes termos e condi\u00e7\u00f5es de uso, que, juntamente com nossa pol\u00edtica de privacidade, regem o relacionamento do Portal Hoje com voc\u00ea. Se voc\u00ea discordar de qualquer parte destes termos e condi\u00e7\u00f5es, n\u00e3o use nosso site. O uso deste site est\u00e1 [&hellip;]\" \/>\n<meta property=\"og:url\" content=\"https:\/\/portalhj.com\/cs\/podminky-pouziti\/\" \/>\n<meta property=\"og:site_name\" content=\"Portal\" \/>\n<meta property=\"article:modified_time\" content=\"2022-10-27T15:22:13+00:00\" \/>\n<meta name=\"twitter:card\" content=\"summary_large_image\" \/>\n<meta name=\"twitter:label1\" content=\"Odhadovan\u00e1 doba \u010dten\u00ed\" \/>\n\t<meta name=\"twitter:data1\" content=\"1 minuta\" \/>\n<script type=\"application\/ld+json\" class=\"yoast-schema-graph\">{\"@context\":\"https:\/\/schema.org\",\"@graph\":[{\"@type\":\"WebPage\",\"@id\":\"https:\/\/portalhj.com\/termos-de-uso\/\",\"url\":\"https:\/\/portalhj.com\/termos-de-uso\/\",\"name\":\"Termos de Uso - Portal\",\"isPartOf\":{\"@id\":\"https:\/\/portalhj.com\/#website\"},\"datePublished\":\"2022-08-17T02:32:01+00:00\",\"dateModified\":\"2022-10-27T15:22:13+00:00\",\"breadcrumb\":{\"@id\":\"https:\/\/portalhj.com\/termos-de-uso\/#breadcrumb\"},\"inLanguage\":\"cs\",\"potentialAction\":[{\"@type\":\"ReadAction\",\"target\":[\"https:\/\/portalhj.com\/termos-de-uso\/\"]}]},{\"@type\":\"BreadcrumbList\",\"@id\":\"https:\/\/portalhj.com\/termos-de-uso\/#breadcrumb\",\"itemListElement\":[{\"@type\":\"ListItem\",\"position\":1,\"name\":\"In\u00edcio\",\"item\":\"https:\/\/portalhj.com\/\"},{\"@type\":\"ListItem\",\"position\":2,\"name\":\"Termos de Uso\"}]},{\"@type\":\"WebSite\",\"@id\":\"https:\/\/portalhj.com\/#website\",\"url\":\"https:\/\/portalhj.com\/\",\"name\":\"Portal\",\"description\":\"Portal Informa\u00e7\u00e3o!\",\"potentialAction\":[{\"@type\":\"SearchAction\",\"target\":{\"@type\":\"EntryPoint\",\"urlTemplate\":\"https:\/\/portalhj.com\/?s={search_term_string}\"},\"query-input\":{\"@type\":\"PropertyValueSpecification\",\"valueRequired\":true,\"valueName\":\"search_term_string\"}}],\"inLanguage\":\"cs\"}]}<\/script>\n<!-- \/ Yoast SEO plugin. -->","yoast_head_json":{"title":"Podm\u00ednky pou\u017eit\u00ed \u2013 Port\u00e1l","robots":{"index":"index","follow":"follow","max-snippet":"max-snippet:-1","max-image-preview":"max-image-preview:large","max-video-preview":"max-video-preview:-1"},"canonical":"https:\/\/portalhj.com\/cs\/podminky-pouziti\/","og_locale":"cs_CZ","og_type":"article","og_title":"Termos de Uso - Portal","og_description":"Se voc\u00ea continuar navegando e usando este site, concorda em cumprir e ficar vinculado aos seguintes termos e condi\u00e7\u00f5es de uso, que, juntamente com nossa pol\u00edtica de privacidade, regem o relacionamento do Portal Hoje com voc\u00ea. Se voc\u00ea discordar de qualquer parte destes termos e condi\u00e7\u00f5es, n\u00e3o use nosso site. O uso deste site est\u00e1 [&hellip;]","og_url":"https:\/\/portalhj.com\/cs\/podminky-pouziti\/","og_site_name":"Portal","article_modified_time":"2022-10-27T15:22:13+00:00","twitter_card":"summary_large_image","twitter_misc":{"Odhadovan\u00e1 doba \u010dten\u00ed":"1 minuta"},"schema":{"@context":"https:\/\/schema.org","@graph":[{"@type":"WebPage","@id":"https:\/\/portalhj.com\/termos-de-uso\/","url":"https:\/\/portalhj.com\/termos-de-uso\/","name":"Podm\u00ednky pou\u017eit\u00ed \u2013 Port\u00e1l","isPartOf":{"@id":"https:\/\/portalhj.com\/#website"},"datePublished":"2022-08-17T02:32:01+00:00","dateModified":"2022-10-27T15:22:13+00:00","breadcrumb":{"@id":"https:\/\/portalhj.com\/termos-de-uso\/#breadcrumb"},"inLanguage":"cs","potentialAction":[{"@type":"ReadAction","target":["https:\/\/portalhj.com\/termos-de-uso\/"]}]},{"@type":"BreadcrumbList","@id":"https:\/\/portalhj.com\/termos-de-uso\/#breadcrumb","itemListElement":[{"@type":"ListItem","position":1,"name":"In\u00edcio","item":"https:\/\/portalhj.com\/"},{"@type":"ListItem","position":2,"name":"Termos de Uso"}]},{"@type":"WebSite","@id":"https:\/\/portalhj.com\/#website","url":"https:\/\/portalhj.com\/","name":"Port\u00e1l","description":"Informa\u010dn\u00ed port\u00e1l!","potentialAction":[{"@type":"SearchAction","target":{"@type":"EntryPoint","urlTemplate":"https:\/\/portalhj.com\/?s={search_term_string}"},"query-input":{"@type":"PropertyValueSpecification","valueRequired":true,"valueName":"search_term_string"}}],"inLanguage":"cs"}]}},"_links":{"self":[{"href":"https:\/\/portalhj.com\/cs\/wp-json\/wp\/v2\/pages\/328","targetHints":{"allow":["GET"]}}],"collection":[{"href":"https:\/\/portalhj.com\/cs\/wp-json\/wp\/v2\/pages"}],"about":[{"href":"https:\/\/portalhj.com\/cs\/wp-json\/wp\/v2\/types\/page"}],"author":[{"embeddable":true,"href":"https:\/\/portalhj.com\/cs\/wp-json\/wp\/v2\/users\/1"}],"replies":[{"embeddable":true,"href":"https:\/\/portalhj.com\/cs\/wp-json\/wp\/v2\/comments?post=328"}],"version-history":[{"count":0,"href":"https:\/\/portalhj.com\/cs\/wp-json\/wp\/v2\/pages\/328\/revisions"}],"wp:attachment":[{"href":"https:\/\/portalhj.com\/cs\/wp-json\/wp\/v2\/media?parent=328"}],"curies":[{"name":"wp","href":"https:\/\/api.w.org\/{rel}","templated":true}]}}