{"id":326,"date":"2022-08-17T02:29:43","date_gmt":"2022-08-17T02:29:43","guid":{"rendered":"https:\/\/portalhj.com\/?page_id=326"},"modified":"2023-06-28T02:36:03","modified_gmt":"2023-06-28T02:36:03","slug":"zasady-ochrany-osobnich-udaju","status":"publish","type":"page","link":"https:\/\/portalhj.com\/cs\/zasady-ochrany-osobnich-udaju\/","title":{"rendered":"Z\u00e1sady ochrany osobn\u00edch \u00fadaj\u016f"},"content":{"rendered":"<p>Port\u00e1l Hoje m\u00e1 maxim\u00e1ln\u00ed odpov\u011bdnost za p\u00e9\u010di o va\u0161e data. Na t\u00e9to str\u00e1nce proto m\u016f\u017eete naj\u00edt v\u0161e, co pot\u0159ebujete v\u011bd\u011bt o z\u00e1sad\u00e1ch ochrany osobn\u00edch \u00fadaj\u016f a soubor\u016f cookie.<\/p>\n<p>Je d\u016fle\u017eit\u00e9, abyste si pozorn\u011b p\u0159e\u010detli v\u0161echny body uveden\u00e9 na t\u00e9to str\u00e1nce. Pokud s n\u011bkter\u00fdm bodem nesouhlas\u00edte, tyto str\u00e1nky nepou\u017e\u00edv\u00e1m.<\/p>\n<p>Nebudeme pou\u017e\u00edvat ani sd\u00edlet va\u0161e informace s nik\u00fdm jin\u00fdm, ne\u017e je pops\u00e1no v t\u011bchto Z\u00e1sad\u00e1ch ochrany osobn\u00edch \u00fadaj\u016f.<\/p>\n<h3>Personalizovan\u00e1 reklama<\/h3>\n<p>U\u017eivatel\u00e9 se mohou odhl\u00e1sit z personalizovan\u00e9 reklamy n\u00e1v\u0161t\u011bvou str\u00e1nky <a href=\"https:\/\/adssettings.google.com\/authenticated\">Nastaven\u00ed reklam<\/a>. P\u0159\u00edpadn\u011b m\u016f\u017eete u\u017eivatele nasm\u011brovat na p\u0159\u00edstup k webu <a href=\"https:\/\/optout.aboutads.info\/?c=2&amp;lang=ES\">www.aboutads.info<\/a> zak\u00e1zat pou\u017e\u00edv\u00e1n\u00ed personalizovan\u00fdch reklamn\u00edch cookies t\u0159et\u00edch stran.<\/p>\n<h3>Shroma\u017e\u010fov\u00e1n\u00ed a pou\u017e\u00edv\u00e1n\u00ed informac\u00ed<\/h3>\n<p>P\u0159i pou\u017e\u00edv\u00e1n\u00ed webu m\u016f\u017eete b\u00fdt po\u017e\u00e1d\u00e1ni o vypln\u011bn\u00ed n\u011bkter\u00fdch osobn\u00edch \u00fadaj\u016f o sob\u011b. M\u016f\u017ee to b\u00fdt va\u0161e jm\u00e9no, telefonn\u00ed \u010d\u00edslo a adresa. Nebudou pou\u017eity k ni\u010demu jin\u00e9mu ne\u017e k tomu, abychom v\u00e1s kontaktovali nebo identifikovali va\u0161e preference pou\u017e\u00edv\u00e1n\u00ed p\u0159i proch\u00e1zen\u00ed webu.<\/p>\n<h3>Soubory cookie<\/h3>\n<p>Cookies jsou soubory, kter\u00e9 obsahuj\u00ed mal\u00e9 sady dat (nap\u0159\u00edklad u\u017eivatelsk\u00e9 jm\u00e9no a heslo) vym\u011b\u0148ovan\u00e9 mezi po\u010d\u00edta\u010dem u\u017eivatele a webov\u00fdm serverem za \u00fa\u010delem identifikace ur\u010dit\u00fdch u\u017eivatel\u016f a zlep\u0161en\u00ed jejich proch\u00e1zen\u00ed.<\/p>\n<p>Soubory cookie nap\u0159\u00edklad umo\u017e\u0148uj\u00ed web\u016fm rozpoznat u\u017eivatele a zapamatovat si jejich p\u0159ihla\u0161ovac\u00ed \u00fadaje a preference.<\/p>\n<p>Soubory cookie se generuj\u00ed, kdy\u017e u\u017eivatel\u00e9 nav\u0161t\u00edv\u00ed novou webovou str\u00e1nku.<\/p>\n<p>Pokud se rozhodnete odm\u00edtnout na\u0161e soubory cookie, mo\u017en\u00e1 nebudete moci pou\u017e\u00edvat n\u011bkter\u00e9 \u010d\u00e1sti na\u0161ich webov\u00fdch str\u00e1nek.<\/p>\n<h3>Odkazy na jin\u00e9 webov\u00e9 str\u00e1nky<\/h3>\n<p>V cel\u00e9m obsahu m\u016f\u017eete naj\u00edt odkazy na jin\u00e9 webov\u00e9 str\u00e1nky. Jedn\u00e1 se o webov\u00e9 str\u00e1nky t\u0159et\u00edch stran, kter\u00e9 maj\u00ed dopl\u0148kov\u00fd obsah k tomu, co \u010dtete.<\/p>\n<p>Kdy\u017e kliknete na jeden z t\u011bchto odkaz\u016f, m\u016f\u017eete b\u00fdt p\u0159esm\u011brov\u00e1ni na jinou webovou str\u00e1nku. Nejsme zodpov\u011bdn\u00ed za pou\u017eit\u00ed \u00fadaj\u016f z t\u00e9to webov\u00e9 str\u00e1nky t\u0159et\u00ed strany.<\/p>\n<p>Pokud tedy chcete maxim\u00e1ln\u00ed zabezpe\u010den\u00ed, ur\u010dit\u011b si p\u0159e\u010dt\u011bte Z\u00e1sady ochrany osobn\u00edch \u00fadaj\u016f t\u011bchto str\u00e1nek.<\/p>\n<h3>Zm\u011bny t\u011bchto z\u00e1sad ochrany osobn\u00edch \u00fadaj\u016f<\/h3>\n<p>Je d\u016fle\u017eit\u00e9, abyste v\u011bd\u011bli, \u017ee tyto Z\u00e1sady ochrany osobn\u00edch \u00fadaj\u016f se mohou kdykoli zm\u011bnit. Proto je vhodn\u00e9, abyste tuto str\u00e1nku nav\u0161t\u011bvovali \u010dast\u011bji, abyste si potvrdili, \u017ee je v\u0161e st\u00e1le p\u0159i star\u00e9m.<\/p>\n<p>M\u00e1te-li jak\u00e9koli dotazy nebo n\u00e1vrhy t\u00fdkaj\u00edc\u00ed se na\u0161ich Z\u00e1sad ochrany osobn\u00edch \u00fadaj\u016f, nev\u00e1hejte n\u00e1s kontaktovat.<\/p>","protected":false},"excerpt":{"rendered":"<p>O Portal Hoje tem m\u00e1ximo responsabilidade em cuidar dos seus dados. Por isso, nessa p\u00e1gina, voc\u00ea poder\u00e1 encontrar tudo o que precisa saber sobre a pol\u00edtica de privacidade e cookies. \u00c9 importante que voc\u00ea leia com aten\u00e7\u00e3o todos os pontos citados nessa p\u00e1gina. Caso voc\u00ea n\u00e3o esteja de acordo com algum ponto, n\u00e3o fa\u00e7o uso [&hellip;]<\/p>","protected":false},"author":1,"featured_media":0,"parent":0,"menu_order":0,"comment_status":"closed","ping_status":"closed","template":"","meta":{"footnotes":""},"class_list":["post-326","page","type-page","status-publish"],"yoast_head":"<!-- This site is optimized with the Yoast SEO plugin v26.4 - https:\/\/yoast.com\/wordpress\/plugins\/seo\/ -->\n<title>Pol\u00edtica de Privacidade - Portal<\/title>\n<meta name=\"robots\" content=\"index, follow, max-snippet:-1, max-image-preview:large, max-video-preview:-1\" \/>\n<link rel=\"canonical\" href=\"https:\/\/portalhj.com\/cs\/zasady-ochrany-osobnich-udaju\/\" \/>\n<meta property=\"og:locale\" content=\"cs_CZ\" \/>\n<meta property=\"og:type\" content=\"article\" \/>\n<meta property=\"og:title\" content=\"Pol\u00edtica de Privacidade - Portal\" \/>\n<meta property=\"og:description\" content=\"O Portal Hoje tem m\u00e1ximo responsabilidade em cuidar dos seus dados. Por isso, nessa p\u00e1gina, voc\u00ea poder\u00e1 encontrar tudo o que precisa saber sobre a pol\u00edtica de privacidade e cookies. \u00c9 importante que voc\u00ea leia com aten\u00e7\u00e3o todos os pontos citados nessa p\u00e1gina. Caso voc\u00ea n\u00e3o esteja de acordo com algum ponto, n\u00e3o fa\u00e7o uso [&hellip;]\" \/>\n<meta property=\"og:url\" content=\"https:\/\/portalhj.com\/cs\/zasady-ochrany-osobnich-udaju\/\" \/>\n<meta property=\"og:site_name\" content=\"Portal\" \/>\n<meta property=\"article:modified_time\" content=\"2023-06-28T02:36:03+00:00\" \/>\n<meta name=\"twitter:card\" content=\"summary_large_image\" \/>\n<meta name=\"twitter:label1\" content=\"Odhadovan\u00e1 doba \u010dten\u00ed\" \/>\n\t<meta name=\"twitter:data1\" content=\"3 minuty\" \/>\n<script type=\"application\/ld+json\" class=\"yoast-schema-graph\">{\"@context\":\"https:\/\/schema.org\",\"@graph\":[{\"@type\":\"WebPage\",\"@id\":\"https:\/\/portalhj.com\/politica-de-privacidade\/\",\"url\":\"https:\/\/portalhj.com\/politica-de-privacidade\/\",\"name\":\"Pol\u00edtica de Privacidade - Portal\",\"isPartOf\":{\"@id\":\"https:\/\/portalhj.com\/#website\"},\"datePublished\":\"2022-08-17T02:29:43+00:00\",\"dateModified\":\"2023-06-28T02:36:03+00:00\",\"breadcrumb\":{\"@id\":\"https:\/\/portalhj.com\/politica-de-privacidade\/#breadcrumb\"},\"inLanguage\":\"cs\",\"potentialAction\":[{\"@type\":\"ReadAction\",\"target\":[\"https:\/\/portalhj.com\/politica-de-privacidade\/\"]}]},{\"@type\":\"BreadcrumbList\",\"@id\":\"https:\/\/portalhj.com\/politica-de-privacidade\/#breadcrumb\",\"itemListElement\":[{\"@type\":\"ListItem\",\"position\":1,\"name\":\"In\u00edcio\",\"item\":\"https:\/\/portalhj.com\/\"},{\"@type\":\"ListItem\",\"position\":2,\"name\":\"Pol\u00edtica de Privacidade\"}]},{\"@type\":\"WebSite\",\"@id\":\"https:\/\/portalhj.com\/#website\",\"url\":\"https:\/\/portalhj.com\/\",\"name\":\"Portal\",\"description\":\"Portal Informa\u00e7\u00e3o!\",\"potentialAction\":[{\"@type\":\"SearchAction\",\"target\":{\"@type\":\"EntryPoint\",\"urlTemplate\":\"https:\/\/portalhj.com\/?s={search_term_string}\"},\"query-input\":{\"@type\":\"PropertyValueSpecification\",\"valueRequired\":true,\"valueName\":\"search_term_string\"}}],\"inLanguage\":\"cs\"}]}<\/script>\n<!-- \/ Yoast SEO plugin. -->","yoast_head_json":{"title":"Z\u00e1sady ochrany osobn\u00edch \u00fadaj\u016f \u2013 Port\u00e1l","robots":{"index":"index","follow":"follow","max-snippet":"max-snippet:-1","max-image-preview":"max-image-preview:large","max-video-preview":"max-video-preview:-1"},"canonical":"https:\/\/portalhj.com\/cs\/zasady-ochrany-osobnich-udaju\/","og_locale":"cs_CZ","og_type":"article","og_title":"Pol\u00edtica de Privacidade - Portal","og_description":"O Portal Hoje tem m\u00e1ximo responsabilidade em cuidar dos seus dados. Por isso, nessa p\u00e1gina, voc\u00ea poder\u00e1 encontrar tudo o que precisa saber sobre a pol\u00edtica de privacidade e cookies. \u00c9 importante que voc\u00ea leia com aten\u00e7\u00e3o todos os pontos citados nessa p\u00e1gina. Caso voc\u00ea n\u00e3o esteja de acordo com algum ponto, n\u00e3o fa\u00e7o uso [&hellip;]","og_url":"https:\/\/portalhj.com\/cs\/zasady-ochrany-osobnich-udaju\/","og_site_name":"Portal","article_modified_time":"2023-06-28T02:36:03+00:00","twitter_card":"summary_large_image","twitter_misc":{"Odhadovan\u00e1 doba \u010dten\u00ed":"3 minuty"},"schema":{"@context":"https:\/\/schema.org","@graph":[{"@type":"WebPage","@id":"https:\/\/portalhj.com\/politica-de-privacidade\/","url":"https:\/\/portalhj.com\/politica-de-privacidade\/","name":"Z\u00e1sady ochrany osobn\u00edch \u00fadaj\u016f \u2013 Port\u00e1l","isPartOf":{"@id":"https:\/\/portalhj.com\/#website"},"datePublished":"2022-08-17T02:29:43+00:00","dateModified":"2023-06-28T02:36:03+00:00","breadcrumb":{"@id":"https:\/\/portalhj.com\/politica-de-privacidade\/#breadcrumb"},"inLanguage":"cs","potentialAction":[{"@type":"ReadAction","target":["https:\/\/portalhj.com\/politica-de-privacidade\/"]}]},{"@type":"BreadcrumbList","@id":"https:\/\/portalhj.com\/politica-de-privacidade\/#breadcrumb","itemListElement":[{"@type":"ListItem","position":1,"name":"In\u00edcio","item":"https:\/\/portalhj.com\/"},{"@type":"ListItem","position":2,"name":"Pol\u00edtica de Privacidade"}]},{"@type":"WebSite","@id":"https:\/\/portalhj.com\/#website","url":"https:\/\/portalhj.com\/","name":"Port\u00e1l","description":"Informa\u010dn\u00ed port\u00e1l!","potentialAction":[{"@type":"SearchAction","target":{"@type":"EntryPoint","urlTemplate":"https:\/\/portalhj.com\/?s={search_term_string}"},"query-input":{"@type":"PropertyValueSpecification","valueRequired":true,"valueName":"search_term_string"}}],"inLanguage":"cs"}]}},"_links":{"self":[{"href":"https:\/\/portalhj.com\/cs\/wp-json\/wp\/v2\/pages\/326","targetHints":{"allow":["GET"]}}],"collection":[{"href":"https:\/\/portalhj.com\/cs\/wp-json\/wp\/v2\/pages"}],"about":[{"href":"https:\/\/portalhj.com\/cs\/wp-json\/wp\/v2\/types\/page"}],"author":[{"embeddable":true,"href":"https:\/\/portalhj.com\/cs\/wp-json\/wp\/v2\/users\/1"}],"replies":[{"embeddable":true,"href":"https:\/\/portalhj.com\/cs\/wp-json\/wp\/v2\/comments?post=326"}],"version-history":[{"count":1,"href":"https:\/\/portalhj.com\/cs\/wp-json\/wp\/v2\/pages\/326\/revisions"}],"predecessor-version":[{"id":3355,"href":"https:\/\/portalhj.com\/cs\/wp-json\/wp\/v2\/pages\/326\/revisions\/3355"}],"wp:attachment":[{"href":"https:\/\/portalhj.com\/cs\/wp-json\/wp\/v2\/media?parent=326"}],"curies":[{"name":"wp","href":"https:\/\/api.w.org\/{rel}","templated":true}]}}